{"id":45,"date":"2023-07-19T11:47:46","date_gmt":"2023-07-19T09:47:46","guid":{"rendered":"http:\/\/soleil-levant-asso.fr\/\/?page_id=45"},"modified":"2024-05-09T11:18:51","modified_gmt":"2024-05-09T09:18:51","slug":"activite-3","status":"publish","type":"page","link":"https:\/\/soleil-levant-asso.fr\/?page_id=45","title":{"rendered":"Jeux de soci\u00e9t\u00e9"},"content":{"rendered":"\n<p><\/p>\n\n\n\n<p><\/p>\n\n\n\n<div class=\"wp-block-columns is-layout-flex wp-container-3\">\n<div class=\"wp-block-column is-layout-flow\" style=\"flex-basis:66.66%\">\n<p>Tu joues aux jeux de soci\u00e9t\u00e9 (plateaux, cartes, logique, de pions, d\u2019ambiance, etc.) ?<\/p>\n\n\n\n<p><\/p>\n\n\n\n<p>Tu aimes <strong>(ou tu veux d\u00e9couvrir)<\/strong> la culture nippone ?<\/p>\n\n\n\n<p>Tu recherches des gens sympathiques pour jouer et <strong>(re)d\u00e9couvrir<\/strong> les jeux de soci\u00e9t\u00e9 traditionnels japonais ?<\/p>\n\n\n\n<p>Alors tu es au bon endroit \ud83d\ude01 !<\/p>\n\n\n\n<p><\/p>\n\n\n\n<p>Que tu soies novice ou joueur chevronn\u00e9, rejoins-nous et viens jouer dans un espace convivial  dans la bonne humeur et l&rsquo;entraide (quand le jeu le permet \ud83d\udc79\ud83d\ude08) ! <\/p>\n\n\n\n<hr class=\"wp-block-separator has-alpha-channel-opacity\"\/>\n\n\n\n<p>Notre ludoth\u00e8que se construit au fur et \u00e0 mesure, et elle n\u2019attends plus que toi pour s\u2019agrandir et tester ces jeux \ud83d\ude09<\/p>\n\n\n\n<ul>\n<li style=\"font-size:15px\">Sensei<\/li>\n\n\n\n<li style=\"font-size:15px\">Yokai No Mori<\/li>\n\n\n\n<li style=\"font-size:15px\">Tokaido<\/li>\n\n\n\n<li style=\"font-size:15px\">Goita<\/li>\n\n\n\n<li style=\"font-size:15px\">jeux de GO<\/li>\n\n\n\n<li style=\"font-size:15px\">etc.<\/li>\n<\/ul>\n\n\n\n<hr class=\"wp-block-separator has-alpha-channel-opacity\"\/>\n<\/div>\n\n\n\n<div class=\"wp-block-column is-layout-flow\" style=\"flex-basis:33.33%\">\n<figure class=\"wp-block-image size-large\"><img decoding=\"async\" loading=\"lazy\" width=\"1024\" height=\"1024\" src=\"http:\/\/soleil-levant-asso.fr\/wp-content\/uploads\/2023\/08\/Jeux-gris-1024x1024.png\" alt=\"\" class=\"wp-image-2190\" srcset=\"https:\/\/soleil-levant-asso.fr\/wp-content\/uploads\/2023\/08\/Jeux-gris-1024x1024.png 1024w, https:\/\/soleil-levant-asso.fr\/wp-content\/uploads\/2023\/08\/Jeux-gris-300x300.png 300w, https:\/\/soleil-levant-asso.fr\/wp-content\/uploads\/2023\/08\/Jeux-gris-150x150.png 150w, https:\/\/soleil-levant-asso.fr\/wp-content\/uploads\/2023\/08\/Jeux-gris-768x768.png 768w, https:\/\/soleil-levant-asso.fr\/wp-content\/uploads\/2023\/08\/Jeux-gris-230x230.png 230w, https:\/\/soleil-levant-asso.fr\/wp-content\/uploads\/2023\/08\/Jeux-gris-330x330.png 330w, https:\/\/soleil-levant-asso.fr\/wp-content\/uploads\/2023\/08\/Jeux-gris.png 1080w\" sizes=\"(max-width: 1024px) 100vw, 1024px\" \/><\/figure>\n<\/div>\n<\/div>\n\n\n\n<figure class=\"wp-block-gallery has-nested-images columns-6 is-cropped wp-block-gallery-4 is-layout-flex\">\n<figure class=\"wp-block-image size-large\"><img decoding=\"async\" loading=\"lazy\" width=\"768\" height=\"1024\" data-id=\"3182\"  src=\"https:\/\/soleil-levant-asso.fr\/wp-content\/uploads\/2024\/05\/mardiIMG20240206202106-768x1024.webp\" alt=\"\" class=\"wp-image-3182\" srcset=\"https:\/\/soleil-levant-asso.fr\/wp-content\/uploads\/2024\/05\/mardiIMG20240206202106-768x1024.webp 768w, https:\/\/soleil-levant-asso.fr\/wp-content\/uploads\/2024\/05\/mardiIMG20240206202106-225x300.webp 225w, https:\/\/soleil-levant-asso.fr\/wp-content\/uploads\/2024\/05\/mardiIMG20240206202106.webp 906w\" sizes=\"(max-width: 768px) 100vw, 768px\" \/><\/figure>\n\n\n\n<figure class=\"wp-block-image size-large\"><img decoding=\"async\" loading=\"lazy\" width=\"1024\" height=\"768\" data-id=\"3176\"  src=\"https:\/\/soleil-levant-asso.fr\/wp-content\/uploads\/2024\/05\/mardi-IMG20231121202304-1024x768.webp\" alt=\"\" class=\"wp-image-3176\" srcset=\"https:\/\/soleil-levant-asso.fr\/wp-content\/uploads\/2024\/05\/mardi-IMG20231121202304-1024x768.webp 1024w, https:\/\/soleil-levant-asso.fr\/wp-content\/uploads\/2024\/05\/mardi-IMG20231121202304-300x225.webp 300w, https:\/\/soleil-levant-asso.fr\/wp-content\/uploads\/2024\/05\/mardi-IMG20231121202304-768x576.webp 768w, https:\/\/soleil-levant-asso.fr\/wp-content\/uploads\/2024\/05\/mardi-IMG20231121202304-1536x1152.webp 1536w, https:\/\/soleil-levant-asso.fr\/wp-content\/uploads\/2024\/05\/mardi-IMG20231121202304.webp 1610w\" sizes=\"(max-width: 1024px) 100vw, 1024px\" \/><\/figure>\n\n\n\n<figure class=\"wp-block-image size-large\"><img decoding=\"async\" loading=\"lazy\" width=\"768\" height=\"1024\" data-id=\"2871\"  src=\"https:\/\/soleil-levant-asso.fr\/wp-content\/uploads\/2024\/05\/deux-jours-en-jeu_rn_image_picker_lib_temp_ebaed366-0633-478f-bea3-72a1c75d07d0-768x1024.webp\" alt=\"\" class=\"wp-image-2871\" srcset=\"https:\/\/soleil-levant-asso.fr\/wp-content\/uploads\/2024\/05\/deux-jours-en-jeu_rn_image_picker_lib_temp_ebaed366-0633-478f-bea3-72a1c75d07d0-768x1024.webp 768w, https:\/\/soleil-levant-asso.fr\/wp-content\/uploads\/2024\/05\/deux-jours-en-jeu_rn_image_picker_lib_temp_ebaed366-0633-478f-bea3-72a1c75d07d0-225x300.webp 225w, https:\/\/soleil-levant-asso.fr\/wp-content\/uploads\/2024\/05\/deux-jours-en-jeu_rn_image_picker_lib_temp_ebaed366-0633-478f-bea3-72a1c75d07d0.webp 906w\" sizes=\"(max-width: 768px) 100vw, 768px\" \/><\/figure>\n\n\n\n<figure class=\"wp-block-image size-large\"><img decoding=\"async\" loading=\"lazy\" width=\"1024\" height=\"768\" data-id=\"3098\"  src=\"https:\/\/soleil-levant-asso.fr\/wp-content\/uploads\/2024\/05\/kodomo1000163-1024x768.webp\" alt=\"\" class=\"wp-image-3098\" srcset=\"https:\/\/soleil-levant-asso.fr\/wp-content\/uploads\/2024\/05\/kodomo1000163-1024x768.webp 1024w, https:\/\/soleil-levant-asso.fr\/wp-content\/uploads\/2024\/05\/kodomo1000163-300x225.webp 300w, https:\/\/soleil-levant-asso.fr\/wp-content\/uploads\/2024\/05\/kodomo1000163-768x576.webp 768w, https:\/\/soleil-levant-asso.fr\/wp-content\/uploads\/2024\/05\/kodomo1000163-1536x1152.webp 1536w, https:\/\/soleil-levant-asso.fr\/wp-content\/uploads\/2024\/05\/kodomo1000163.webp 1610w\" sizes=\"(max-width: 1024px) 100vw, 1024px\" \/><\/figure>\n\n\n\n<figure class=\"wp-block-image size-large\"><img decoding=\"async\" loading=\"lazy\" width=\"1024\" height=\"768\" data-id=\"3179\"  src=\"https:\/\/soleil-levant-asso.fr\/wp-content\/uploads\/2024\/05\/mardi-IMG20240220202049-1024x768.webp\" alt=\"\" class=\"wp-image-3179\" srcset=\"https:\/\/soleil-levant-asso.fr\/wp-content\/uploads\/2024\/05\/mardi-IMG20240220202049-1024x768.webp 1024w, https:\/\/soleil-levant-asso.fr\/wp-content\/uploads\/2024\/05\/mardi-IMG20240220202049-300x225.webp 300w, https:\/\/soleil-levant-asso.fr\/wp-content\/uploads\/2024\/05\/mardi-IMG20240220202049-768x576.webp 768w, https:\/\/soleil-levant-asso.fr\/wp-content\/uploads\/2024\/05\/mardi-IMG20240220202049-1536x1152.webp 1536w, https:\/\/soleil-levant-asso.fr\/wp-content\/uploads\/2024\/05\/mardi-IMG20240220202049.webp 1610w\" sizes=\"(max-width: 1024px) 100vw, 1024px\" \/><\/figure>\n\n\n\n<figure class=\"wp-block-image size-large\"><img decoding=\"async\" loading=\"lazy\" width=\"768\" height=\"1024\" data-id=\"3104\"  src=\"https:\/\/soleil-levant-asso.fr\/wp-content\/uploads\/2024\/05\/kodomoIMG_20240505_110907-768x1024.webp\" alt=\"\" class=\"wp-image-3104\" srcset=\"https:\/\/soleil-levant-asso.fr\/wp-content\/uploads\/2024\/05\/kodomoIMG_20240505_110907-768x1024.webp 768w, https:\/\/soleil-levant-asso.fr\/wp-content\/uploads\/2024\/05\/kodomoIMG_20240505_110907-225x300.webp 225w, https:\/\/soleil-levant-asso.fr\/wp-content\/uploads\/2024\/05\/kodomoIMG_20240505_110907.webp 864w\" sizes=\"(max-width: 768px) 100vw, 768px\" \/><\/figure>\n\n\n\n<figure class=\"wp-block-image size-large\"><img decoding=\"async\" loading=\"lazy\" width=\"1024\" height=\"768\" data-id=\"2926\"  src=\"https:\/\/soleil-levant-asso.fr\/wp-content\/uploads\/2024\/05\/japangames-IMG20240127160101-1024x768.webp\" alt=\"\" class=\"wp-image-2926\" srcset=\"https:\/\/soleil-levant-asso.fr\/wp-content\/uploads\/2024\/05\/japangames-IMG20240127160101-1024x768.webp 1024w, https:\/\/soleil-levant-asso.fr\/wp-content\/uploads\/2024\/05\/japangames-IMG20240127160101-300x225.webp 300w, https:\/\/soleil-levant-asso.fr\/wp-content\/uploads\/2024\/05\/japangames-IMG20240127160101-768x576.webp 768w, https:\/\/soleil-levant-asso.fr\/wp-content\/uploads\/2024\/05\/japangames-IMG20240127160101-1536x1152.webp 1536w, https:\/\/soleil-levant-asso.fr\/wp-content\/uploads\/2024\/05\/japangames-IMG20240127160101.webp 1610w\" sizes=\"(max-width: 1024px) 100vw, 1024px\" \/><\/figure>\n\n\n\n<figure class=\"wp-block-image size-large\"><img decoding=\"async\" loading=\"lazy\" width=\"1024\" height=\"768\" data-id=\"3187\"  src=\"https:\/\/soleil-levant-asso.fr\/wp-content\/uploads\/2024\/05\/mardiIMG20240213202125-1024x768.webp\" alt=\"\" class=\"wp-image-3187\" srcset=\"https:\/\/soleil-levant-asso.fr\/wp-content\/uploads\/2024\/05\/mardiIMG20240213202125-1024x768.webp 1024w, https:\/\/soleil-levant-asso.fr\/wp-content\/uploads\/2024\/05\/mardiIMG20240213202125-300x225.webp 300w, https:\/\/soleil-levant-asso.fr\/wp-content\/uploads\/2024\/05\/mardiIMG20240213202125-768x576.webp 768w, https:\/\/soleil-levant-asso.fr\/wp-content\/uploads\/2024\/05\/mardiIMG20240213202125-1536x1152.webp 1536w, https:\/\/soleil-levant-asso.fr\/wp-content\/uploads\/2024\/05\/mardiIMG20240213202125.webp 1610w\" sizes=\"(max-width: 1024px) 100vw, 1024px\" \/><\/figure>\n\n\n\n<figure class=\"wp-block-image size-large\"><img decoding=\"async\" loading=\"lazy\" width=\"1024\" height=\"768\" data-id=\"3030\"  src=\"https:\/\/soleil-levant-asso.fr\/wp-content\/uploads\/2024\/05\/angersgeekfestIMG20240406105659-1024x768.webp\" alt=\"\" class=\"wp-image-3030\" srcset=\"https:\/\/soleil-levant-asso.fr\/wp-content\/uploads\/2024\/05\/angersgeekfestIMG20240406105659-1024x768.webp 1024w, https:\/\/soleil-levant-asso.fr\/wp-content\/uploads\/2024\/05\/angersgeekfestIMG20240406105659-300x225.webp 300w, https:\/\/soleil-levant-asso.fr\/wp-content\/uploads\/2024\/05\/angersgeekfestIMG20240406105659-768x576.webp 768w, https:\/\/soleil-levant-asso.fr\/wp-content\/uploads\/2024\/05\/angersgeekfestIMG20240406105659-1536x1152.webp 1536w, https:\/\/soleil-levant-asso.fr\/wp-content\/uploads\/2024\/05\/angersgeekfestIMG20240406105659.webp 1610w\" sizes=\"(max-width: 1024px) 100vw, 1024px\" \/><\/figure>\n\n\n\n<figure class=\"wp-block-image size-large\"><img decoding=\"async\" loading=\"lazy\" width=\"1024\" height=\"768\" data-id=\"3186\"  src=\"https:\/\/soleil-levant-asso.fr\/wp-content\/uploads\/2024\/05\/mardiIMG20240213202122-1024x768.webp\" alt=\"\" class=\"wp-image-3186\" srcset=\"https:\/\/soleil-levant-asso.fr\/wp-content\/uploads\/2024\/05\/mardiIMG20240213202122-1024x768.webp 1024w, https:\/\/soleil-levant-asso.fr\/wp-content\/uploads\/2024\/05\/mardiIMG20240213202122-300x225.webp 300w, https:\/\/soleil-levant-asso.fr\/wp-content\/uploads\/2024\/05\/mardiIMG20240213202122-768x576.webp 768w, https:\/\/soleil-levant-asso.fr\/wp-content\/uploads\/2024\/05\/mardiIMG20240213202122-1536x1152.webp 1536w, https:\/\/soleil-levant-asso.fr\/wp-content\/uploads\/2024\/05\/mardiIMG20240213202122.webp 1610w\" sizes=\"(max-width: 1024px) 100vw, 1024px\" \/><\/figure>\n\n\n\n<figure class=\"wp-block-image size-large\"><img decoding=\"async\" loading=\"lazy\" width=\"1024\" height=\"768\" data-id=\"3013\"  src=\"https:\/\/soleil-levant-asso.fr\/wp-content\/uploads\/2024\/05\/angersgeekfestIMG_1511-1024x768.webp\" alt=\"\" class=\"wp-image-3013\" srcset=\"https:\/\/soleil-levant-asso.fr\/wp-content\/uploads\/2024\/05\/angersgeekfestIMG_1511-1024x768.webp 1024w, https:\/\/soleil-levant-asso.fr\/wp-content\/uploads\/2024\/05\/angersgeekfestIMG_1511-300x225.webp 300w, https:\/\/soleil-levant-asso.fr\/wp-content\/uploads\/2024\/05\/angersgeekfestIMG_1511-768x576.webp 768w, https:\/\/soleil-levant-asso.fr\/wp-content\/uploads\/2024\/05\/angersgeekfestIMG_1511-1536x1152.webp 1536w, https:\/\/soleil-levant-asso.fr\/wp-content\/uploads\/2024\/05\/angersgeekfestIMG_1511.webp 1610w\" sizes=\"(max-width: 1024px) 100vw, 1024px\" \/><\/figure>\n\n\n\n<figure class=\"wp-block-image size-large\"><img decoding=\"async\" loading=\"lazy\" width=\"1024\" height=\"768\" data-id=\"3185\"  src=\"https:\/\/soleil-levant-asso.fr\/wp-content\/uploads\/2024\/05\/mardiIMG20240206202139-1024x768.webp\" alt=\"\" class=\"wp-image-3185\" srcset=\"https:\/\/soleil-levant-asso.fr\/wp-content\/uploads\/2024\/05\/mardiIMG20240206202139-1024x768.webp 1024w, https:\/\/soleil-levant-asso.fr\/wp-content\/uploads\/2024\/05\/mardiIMG20240206202139-300x225.webp 300w, https:\/\/soleil-levant-asso.fr\/wp-content\/uploads\/2024\/05\/mardiIMG20240206202139-768x576.webp 768w, https:\/\/soleil-levant-asso.fr\/wp-content\/uploads\/2024\/05\/mardiIMG20240206202139-1536x1152.webp 1536w, https:\/\/soleil-levant-asso.fr\/wp-content\/uploads\/2024\/05\/mardiIMG20240206202139.webp 1610w\" sizes=\"(max-width: 1024px) 100vw, 1024px\" \/><\/figure>\n<\/figure>\n\n\n\n<hr class=\"wp-block-separator has-alpha-channel-opacity\"\/>\n\n\n\n<div class=\"wp-block-columns is-layout-flex wp-container-9\">\n<div class=\"wp-block-column is-layout-flow\">\n<p class=\"has-text-align-center has-black-color has-text-color has-background\" style=\"background-color:#fea98c\"><strong>ACTIVITE DE SOLEIL LEVANT<\/strong><\/p>\n\n\n\n<hr class=\"wp-block-separator has-alpha-channel-opacity\"\/>\n\n\n\n<div class=\"wp-block-group is-vertical is-layout-flex wp-container-6\">\n<p>Certains mardis du mois, l&rsquo;association SOLEIL LEVANT se r\u00e9unie pour autour du jeu.   <\/p>\n\n\n\n<p>Un rendez-vous d\u00e9di\u00e9 \u00e0 l&rsquo;amusement, \u00e0 la d\u00e9couverte culturelle et o\u00f9 tu peux partager ton enthousiasme, rencontrer d&rsquo;autres amateurs de jeux de soci\u00e9t\u00e9 japonais et enrichir tes comp\u00e9tences. <\/p>\n\n\n\n<hr class=\"wp-block-separator has-alpha-channel-opacity\"\/>\n\n\n\n<p>Chaque session, nous t&rsquo;invitons \u00e0 plonger dans l&rsquo;univers ludique du Japon, o\u00f9 tradition et modernit\u00e9 se rencontrent au travers de jeux captivants.<\/p>\n\n\n\n<hr class=\"wp-block-separator has-alpha-channel-opacity\"\/>\n\n\n\n<p>Au programme, des sessions : <\/p>\n\n\n\n<ul>\n<li style=\"font-size:15px\">de jeux traditionnels tels que le Shogi et le Go<\/li>\n\n\n\n<li style=\"font-size:15px\">de jeux plus contemporains mettant en avant l&rsquo;innovation et l&rsquo;ing\u00e9niosit\u00e9 caract\u00e9ristiques de la culture ludique japonaise.<\/li>\n<\/ul>\n\n\n\n<p><\/p>\n\n\n\n<hr class=\"wp-block-separator has-alpha-channel-opacity\"\/>\n<\/div>\n<\/div>\n\n\n\n<div class=\"wp-block-column is-layout-flow\">\n<p class=\"has-text-align-center has-white-color has-text-color has-background\" style=\"background-color:#a11513\"><strong>PRESTATION<\/strong> <\/p>\n\n\n\n<hr class=\"wp-block-separator has-alpha-channel-opacity\"\/>\n\n\n\n<p>Dans le cadre d&rsquo;un \u00e9v\u00e9nement (soir\u00e9e, anniversaires, salon, etc.) nous proposons une animation autour des jeux de soci\u00e9t\u00e9.<\/p>\n\n\n\n<hr class=\"wp-block-separator has-alpha-channel-opacity\"\/>\n\n\n\n<p>C&rsquo;est l&rsquo;occasion : <\/p>\n\n\n\n<ul>\n<li style=\"font-size:15px\">Explorer un monde ludique o\u00f9 l&rsquo;ing\u00e9niosit\u00e9 rencontre la tradition, pour des moments de partage inoubliables<\/li>\n\n\n\n<li style=\"font-size:15px\">D&rsquo;offrir une immersion dans la culture japonaises<\/li>\n\n\n\n<li style=\"font-size:15px\">(Re)D\u00e9couvrir des jeux japonais qui offrent une aventure divertissante et intellectuellement stimulante.(jeux traditionnels aux cr\u00e9ations contemporaines riches en cr\u00e9ativit\u00e9) <\/li>\n\n\n\n<li style=\"font-size:15px\">D&rsquo;offrir une immersion dans la culture japonaises<\/li>\n<\/ul>\n\n\n\n<hr class=\"wp-block-separator has-alpha-channel-opacity\"\/>\n\n\n\n<p><strong>Tarif : 60\u20ac <\/strong>(tarif d\u00e9gressif selon la dur\u00e9e de l&rsquo;activit\u00e9 (+ de 4H) et\/ou le nombre d&rsquo;activit\u00e9 souhait\u00e9)<\/p>\n\n\n\n<p>Comprend : <\/p>\n\n\n\n<ul>\n<li style=\"font-size:15px\">Choix de plusieurs jeux<\/li>\n\n\n\n<li style=\"font-size:15px\">Animation <\/li>\n\n\n\n<li style=\"font-size:15px\">Dur\u00e9e : 1 \u00e0 4H<\/li>\n<\/ul>\n\n\n\n<hr class=\"wp-block-separator has-alpha-channel-opacity\"\/>\n\n\n\n<p>Pr\u00e9voir : espace pour les jeux, tables, chaises<\/p>\n\n\n\n<p>Ne comprend pas : les frais kilom\u00e9triques<\/p>\n\n\n\n<hr class=\"wp-block-separator has-alpha-channel-opacity\"\/>\n<\/div>\n<\/div>\n\n\n\n<div class=\"wp-block-buttons is-content-justification-center is-layout-flex wp-container-10\">\n<div class=\"wp-block-button\"><a class=\"wp-block-button__link wp-element-button\" href=\"https:\/\/soleil-levant-asso.fr\/?page_id=1751\">Pour en savoir plus<\/a><\/div>\n<\/div>\n","protected":false},"excerpt":{"rendered":"<p>Tu joues aux jeux de soci\u00e9t\u00e9 (plateaux, cartes, logique, de pions, d\u2019ambiance, etc.) ? Tu aimes (ou tu veux d\u00e9couvrir) la culture nippone ? Tu recherches des gens sympathiques pour jouer et (re)d\u00e9couvrir les jeux de soci\u00e9t\u00e9 traditionnels japonais ?<\/p>\n","protected":false},"author":3,"featured_media":2153,"parent":0,"menu_order":0,"comment_status":"closed","ping_status":"closed","template":"","meta":[],"_links":{"self":[{"href":"https:\/\/soleil-levant-asso.fr\/index.php?rest_route=\/wp\/v2\/pages\/45"}],"collection":[{"href":"https:\/\/soleil-levant-asso.fr\/index.php?rest_route=\/wp\/v2\/pages"}],"about":[{"href":"https:\/\/soleil-levant-asso.fr\/index.php?rest_route=\/wp\/v2\/types\/page"}],"author":[{"embeddable":true,"href":"https:\/\/soleil-levant-asso.fr\/index.php?rest_route=\/wp\/v2\/users\/3"}],"replies":[{"embeddable":true,"href":"https:\/\/soleil-levant-asso.fr\/index.php?rest_route=%2Fwp%2Fv2%2Fcomments&post=45"}],"version-history":[{"count":9,"href":"https:\/\/soleil-levant-asso.fr\/index.php?rest_route=\/wp\/v2\/pages\/45\/revisions"}],"predecessor-version":[{"id":3196,"href":"https:\/\/soleil-levant-asso.fr\/index.php?rest_route=\/wp\/v2\/pages\/45\/revisions\/3196"}],"wp:featuredmedia":[{"embeddable":true,"href":"https:\/\/soleil-levant-asso.fr\/index.php?rest_route=\/wp\/v2\/media\/2153"}],"wp:attachment":[{"href":"https:\/\/soleil-levant-asso.fr\/index.php?rest_route=%2Fwp%2Fv2%2Fmedia&parent=45"}],"curies":[{"name":"wp","href":"https:\/\/api.w.org\/{rel}","templated":true}]}}