{"id":43,"date":"2023-07-19T11:47:29","date_gmt":"2023-07-19T09:47:29","guid":{"rendered":"http:\/\/soleil-levant-asso.fr\/\/?page_id=43"},"modified":"2024-05-09T11:51:59","modified_gmt":"2024-05-09T09:51:59","slug":"activite-2","status":"publish","type":"page","link":"https:\/\/soleil-levant-asso.fr\/?page_id=43","title":{"rendered":"Club DDR"},"content":{"rendered":"\n<p><\/p>\n\n\n\n<div class=\"wp-block-columns is-layout-flex wp-container-5\">\n<div class=\"wp-block-column is-layout-flow\" style=\"flex-basis:66.66%\">\n<p><strong>Qu&rsquo;est-ce que le DDR ?<\/strong><\/p>\n\n\n\n<p>DanceDanceRevolution (DDR) est un jeu musical et de rythme qui a \u00e9merg\u00e9 au Japon en 1998 dans les salles d\u2019arcane. Cet art est une combinaison de danse et de la technologie ! <\/p>\n\n\n\n<p>C&rsquo;est un jeu de dance qui permet d&rsquo;am\u00e9liorer : la forme physique, l&rsquo;endurance, la coordination et la concentration !<\/p>\n\n\n\n<p>Un concept simple mais qui n\u00e9cessite une bonne coordination et le sens du rythme \ud83d\udc83\ud83d\udd7a<\/p>\n\n\n\n<hr class=\"wp-block-separator has-alpha-channel-opacity\"\/>\n\n\n\n<p><strong>Le principe ?<\/strong><\/p>\n\n\n\n<p>Tu as un plateforme munie de capteur de mouvement avec des touches directionnelles (haut, bas, droite, gauche) et de suivre les indications-pas affich\u00e9s \u00e0 l\u2019\u00e9cran au rythme de la musique (pop, rock, \u00e9lectro, etc.) !<\/p>\n\n\n\n<p>L&rsquo;objectif est de r\u00e9aliser des mouvements de danse parfaitement synchronis\u00e9s pour obtenir un score \u00e9lev\u00e9 (en mode solo ou multijoueur) !<\/p>\n\n\n\n<p><\/p>\n\n\n\n<hr class=\"wp-block-separator has-alpha-channel-opacity\"\/>\n\n\n\n<p><strong>Et aujourd\u2019hui ?<\/strong><\/p>\n\n\n\n<p>Lle DDR est le jeu musical le plus connu et le plus import\u00e9 dans le monde (salles d\u2019arcane ou en jeux vid\u00e9os sur diff\u00e9rentes consoles : PS2, PS3, XBOX 360, GameCube, Wii) !<\/p>\n\n\n\n<p>Le DDR \u00e9merge d\u2019ailleurs en France dans courant des ann\u00e9es 2000 et il fait sa place dans l\u2019association du Soleil Levant en 2020 gr\u00e2ce \u00e0 une collaboration avec WukiWuki (Association de jeux musicaux rennaise).<\/p>\n\n\n\n<p>Le DDR a depuis cr\u00e9\u00e9 une v\u00e9ritable communaut\u00e9 de passionn\u00e9s qui participent \u00e0 des comp\u00e9titions, des tournois et des \u00e9v\u00e9nements sp\u00e9ciales (salles d&rsquo;arcade, clubs de danse, conventions de jeux vid\u00e9o, tournois etc.) <\/p>\n\n\n\n<hr class=\"wp-block-separator has-alpha-channel-opacity\"\/>\n\n\n\n<p>Alors, pr\u00eat \u00e0 endiabler la piste ?<\/p>\n\n\n\n<p>Pour plus d&rsquo;information sur nos activit\u00e9s et nos prestations DDR, rendez-vous en bas de la page \ud83d\ude09.<\/p>\n<\/div>\n\n\n\n<div class=\"wp-block-column is-layout-flow\" style=\"flex-basis:20.33em\">\n<figure class=\"wp-block-gallery has-nested-images columns-1 is-cropped wp-block-gallery-2 is-layout-flex\">\n<figure class=\"wp-block-image size-medium is-style-default\"><img decoding=\"async\" loading=\"lazy\" width=\"300\" height=\"225\" src=\"http:\/\/soleil-levant-asso.fr\/wp-content\/uploads\/2023\/08\/DDR_Agers-geek241836023_4077278665727568_2241939774665124755_n-300x225.jpg\" alt=\"\" class=\"wp-image-2294\" srcset=\"https:\/\/soleil-levant-asso.fr\/wp-content\/uploads\/2023\/08\/DDR_Agers-geek241836023_4077278665727568_2241939774665124755_n-300x225.jpg 300w, https:\/\/soleil-levant-asso.fr\/wp-content\/uploads\/2023\/08\/DDR_Agers-geek241836023_4077278665727568_2241939774665124755_n-1024x768.jpg 1024w, https:\/\/soleil-levant-asso.fr\/wp-content\/uploads\/2023\/08\/DDR_Agers-geek241836023_4077278665727568_2241939774665124755_n-768x576.jpg 768w, https:\/\/soleil-levant-asso.fr\/wp-content\/uploads\/2023\/08\/DDR_Agers-geek241836023_4077278665727568_2241939774665124755_n-1536x1152.jpg 1536w, https:\/\/soleil-levant-asso.fr\/wp-content\/uploads\/2023\/08\/DDR_Agers-geek241836023_4077278665727568_2241939774665124755_n.jpg 1824w\" sizes=\"(max-width: 300px) 100vw, 300px\" \/><figcaption class=\"wp-element-caption\">DDR<\/figcaption><\/figure>\n\n\n\n<figure class=\"wp-block-image size-large\"><img decoding=\"async\" loading=\"lazy\" width=\"1024\" height=\"1024\" src=\"http:\/\/soleil-levant-asso.fr\/wp-content\/uploads\/2024\/02\/DDR-Fond-gris-1024x1024.png\" alt=\"\" class=\"wp-image-2826\" srcset=\"https:\/\/soleil-levant-asso.fr\/wp-content\/uploads\/2024\/02\/DDR-Fond-gris-1024x1024.png 1024w, https:\/\/soleil-levant-asso.fr\/wp-content\/uploads\/2024\/02\/DDR-Fond-gris-300x300.png 300w, https:\/\/soleil-levant-asso.fr\/wp-content\/uploads\/2024\/02\/DDR-Fond-gris-150x150.png 150w, https:\/\/soleil-levant-asso.fr\/wp-content\/uploads\/2024\/02\/DDR-Fond-gris-768x768.png 768w, https:\/\/soleil-levant-asso.fr\/wp-content\/uploads\/2024\/02\/DDR-Fond-gris-230x230.png 230w, https:\/\/soleil-levant-asso.fr\/wp-content\/uploads\/2024\/02\/DDR-Fond-gris-330x330.png 330w, https:\/\/soleil-levant-asso.fr\/wp-content\/uploads\/2024\/02\/DDR-Fond-gris.png 1080w\" sizes=\"(max-width: 1024px) 100vw, 1024px\" \/><\/figure>\n<\/figure>\n\n\n\n<hr class=\"wp-block-separator has-alpha-channel-opacity\"\/>\n<\/div>\n<\/div>\n\n\n\n<figure class=\"wp-block-gallery has-nested-images columns-5 is-cropped wp-block-gallery-6 is-layout-flex\">\n<figure class=\"wp-block-image size-medium\"><img decoding=\"async\" loading=\"lazy\" width=\"300\" height=\"225\" data-id=\"3209\"  src=\"https:\/\/soleil-levant-asso.fr\/wp-content\/uploads\/2024\/05\/a-IMG20240220194502-300x225.webp\" alt=\"\" class=\"wp-image-3209\" srcset=\"https:\/\/soleil-levant-asso.fr\/wp-content\/uploads\/2024\/05\/a-IMG20240220194502-300x225.webp 300w, https:\/\/soleil-levant-asso.fr\/wp-content\/uploads\/2024\/05\/a-IMG20240220194502-1024x768.webp 1024w, https:\/\/soleil-levant-asso.fr\/wp-content\/uploads\/2024\/05\/a-IMG20240220194502-768x576.webp 768w, https:\/\/soleil-levant-asso.fr\/wp-content\/uploads\/2024\/05\/a-IMG20240220194502-1536x1152.webp 1536w, https:\/\/soleil-levant-asso.fr\/wp-content\/uploads\/2024\/05\/a-IMG20240220194502.webp 1610w\" sizes=\"(max-width: 300px) 100vw, 300px\" \/><figcaption class=\"wp-element-caption\">Activit\u00e9 mardi soir<\/figcaption><\/figure>\n\n\n\n<figure class=\"wp-block-image size-medium\"><img decoding=\"async\" loading=\"lazy\" width=\"300\" height=\"225\" data-id=\"2289\"  src=\"http:\/\/soleil-levant-asso.fr\/wp-content\/uploads\/2023\/08\/DDR_241814296_4077280599060708_5682282593980306652_n-300x225.jpg\" alt=\"\" class=\"wp-image-2289\" srcset=\"https:\/\/soleil-levant-asso.fr\/wp-content\/uploads\/2023\/08\/DDR_241814296_4077280599060708_5682282593980306652_n-300x225.jpg 300w, https:\/\/soleil-levant-asso.fr\/wp-content\/uploads\/2023\/08\/DDR_241814296_4077280599060708_5682282593980306652_n-1024x768.jpg 1024w, https:\/\/soleil-levant-asso.fr\/wp-content\/uploads\/2023\/08\/DDR_241814296_4077280599060708_5682282593980306652_n-768x576.jpg 768w, https:\/\/soleil-levant-asso.fr\/wp-content\/uploads\/2023\/08\/DDR_241814296_4077280599060708_5682282593980306652_n-1536x1152.jpg 1536w, https:\/\/soleil-levant-asso.fr\/wp-content\/uploads\/2023\/08\/DDR_241814296_4077280599060708_5682282593980306652_n.jpg 1824w\" sizes=\"(max-width: 300px) 100vw, 300px\" \/><figcaption class=\"wp-element-caption\">Angers Geek &#8211; DDR<\/figcaption><\/figure>\n\n\n\n<figure class=\"wp-block-image size-medium\"><img decoding=\"async\" loading=\"lazy\" width=\"300\" height=\"225\" data-id=\"2929\"  src=\"https:\/\/soleil-levant-asso.fr\/wp-content\/uploads\/2024\/05\/japangamesIMG20240127155848-300x225.webp\" alt=\"\" class=\"wp-image-2929\" srcset=\"https:\/\/soleil-levant-asso.fr\/wp-content\/uploads\/2024\/05\/japangamesIMG20240127155848-300x225.webp 300w, https:\/\/soleil-levant-asso.fr\/wp-content\/uploads\/2024\/05\/japangamesIMG20240127155848-1024x768.webp 1024w, https:\/\/soleil-levant-asso.fr\/wp-content\/uploads\/2024\/05\/japangamesIMG20240127155848-768x576.webp 768w, https:\/\/soleil-levant-asso.fr\/wp-content\/uploads\/2024\/05\/japangamesIMG20240127155848-1536x1152.webp 1536w, https:\/\/soleil-levant-asso.fr\/wp-content\/uploads\/2024\/05\/japangamesIMG20240127155848.webp 1610w\" sizes=\"(max-width: 300px) 100vw, 300px\" \/><figcaption class=\"wp-element-caption\">Japan Games 2024<\/figcaption><\/figure>\n\n\n\n<figure class=\"wp-block-image size-medium\"><img decoding=\"async\" loading=\"lazy\" width=\"300\" height=\"225\" data-id=\"3172\"  src=\"https:\/\/soleil-levant-asso.fr\/wp-content\/uploads\/2024\/05\/mardi-IMG20231121195023-300x225.webp\" alt=\"\" class=\"wp-image-3172\" srcset=\"https:\/\/soleil-levant-asso.fr\/wp-content\/uploads\/2024\/05\/mardi-IMG20231121195023-300x225.webp 300w, https:\/\/soleil-levant-asso.fr\/wp-content\/uploads\/2024\/05\/mardi-IMG20231121195023-1024x768.webp 1024w, https:\/\/soleil-levant-asso.fr\/wp-content\/uploads\/2024\/05\/mardi-IMG20231121195023-768x576.webp 768w, https:\/\/soleil-levant-asso.fr\/wp-content\/uploads\/2024\/05\/mardi-IMG20231121195023-1536x1152.webp 1536w, https:\/\/soleil-levant-asso.fr\/wp-content\/uploads\/2024\/05\/mardi-IMG20231121195023.webp 1610w\" sizes=\"(max-width: 300px) 100vw, 300px\" \/><figcaption class=\"wp-element-caption\">Activit\u00e9 mardi soir<\/figcaption><\/figure>\n\n\n\n<figure class=\"wp-block-image size-medium\"><img decoding=\"async\" loading=\"lazy\" width=\"225\" height=\"300\" data-id=\"3076\"  src=\"https:\/\/soleil-levant-asso.fr\/wp-content\/uploads\/2024\/05\/DDR4IMG20240406160505-225x300.webp\" alt=\"\" class=\"wp-image-3076\" srcset=\"https:\/\/soleil-levant-asso.fr\/wp-content\/uploads\/2024\/05\/DDR4IMG20240406160505-225x300.webp 225w, https:\/\/soleil-levant-asso.fr\/wp-content\/uploads\/2024\/05\/DDR4IMG20240406160505-768x1024.webp 768w, https:\/\/soleil-levant-asso.fr\/wp-content\/uploads\/2024\/05\/DDR4IMG20240406160505.webp 906w\" sizes=\"(max-width: 225px) 100vw, 225px\" \/><figcaption class=\"wp-element-caption\">Angers Geekfest &#8211; 2024<\/figcaption><\/figure>\n\n\n\n<figure class=\"wp-block-image size-medium\"><img decoding=\"async\" loading=\"lazy\" width=\"300\" height=\"225\" data-id=\"2991\"  src=\"https:\/\/soleil-levant-asso.fr\/wp-content\/uploads\/2024\/05\/1japangamesIMG20240127202404-1-300x225.webp\" alt=\"\" class=\"wp-image-2991\" srcset=\"https:\/\/soleil-levant-asso.fr\/wp-content\/uploads\/2024\/05\/1japangamesIMG20240127202404-1-300x225.webp 300w, https:\/\/soleil-levant-asso.fr\/wp-content\/uploads\/2024\/05\/1japangamesIMG20240127202404-1-1024x768.webp 1024w, https:\/\/soleil-levant-asso.fr\/wp-content\/uploads\/2024\/05\/1japangamesIMG20240127202404-1-768x576.webp 768w, https:\/\/soleil-levant-asso.fr\/wp-content\/uploads\/2024\/05\/1japangamesIMG20240127202404-1-1536x1152.webp 1536w, https:\/\/soleil-levant-asso.fr\/wp-content\/uploads\/2024\/05\/1japangamesIMG20240127202404-1.webp 1610w\" sizes=\"(max-width: 300px) 100vw, 300px\" \/><figcaption class=\"wp-element-caption\">Japan Games 2024<\/figcaption><\/figure>\n\n\n\n<figure class=\"wp-block-image size-medium\"><img decoding=\"async\" loading=\"lazy\" width=\"300\" height=\"225\" data-id=\"3177\"  src=\"https:\/\/soleil-levant-asso.fr\/wp-content\/uploads\/2024\/05\/mardi-IMG20231121212000-300x225.webp\" alt=\"\" class=\"wp-image-3177\" srcset=\"https:\/\/soleil-levant-asso.fr\/wp-content\/uploads\/2024\/05\/mardi-IMG20231121212000-300x225.webp 300w, https:\/\/soleil-levant-asso.fr\/wp-content\/uploads\/2024\/05\/mardi-IMG20231121212000-1024x768.webp 1024w, https:\/\/soleil-levant-asso.fr\/wp-content\/uploads\/2024\/05\/mardi-IMG20231121212000-768x576.webp 768w, https:\/\/soleil-levant-asso.fr\/wp-content\/uploads\/2024\/05\/mardi-IMG20231121212000-1536x1152.webp 1536w, https:\/\/soleil-levant-asso.fr\/wp-content\/uploads\/2024\/05\/mardi-IMG20231121212000.webp 1610w\" sizes=\"(max-width: 300px) 100vw, 300px\" \/><figcaption class=\"wp-element-caption\">Activit\u00e9 mardi soir<\/figcaption><\/figure>\n\n\n\n<figure class=\"wp-block-image size-medium\"><img decoding=\"async\" loading=\"lazy\" width=\"300\" height=\"225\" data-id=\"2228\"  src=\"http:\/\/soleil-levant-asso.fr\/wp-content\/uploads\/2023\/08\/DDR_1_83051181_2516453128476804_7900975151427092480_n-300x225.jpg\" alt=\"\" class=\"wp-image-2228\" srcset=\"https:\/\/soleil-levant-asso.fr\/wp-content\/uploads\/2023\/08\/DDR_1_83051181_2516453128476804_7900975151427092480_n-300x225.jpg 300w, https:\/\/soleil-levant-asso.fr\/wp-content\/uploads\/2023\/08\/DDR_1_83051181_2516453128476804_7900975151427092480_n.jpg 500w\" sizes=\"(max-width: 300px) 100vw, 300px\" \/><figcaption class=\"wp-element-caption\">Initiation DDR<\/figcaption><\/figure>\n\n\n\n<figure class=\"wp-block-image size-medium\"><img decoding=\"async\" loading=\"lazy\" width=\"300\" height=\"225\" data-id=\"3206\"  src=\"https:\/\/soleil-levant-asso.fr\/wp-content\/uploads\/2024\/05\/a-IMG20240220194127-300x225.webp\" alt=\"\" class=\"wp-image-3206\" srcset=\"https:\/\/soleil-levant-asso.fr\/wp-content\/uploads\/2024\/05\/a-IMG20240220194127-300x225.webp 300w, https:\/\/soleil-levant-asso.fr\/wp-content\/uploads\/2024\/05\/a-IMG20240220194127-1024x768.webp 1024w, https:\/\/soleil-levant-asso.fr\/wp-content\/uploads\/2024\/05\/a-IMG20240220194127-768x576.webp 768w, https:\/\/soleil-levant-asso.fr\/wp-content\/uploads\/2024\/05\/a-IMG20240220194127-1536x1152.webp 1536w, https:\/\/soleil-levant-asso.fr\/wp-content\/uploads\/2024\/05\/a-IMG20240220194127.webp 1610w\" sizes=\"(max-width: 300px) 100vw, 300px\" \/><figcaption class=\"wp-element-caption\">Activit\u00e9 mardi soir<\/figcaption><\/figure>\n\n\n\n<figure class=\"wp-block-image size-medium\"><img decoding=\"async\" loading=\"lazy\" width=\"300\" height=\"225\" data-id=\"2981\"  src=\"https:\/\/soleil-levant-asso.fr\/wp-content\/uploads\/2024\/05\/1japangamesIMG20240127160422-1-300x225.webp\" alt=\"\" class=\"wp-image-2981\" srcset=\"https:\/\/soleil-levant-asso.fr\/wp-content\/uploads\/2024\/05\/1japangamesIMG20240127160422-1-300x225.webp 300w, https:\/\/soleil-levant-asso.fr\/wp-content\/uploads\/2024\/05\/1japangamesIMG20240127160422-1-1024x768.webp 1024w, https:\/\/soleil-levant-asso.fr\/wp-content\/uploads\/2024\/05\/1japangamesIMG20240127160422-1-768x576.webp 768w, https:\/\/soleil-levant-asso.fr\/wp-content\/uploads\/2024\/05\/1japangamesIMG20240127160422-1-1536x1152.webp 1536w, https:\/\/soleil-levant-asso.fr\/wp-content\/uploads\/2024\/05\/1japangamesIMG20240127160422-1.webp 1610w\" sizes=\"(max-width: 300px) 100vw, 300px\" \/><figcaption class=\"wp-element-caption\">Japan Games 2024<\/figcaption><\/figure>\n<\/figure>\n\n\n\n<div class=\"wp-block-group is-content-justification-center is-nowrap is-layout-flex wp-container-8\">\n<figure class=\"wp-block-video\"><video controls src=\"http:\/\/soleil-levant-asso.fr\/wp-content\/uploads\/2024\/05\/DDR3VID20240406160551.mp4\"><\/video><figcaption class=\"wp-element-caption\">Angers GeekFest<\/figcaption><\/figure>\n\n\n\n<figure class=\"wp-block-video\"><video controls src=\"http:\/\/soleil-levant-asso.fr\/wp-content\/uploads\/2024\/05\/japangamesVID_20240127_151257.mp4\"><\/video><\/figure>\n<\/div>\n\n\n\n<div class=\"wp-block-columns is-layout-flex wp-container-10\">\n<div class=\"wp-block-column is-layout-flow\">\n<hr class=\"wp-block-separator has-alpha-channel-opacity\"\/>\n<\/div>\n<\/div>\n\n\n\n<div class=\"wp-block-columns is-layout-flex wp-container-13\">\n<div class=\"wp-block-column is-layout-flow\">\n<p class=\"has-text-align-center has-black-color has-text-color has-background\" style=\"background-color:#fea98c\"><strong>ACTIVITE DE SOLEIL LEVANT<\/strong><\/p>\n\n\n\n<hr class=\"wp-block-separator has-alpha-channel-opacity\"\/>\n\n\n\n<p>Le DRR est la seule activit\u00e9 qui n\u00e9cessite un mat\u00e9riel cons\u00e9quent (2 plateformes, t\u00e9l\u00e9-projecteur, espace) et qui est pas propos\u00e9 le mardi soir (ou occasionnellement).<\/p>\n\n\n\n<p>Le DDR a lieu certains samedi du mois \u00e0 la maison de quartiez Quart&rsquo;Ney !<\/p>\n\n\n\n<p><\/p>\n\n\n\n<p><\/p>\n\n\n\n<p>Que vous soyez danseur.se.s d\u00e9butant.e.s ou confirm\u00e9.e.s, venez bouger dans un esprit convivial (et faire des comp\u00e9titions amicales)  ! <\/p>\n\n\n\n<p>Gr\u00e2ce \u00e0 une \u00e9quipe de passionn\u00e9.e.s et une vari\u00e9t\u00e9 de niveau de difficult\u00e9, l&rsquo;ambiance est au rendez-vous ! <\/p>\n\n\n\n<p> <\/p>\n\n\n\n<p><\/p>\n<\/div>\n\n\n\n<div class=\"wp-block-column is-layout-flow\">\n<p class=\"has-text-align-center has-white-color has-text-color has-background\" style=\"background-color:#a11513\"><strong>PRESTATION<\/strong><\/p>\n\n\n\n<hr class=\"wp-block-separator has-alpha-channel-opacity\"\/>\n\n\n\n<p>Dans le cadre d&rsquo;un \u00e9v\u00e9nement (salon, soir\u00e9e, anniversaire etc.) nous proposons une animation DDR ! <\/p>\n\n\n\n<p>V\u00e9ritable fusion de la danse et de la technologie, le DDR permet \u00e0 vos invit\u00e9s de bouger au rythme de la musique, et de d\u00e9fier leurs amis tout en vivant une exp\u00e9rience interactive incomparable ! <\/p>\n\n\n\n<p>Adapt\u00e9 \u00e0 tous les \u00e2ges, le DDR apporte une dose de plaisir, de comp\u00e9tition amicale et de d\u00e9paysement \u00e0 vos invit\u00e9.e.s avec des musiques allant de la pop \u00e0 l&rsquo;animation japonaise !<\/p>\n\n\n\n<p>Les d\u00e9butants et les danseurs chevronn\u00e9s trouveront leur compte gr\u00e2ce \u00e0 une vari\u00e9t\u00e9 de niveau de difficult\u00e9 ! <\/p>\n\n\n\n<p>L&rsquo;occasion pour chacun de cr\u00e9er des souvenirs inestimables ! <\/p>\n\n\n\n<hr class=\"wp-block-separator has-alpha-channel-opacity\"\/>\n\n\n\n<p><strong>Tarif : 90\u20ac<\/strong> (tarif d\u00e9gressif selon la dur\u00e9e de l&rsquo;activit\u00e9 (+ de 4H)  et\/ou le nombre d&rsquo;activit\u00e9 souhait\u00e9)<\/p>\n\n\n\n<p>Comprends : <\/p>\n\n\n\n<ul>\n<li style=\"font-size:16px\">Equipement : 2 Tapis de DDR + Vid\u00e9o projecteur + Logiciel (niveau de difficult\u00e9 au choix) + Musique animation japonaise<\/li>\n\n\n\n<li style=\"font-size:16px\">Installation\/d\u00e9montage<\/li>\n\n\n\n<li style=\"font-size:16px\">Animation (individuel \/ double selon piste &#8211; meilleur score, duel, tournois)<\/li>\n\n\n\n<li style=\"font-size:16px\">Dur\u00e9e : 1H \u00e0 4H<\/li>\n<\/ul>\n\n\n\n<p>Pr\u00e9voir : Mur blanc<\/p>\n\n\n\n<p>Ne comprends pas : les frais kilom\u00e9triques<\/p>\n<\/div>\n<\/div>\n\n\n\n<hr class=\"wp-block-separator has-alpha-channel-opacity\"\/>\n\n\n\n<div class=\"wp-block-buttons is-content-justification-center is-layout-flex wp-container-14\">\n<div class=\"wp-block-button\"><a class=\"wp-block-button__link wp-element-button\" href=\"http:\/\/soleil-levant-asso.fr\/?page_id=1751\">Pour en savoir plus<\/a><\/div>\n<\/div>\n","protected":false},"excerpt":{"rendered":"<p>Qu&rsquo;est-ce que le DDR ? DanceDanceRevolution (DDR) est un jeu musical et de rythme qui a \u00e9merg\u00e9 au Japon en 1998 dans les salles d\u2019arcane. Cet art est une combinaison de danse et de la technologie ! C&rsquo;est un jeu<\/p>\n","protected":false},"author":1,"featured_media":2361,"parent":0,"menu_order":0,"comment_status":"closed","ping_status":"closed","template":"","meta":[],"_links":{"self":[{"href":"https:\/\/soleil-levant-asso.fr\/index.php?rest_route=\/wp\/v2\/pages\/43"}],"collection":[{"href":"https:\/\/soleil-levant-asso.fr\/index.php?rest_route=\/wp\/v2\/pages"}],"about":[{"href":"https:\/\/soleil-levant-asso.fr\/index.php?rest_route=\/wp\/v2\/types\/page"}],"author":[{"embeddable":true,"href":"https:\/\/soleil-levant-asso.fr\/index.php?rest_route=\/wp\/v2\/users\/1"}],"replies":[{"embeddable":true,"href":"https:\/\/soleil-levant-asso.fr\/index.php?rest_route=%2Fwp%2Fv2%2Fcomments&post=43"}],"version-history":[{"count":15,"href":"https:\/\/soleil-levant-asso.fr\/index.php?rest_route=\/wp\/v2\/pages\/43\/revisions"}],"predecessor-version":[{"id":3218,"href":"https:\/\/soleil-levant-asso.fr\/index.php?rest_route=\/wp\/v2\/pages\/43\/revisions\/3218"}],"wp:featuredmedia":[{"embeddable":true,"href":"https:\/\/soleil-levant-asso.fr\/index.php?rest_route=\/wp\/v2\/media\/2361"}],"wp:attachment":[{"href":"https:\/\/soleil-levant-asso.fr\/index.php?rest_route=%2Fwp%2Fv2%2Fmedia&parent=43"}],"curies":[{"name":"wp","href":"https:\/\/api.w.org\/{rel}","templated":true}]}}