{"id":3117,"date":"2024-05-09T00:59:41","date_gmt":"2024-05-08T22:59:41","guid":{"rendered":"https:\/\/soleil-levant-asso.fr\/?page_id=3117"},"modified":"2024-05-09T01:38:31","modified_gmt":"2024-05-08T23:38:31","slug":"nos-evenements-2023-2024","status":"publish","type":"page","link":"https:\/\/soleil-levant-asso.fr\/?page_id=3117","title":{"rendered":"Nos \u00e9v\u00e9nements 2023-2024"},"content":{"rendered":"\n<hr class=\"wp-block-separator has-alpha-channel-opacity\"\/>\n\n\n\n<div class=\"wp-block-columns alignfull has-text-color has-background is-layout-flex wp-container-6\" style=\"color:#000000;background-color:#ffffff\">\n<div class=\"wp-block-column is-layout-flow\"><\/div>\n\n\n\n<div class=\"wp-block-column is-layout-flow\">\n<hr class=\"wp-block-separator has-text-color has-white-color has-alpha-channel-opacity has-white-background-color has-background\"\/>\n\n\n\n<h3 class=\"wp-block-heading has-text-align-center has-black-color has-text-color\" style=\"font-size:24px;line-height:1.3\"><strong><a href=\"https:\/\/soleil-levant-asso.fr\/?page_id=2914\">Th\u00e9s du Japon<\/a><\/strong><\/h3>\n\n\n\n<p>Juin 2024 :  Atelier DAIFUGU le 8 &amp; 9 juin 2024 au parc des Maul\u00e9vriers <\/p>\n\n\n<div class=\"wp-block-image is-style-default\">\n<figure class=\"aligncenter size-large\"><img decoding=\"async\" loading=\"lazy\" width=\"1024\" height=\"256\" src=\"http:\/\/soleil-levant-asso.fr\/wp-content\/uploads\/2024\/05\/The\u0301s-du-japon-1024x256.png\" alt=\"\" class=\"wp-image-2851\" srcset=\"https:\/\/soleil-levant-asso.fr\/wp-content\/uploads\/2024\/05\/The\u0301s-du-japon-1024x256.png 1024w, https:\/\/soleil-levant-asso.fr\/wp-content\/uploads\/2024\/05\/The\u0301s-du-japon-300x75.png 300w, https:\/\/soleil-levant-asso.fr\/wp-content\/uploads\/2024\/05\/The\u0301s-du-japon-768x192.png 768w, https:\/\/soleil-levant-asso.fr\/wp-content\/uploads\/2024\/05\/The\u0301s-du-japon-1536x384.png 1536w, https:\/\/soleil-levant-asso.fr\/wp-content\/uploads\/2024\/05\/The\u0301s-du-japon.png 1584w\" sizes=\"(max-width: 1024px) 100vw, 1024px\" \/><\/figure><\/div><\/div>\n\n\n\n<div class=\"wp-block-column is-layout-flow\">\n<hr class=\"wp-block-separator has-text-color has-white-color has-alpha-channel-opacity has-white-background-color has-background\"\/>\n\n\n\n<h3 class=\"wp-block-heading has-text-align-center has-black-color has-text-color\" style=\"font-size:24px;line-height:1.3\"><a rel=\"noreferrer noopener\" href=\"https:\/\/soleil-levant-asso.fr\/?page_id=2912\" target=\"_blank\">Kodomo No Hi<\/a><\/h3>\n\n\n\n<p>Mai 2024 : la journ\u00e9e japonaise des enfants au parc des Maul\u00e9vriers ! <\/p>\n\n\n\n<figure class=\"wp-block-image size-large is-style-rounded\"><img decoding=\"async\" loading=\"lazy\" width=\"1024\" height=\"821\" src=\"http:\/\/soleil-levant-asso.fr\/wp-content\/uploads\/2024\/05\/kodomoIMG_20240504_192326-1024x821.webp\" alt=\"\" class=\"wp-image-3102\" srcset=\"https:\/\/soleil-levant-asso.fr\/wp-content\/uploads\/2024\/05\/kodomoIMG_20240504_192326-1024x821.webp 1024w, https:\/\/soleil-levant-asso.fr\/wp-content\/uploads\/2024\/05\/kodomoIMG_20240504_192326-300x241.webp 300w, https:\/\/soleil-levant-asso.fr\/wp-content\/uploads\/2024\/05\/kodomoIMG_20240504_192326-768x616.webp 768w, https:\/\/soleil-levant-asso.fr\/wp-content\/uploads\/2024\/05\/kodomoIMG_20240504_192326.webp 1506w\" sizes=\"(max-width: 1024px) 100vw, 1024px\" \/><\/figure>\n<\/div>\n\n\n\n<div class=\"wp-block-column is-layout-flow\">\n<hr class=\"wp-block-separator has-text-color has-white-color has-alpha-channel-opacity has-white-background-color has-background\"\/>\n\n\n\n<h3 class=\"wp-block-heading has-text-align-center has-black-color has-text-color\" style=\"font-size:24px;line-height:1.3\"><a rel=\"noreferrer noopener\" href=\"https:\/\/soleil-levant-asso.fr\/?page_id=2910\" target=\"_blank\"><strong>Angers GeekFest<\/strong> <\/a><\/h3>\n\n\n\n<p>Avril 2024 : le weekend 100% culture geek &amp; pop culture<\/p>\n\n\n\n<figure class=\"wp-block-image size-large is-style-rounded\"><img decoding=\"async\" loading=\"lazy\" width=\"1024\" height=\"768\" src=\"http:\/\/soleil-levant-asso.fr\/wp-content\/uploads\/2024\/05\/angersgeekfestIMG_1511-1024x768.webp\" alt=\"\" class=\"wp-image-3013\" srcset=\"https:\/\/soleil-levant-asso.fr\/wp-content\/uploads\/2024\/05\/angersgeekfestIMG_1511-1024x768.webp 1024w, https:\/\/soleil-levant-asso.fr\/wp-content\/uploads\/2024\/05\/angersgeekfestIMG_1511-300x225.webp 300w, https:\/\/soleil-levant-asso.fr\/wp-content\/uploads\/2024\/05\/angersgeekfestIMG_1511-768x576.webp 768w, https:\/\/soleil-levant-asso.fr\/wp-content\/uploads\/2024\/05\/angersgeekfestIMG_1511-1536x1152.webp 1536w, https:\/\/soleil-levant-asso.fr\/wp-content\/uploads\/2024\/05\/angersgeekfestIMG_1511.webp 1610w\" sizes=\"(max-width: 1024px) 100vw, 1024px\" \/><\/figure>\n<\/div>\n\n\n\n<div class=\"wp-block-column is-layout-flow\"><\/div>\n<\/div>\n\n\n\n<div class=\"wp-block-columns alignfull has-text-color has-background is-layout-flex wp-container-12\" style=\"color:#000000;background-color:#ffffff\">\n<div class=\"wp-block-column is-layout-flow\"><\/div>\n\n\n\n<div class=\"wp-block-column is-layout-flow\">\n<hr class=\"wp-block-separator has-text-color has-white-color has-alpha-channel-opacity has-white-background-color has-background\"\/>\n\n\n\n<h3 class=\"wp-block-heading has-text-align-center has-black-color has-text-color\" style=\"font-size:24px;line-height:1.3\"><strong><a rel=\"noreferrer noopener\" href=\"https:\/\/soleil-levant-asso.fr\/?page_id=2908&amp;preview_id=2908&amp;preview_nonce=dc9cbb0080\" target=\"_blank\">Japan Games<\/a><\/strong><\/h3>\n\n\n\n<p>Janvier 2024 : la journ\u00e9e \u00e9v\u00e9nement \u00e0 la Maison de quartier Quart&rsquo;Ney pour d\u00e9couvrir la culture japonaise ! <\/p>\n\n\n\n<figure class=\"wp-block-image size-large is-style-rounded\"><img decoding=\"async\" loading=\"lazy\" width=\"1024\" height=\"768\" src=\"http:\/\/soleil-levant-asso.fr\/wp-content\/uploads\/2024\/05\/1japangamesIMG20240127144227-1024x768.webp\" alt=\"\" class=\"wp-image-2942\" srcset=\"https:\/\/soleil-levant-asso.fr\/wp-content\/uploads\/2024\/05\/1japangamesIMG20240127144227-1024x768.webp 1024w, https:\/\/soleil-levant-asso.fr\/wp-content\/uploads\/2024\/05\/1japangamesIMG20240127144227-300x225.webp 300w, https:\/\/soleil-levant-asso.fr\/wp-content\/uploads\/2024\/05\/1japangamesIMG20240127144227-768x576.webp 768w, https:\/\/soleil-levant-asso.fr\/wp-content\/uploads\/2024\/05\/1japangamesIMG20240127144227-1536x1152.webp 1536w, https:\/\/soleil-levant-asso.fr\/wp-content\/uploads\/2024\/05\/1japangamesIMG20240127144227.webp 1610w\" sizes=\"(max-width: 1024px) 100vw, 1024px\" \/><\/figure>\n<\/div>\n\n\n\n<div class=\"wp-block-column is-layout-flow\">\n<hr class=\"wp-block-separator has-text-color has-white-color has-alpha-channel-opacity has-white-background-color has-background\"\/>\n\n\n\n<h3 class=\"wp-block-heading has-text-align-center has-black-color has-text-color\" style=\"font-size:24px;line-height:1.3\"><strong><a href=\"https:\/\/soleil-levant-asso.fr\/?page_id=2881&amp;preview_id=2881&amp;preview_nonce=2da7479f2a\">Soir\u00e9e de fin d&rsquo;ann\u00e9e<\/a><\/strong> <\/h3>\n\n\n\n<p>D\u00e9cembre 2023 : l&rsquo;occasion de se retrouver ensemble pour f\u00eater la fin d&rsquo;ann\u00e9e autour d&rsquo;animations &#8211; jeux japonais<\/p>\n\n\n\n<figure class=\"wp-block-image size-large is-style-rounded\"><img decoding=\"async\" loading=\"lazy\" width=\"1024\" height=\"768\" src=\"http:\/\/soleil-levant-asso.fr\/wp-content\/uploads\/2024\/05\/soire\u0301e-de-fin-danne\u0301eIMG20231219201954-1024x768.webp\" alt=\"\" class=\"wp-image-2884\" srcset=\"https:\/\/soleil-levant-asso.fr\/wp-content\/uploads\/2024\/05\/soire\u0301e-de-fin-danne\u0301eIMG20231219201954-1024x768.webp 1024w, https:\/\/soleil-levant-asso.fr\/wp-content\/uploads\/2024\/05\/soire\u0301e-de-fin-danne\u0301eIMG20231219201954-300x225.webp 300w, https:\/\/soleil-levant-asso.fr\/wp-content\/uploads\/2024\/05\/soire\u0301e-de-fin-danne\u0301eIMG20231219201954-768x576.webp 768w, https:\/\/soleil-levant-asso.fr\/wp-content\/uploads\/2024\/05\/soire\u0301e-de-fin-danne\u0301eIMG20231219201954-1536x1152.webp 1536w, https:\/\/soleil-levant-asso.fr\/wp-content\/uploads\/2024\/05\/soire\u0301e-de-fin-danne\u0301eIMG20231219201954.webp 1610w\" sizes=\"(max-width: 1024px) 100vw, 1024px\" \/><\/figure>\n<\/div>\n\n\n\n<div class=\"wp-block-column is-layout-flow\">\n<hr class=\"wp-block-separator has-text-color has-white-color has-alpha-channel-opacity has-white-background-color has-background\"\/>\n\n\n\n<h3 class=\"wp-block-heading has-text-align-center has-black-color has-text-color\" style=\"font-size:24px;line-height:1.3\"><strong><a href=\"https:\/\/soleil-levant-asso.fr\/?page_id=2868&amp;preview_id=2868&amp;preview_nonce=06ae7cf76b&amp;preview=true\">Deux jours en jeux<\/a><\/strong><\/h3>\n\n\n\n<p>Septembre 2023 :  le grand \u00e9v\u00e9nement ludique sur Angers le 30 septembre et le 1er octobre 2023<\/p>\n\n\n<div class=\"wp-block-image is-style-rounded\">\n<figure class=\"aligncenter size-large is-resized\"><img decoding=\"async\" loading=\"lazy\" src=\"http:\/\/soleil-levant-asso.fr\/wp-content\/uploads\/2024\/05\/deux-jours-en-jeu_rn_image_picker_lib_temp_ebaed366-0633-478f-bea3-72a1c75d07d0-768x1024.webp\" alt=\"\" class=\"wp-image-2871\" width=\"192\" height=\"256\" srcset=\"https:\/\/soleil-levant-asso.fr\/wp-content\/uploads\/2024\/05\/deux-jours-en-jeu_rn_image_picker_lib_temp_ebaed366-0633-478f-bea3-72a1c75d07d0-768x1024.webp 768w, https:\/\/soleil-levant-asso.fr\/wp-content\/uploads\/2024\/05\/deux-jours-en-jeu_rn_image_picker_lib_temp_ebaed366-0633-478f-bea3-72a1c75d07d0-225x300.webp 225w, https:\/\/soleil-levant-asso.fr\/wp-content\/uploads\/2024\/05\/deux-jours-en-jeu_rn_image_picker_lib_temp_ebaed366-0633-478f-bea3-72a1c75d07d0.webp 906w\" sizes=\"(max-width: 192px) 100vw, 192px\" \/><\/figure><\/div><\/div>\n\n\n\n<div class=\"wp-block-column is-layout-flow\"><\/div>\n<\/div>\n\n\n\n<p class=\"has-black-color has-text-color has-medium-font-size\"><\/p>\n","protected":false},"excerpt":{"rendered":"<p>Th\u00e9s du Japon Juin 2024 : Atelier DAIFUGU le 8 &amp; 9 juin 2024 au parc des Maul\u00e9vriers Kodomo No Hi Mai 2024 : la journ\u00e9e japonaise des enfants au parc des Maul\u00e9vriers ! Angers GeekFest Avril 2024 : le<\/p>\n","protected":false},"author":3,"featured_media":0,"parent":0,"menu_order":0,"comment_status":"closed","ping_status":"closed","template":"","meta":[],"_links":{"self":[{"href":"https:\/\/soleil-levant-asso.fr\/index.php?rest_route=\/wp\/v2\/pages\/3117"}],"collection":[{"href":"https:\/\/soleil-levant-asso.fr\/index.php?rest_route=\/wp\/v2\/pages"}],"about":[{"href":"https:\/\/soleil-levant-asso.fr\/index.php?rest_route=\/wp\/v2\/types\/page"}],"author":[{"embeddable":true,"href":"https:\/\/soleil-levant-asso.fr\/index.php?rest_route=\/wp\/v2\/users\/3"}],"replies":[{"embeddable":true,"href":"https:\/\/soleil-levant-asso.fr\/index.php?rest_route=%2Fwp%2Fv2%2Fcomments&post=3117"}],"version-history":[{"count":12,"href":"https:\/\/soleil-levant-asso.fr\/index.php?rest_route=\/wp\/v2\/pages\/3117\/revisions"}],"predecessor-version":[{"id":3152,"href":"https:\/\/soleil-levant-asso.fr\/index.php?rest_route=\/wp\/v2\/pages\/3117\/revisions\/3152"}],"wp:attachment":[{"href":"https:\/\/soleil-levant-asso.fr\/index.php?rest_route=%2Fwp%2Fv2%2Fmedia&parent=3117"}],"curies":[{"name":"wp","href":"https:\/\/api.w.org\/{rel}","templated":true}]}}