{"id":2912,"date":"2024-05-09T00:37:40","date_gmt":"2024-05-08T22:37:40","guid":{"rendered":"https:\/\/soleil-levant-asso.fr\/?page_id=2912"},"modified":"2024-05-09T00:37:40","modified_gmt":"2024-05-08T22:37:40","slug":"la-journee-des-enfants","status":"publish","type":"page","link":"https:\/\/soleil-levant-asso.fr\/?page_id=2912","title":{"rendered":"La journ\u00e9e des enfants"},"content":{"rendered":"\n<div class=\"wp-block-group alignfull has-white-background-color has-background is-layout-flow\" style=\"padding-top:6vw;padding-right:6vw;padding-bottom:6vw;padding-left:6vw\"><div class=\"wp-block-group__inner-container\">\n<div class=\"wp-block-group is-vertical is-nowrap is-layout-flex wp-container-1\" style=\"padding-right:0;padding-left:0\">\n<h6 class=\"wp-block-heading has-text-color\" id=\"ecosystem\" style=\"color:#000000;font-size:16px\">Mai 2024<\/h6>\n\n\n\n<p class=\"has-white-background-color has-text-color has-background\" style=\"color:#000000;font-size:6vw;font-style:normal;font-weight:700;letter-spacing:0px;line-height:0.9;text-decoration:none;text-transform:none\">Kodomo No Hi<\/p>\n<\/div>\n\n\n\n<div style=\"height:1vw\" aria-hidden=\"true\" class=\"wp-block-spacer\"><\/div>\n\n\n\n<div class=\"wp-block-group alignwide is-vertical is-nowrap is-layout-flex wp-container-9\" style=\"padding-top:0;padding-right:0;padding-bottom:0;padding-left:0\">\n<div class=\"wp-block-columns alignwide is-layout-flex wp-container-5\">\n<div class=\"wp-block-column is-layout-flow\" style=\"flex-basis:33.38%\">\n<p class=\"has-text-color\" style=\"color:#000000;font-size:15px\">Dans un monde parfois marqu\u00e9 par la h\u00e2te et la tension, les cultures du monde entier ont toujours trouv\u00e9 des moyens de c\u00e9l\u00e9brer la beaut\u00e9 et l&rsquo;innocence de l&rsquo;enfance. <\/p>\n\n\n\n<hr class=\"wp-block-separator has-text-color has-white-color has-alpha-channel-opacity has-white-background-color has-background\"\/>\n\n\n\n<p class=\"has-text-color\" style=\"color:#000000;font-size:15px\">Une de ces c\u00e9l\u00e9brations joyeuses est le Festimal Kodomo No Hi, une f\u00eate japonaise qui honore les enfants et souligne l&rsquo;importance de leur bonheur et de leur \u00e9panouissement. <\/p>\n\n\n\n<hr class=\"wp-block-separator has-text-color has-white-color has-alpha-channel-opacity has-white-background-color has-background\"\/>\n\n\n\n<p class=\"has-text-color\" style=\"color:#000000;font-size:15px\">Kodomo No Hi, qui se traduit litt\u00e9ralement par \u00ab\u00a0Journ\u00e9e des enfants\u00a0\u00bb en japonais, est une f\u00eate traditionnelle qui a lieu chaque ann\u00e9e le 5 mai.<\/p>\n\n\n\n<hr class=\"wp-block-separator has-text-color has-white-color has-alpha-channel-opacity has-white-background-color has-background\"\/>\n\n\n\n<p class=\"has-text-color\" style=\"color:#000000;font-size:15px\">Cette journ\u00e9e sp\u00e9ciale a une signification profonde dans la culture japonaise. Elle vise \u00e0 promouvoir le bonheur et la sant\u00e9 des enfants, ainsi qu&rsquo;\u00e0 leur offrir des encouragements pour un avenir prosp\u00e8re. <\/p>\n\n\n\n<p class=\"has-text-color\" style=\"color:#000000;font-size:15px\">Les familles c\u00e9l\u00e8brent en hissant des koinobori, des cerfs-volants en forme de carpes, symbole de force et de pers\u00e9v\u00e9rance, et en ornant leur maison de kadomatsu, des d\u00e9corations de pin traditionnelles.<\/p>\n<\/div>\n\n\n\n<div class=\"wp-block-column is-layout-flow\" style=\"flex-basis:33%\">\n<div style=\"height:2vw\" aria-hidden=\"true\" class=\"wp-block-spacer\"><\/div>\n\n\n\n<figure class=\"wp-block-image size-large\"><img decoding=\"async\" loading=\"lazy\" width=\"843\" height=\"1024\" src=\"http:\/\/soleil-levant-asso.fr\/wp-content\/uploads\/2024\/05\/0-Screenshot_2024-05-05-18-38-43-36_1c337646f29875672b5a61192b9010f9-843x1024.webp\" alt=\"\" class=\"wp-image-3111\" srcset=\"https:\/\/soleil-levant-asso.fr\/wp-content\/uploads\/2024\/05\/0-Screenshot_2024-05-05-18-38-43-36_1c337646f29875672b5a61192b9010f9-843x1024.webp 843w, https:\/\/soleil-levant-asso.fr\/wp-content\/uploads\/2024\/05\/0-Screenshot_2024-05-05-18-38-43-36_1c337646f29875672b5a61192b9010f9-247x300.webp 247w, https:\/\/soleil-levant-asso.fr\/wp-content\/uploads\/2024\/05\/0-Screenshot_2024-05-05-18-38-43-36_1c337646f29875672b5a61192b9010f9-768x933.webp 768w, https:\/\/soleil-levant-asso.fr\/wp-content\/uploads\/2024\/05\/0-Screenshot_2024-05-05-18-38-43-36_1c337646f29875672b5a61192b9010f9.webp 994w\" sizes=\"(max-width: 843px) 100vw, 843px\" \/><\/figure>\n<\/div>\n\n\n\n<div class=\"wp-block-column is-layout-flow\" style=\"flex-basis:33.62%\">\n<figure class=\"wp-block-image size-large\"><img decoding=\"async\" loading=\"lazy\" width=\"768\" height=\"1024\" src=\"http:\/\/soleil-levant-asso.fr\/wp-content\/uploads\/2024\/05\/0-20240504_152333-768x1024.webp\" alt=\"\" class=\"wp-image-3110\" srcset=\"https:\/\/soleil-levant-asso.fr\/wp-content\/uploads\/2024\/05\/0-20240504_152333-768x1024.webp 768w, https:\/\/soleil-levant-asso.fr\/wp-content\/uploads\/2024\/05\/0-20240504_152333-225x300.webp 225w, https:\/\/soleil-levant-asso.fr\/wp-content\/uploads\/2024\/05\/0-20240504_152333.webp 906w\" sizes=\"(max-width: 768px) 100vw, 768px\" \/><\/figure>\n<\/div>\n<\/div>\n\n\n\n<div class=\"wp-block-columns alignwide is-layout-flex wp-container-8\">\n<div class=\"wp-block-column is-layout-flow\" style=\"flex-basis:69%\">\n<figure class=\"wp-block-image size-large is-resized\"><img decoding=\"async\" loading=\"lazy\" src=\"http:\/\/soleil-levant-asso.fr\/wp-content\/uploads\/2024\/05\/kodomo20240505_133711-1024x768.webp\" alt=\"\" class=\"wp-image-3100\" width=\"768\" height=\"576\" srcset=\"https:\/\/soleil-levant-asso.fr\/wp-content\/uploads\/2024\/05\/kodomo20240505_133711-1024x768.webp 1024w, https:\/\/soleil-levant-asso.fr\/wp-content\/uploads\/2024\/05\/kodomo20240505_133711-300x225.webp 300w, https:\/\/soleil-levant-asso.fr\/wp-content\/uploads\/2024\/05\/kodomo20240505_133711-768x576.webp 768w, https:\/\/soleil-levant-asso.fr\/wp-content\/uploads\/2024\/05\/kodomo20240505_133711-1536x1152.webp 1536w, https:\/\/soleil-levant-asso.fr\/wp-content\/uploads\/2024\/05\/kodomo20240505_133711.webp 1610w\" sizes=\"(max-width: 768px) 100vw, 768px\" \/><\/figure>\n<\/div>\n\n\n\n<div class=\"wp-block-column is-vertically-aligned-center is-layout-flow\" style=\"flex-basis:33%\">\n<p class=\"has-text-color\" style=\"color:#000000;font-size:15px\">Pour c\u00e9l\u00e9brer ce festival dans le Maine -et-Loire, nous sommes all\u00e9s au Parc Oriental des Maul\u00e9vriers pour faire d\u00e9couvrir des jeux japonais : <\/p>\n\n\n\n<ul>\n<li style=\"font-size:15px\">Jeux de soci\u00e9t\u00e9 moderne : Yokai No Mori, Sensei, Sea Salt &amp; Paper<\/li>\n\n\n\n<li style=\"font-size:15px\">Jeux de soci\u00e9t\u00e9 traditionnel : jeu de Go <\/li>\n\n\n\n<li style=\"font-size:15px\">Yoyo Tsuri<\/li>\n\n\n\n<li style=\"font-size:15px\">Kendama avec BrigtYannis<\/li>\n<\/ul>\n\n\n\n<hr class=\"wp-block-separator has-text-color has-white-color has-alpha-channel-opacity has-white-background-color has-background\"\/>\n\n\n\n<p class=\"has-text-color\" style=\"color:#000000;font-size:15px\">\ud83d\udccdParc des Maul\u00e9vriers<\/p>\n\n\n\n<p class=\"has-black-color has-text-color\" style=\"font-size:15px\">\ud83d\uddd3\ufe0f Samedi 4 et dimanche 5 mai 2024<\/p>\n\n\n\n<p class=\"has-black-color has-text-color\" style=\"font-size:15px\">\ud83d\udd59 de 10H \u00e0 18H00<\/p>\n\n\n\n<p><\/p>\n<\/div>\n<\/div>\n<\/div>\n<\/div><\/div>\n\n\n\n<figure class=\"wp-block-gallery has-nested-images columns-4 is-cropped wp-block-gallery-11 is-layout-flex\">\n<figure class=\"wp-block-image size-large\"><img decoding=\"async\" loading=\"lazy\" width=\"1024\" height=\"768\" data-id=\"3109\"  src=\"https:\/\/soleil-levant-asso.fr\/wp-content\/uploads\/2024\/05\/0-1000116-1024x768.webp\" alt=\"\" class=\"wp-image-3109\" srcset=\"https:\/\/soleil-levant-asso.fr\/wp-content\/uploads\/2024\/05\/0-1000116-1024x768.webp 1024w, https:\/\/soleil-levant-asso.fr\/wp-content\/uploads\/2024\/05\/0-1000116-300x225.webp 300w, https:\/\/soleil-levant-asso.fr\/wp-content\/uploads\/2024\/05\/0-1000116-768x576.webp 768w, https:\/\/soleil-levant-asso.fr\/wp-content\/uploads\/2024\/05\/0-1000116-1536x1152.webp 1536w, https:\/\/soleil-levant-asso.fr\/wp-content\/uploads\/2024\/05\/0-1000116.webp 1610w\" sizes=\"(max-width: 1024px) 100vw, 1024px\" \/><\/figure>\n\n\n\n<figure class=\"wp-block-image size-large\"><img decoding=\"async\" loading=\"lazy\" width=\"1024\" height=\"768\" data-id=\"3085\"  src=\"https:\/\/soleil-levant-asso.fr\/wp-content\/uploads\/2024\/05\/kodomo1000057-1024x768.webp\" alt=\"\" class=\"wp-image-3085\" srcset=\"https:\/\/soleil-levant-asso.fr\/wp-content\/uploads\/2024\/05\/kodomo1000057-1024x768.webp 1024w, https:\/\/soleil-levant-asso.fr\/wp-content\/uploads\/2024\/05\/kodomo1000057-300x225.webp 300w, https:\/\/soleil-levant-asso.fr\/wp-content\/uploads\/2024\/05\/kodomo1000057-768x576.webp 768w, https:\/\/soleil-levant-asso.fr\/wp-content\/uploads\/2024\/05\/kodomo1000057-1536x1152.webp 1536w, https:\/\/soleil-levant-asso.fr\/wp-content\/uploads\/2024\/05\/kodomo1000057.webp 1610w\" sizes=\"(max-width: 1024px) 100vw, 1024px\" \/><\/figure>\n\n\n\n<figure class=\"wp-block-image size-large\"><img decoding=\"async\" loading=\"lazy\" width=\"1024\" height=\"768\" data-id=\"3084\"  src=\"https:\/\/soleil-levant-asso.fr\/wp-content\/uploads\/2024\/05\/kodomo1000056-1024x768.webp\" alt=\"\" class=\"wp-image-3084\" srcset=\"https:\/\/soleil-levant-asso.fr\/wp-content\/uploads\/2024\/05\/kodomo1000056-1024x768.webp 1024w, https:\/\/soleil-levant-asso.fr\/wp-content\/uploads\/2024\/05\/kodomo1000056-300x225.webp 300w, https:\/\/soleil-levant-asso.fr\/wp-content\/uploads\/2024\/05\/kodomo1000056-768x576.webp 768w, https:\/\/soleil-levant-asso.fr\/wp-content\/uploads\/2024\/05\/kodomo1000056-1536x1152.webp 1536w, https:\/\/soleil-levant-asso.fr\/wp-content\/uploads\/2024\/05\/kodomo1000056.webp 1610w\" sizes=\"(max-width: 1024px) 100vw, 1024px\" \/><\/figure>\n\n\n\n<figure class=\"wp-block-image size-large\"><img decoding=\"async\" loading=\"lazy\" width=\"1024\" height=\"768\" data-id=\"3083\"  src=\"https:\/\/soleil-levant-asso.fr\/wp-content\/uploads\/2024\/05\/kodomo1000039-1024x768.webp\" alt=\"\" class=\"wp-image-3083\" srcset=\"https:\/\/soleil-levant-asso.fr\/wp-content\/uploads\/2024\/05\/kodomo1000039-1024x768.webp 1024w, https:\/\/soleil-levant-asso.fr\/wp-content\/uploads\/2024\/05\/kodomo1000039-300x225.webp 300w, https:\/\/soleil-levant-asso.fr\/wp-content\/uploads\/2024\/05\/kodomo1000039-768x576.webp 768w, https:\/\/soleil-levant-asso.fr\/wp-content\/uploads\/2024\/05\/kodomo1000039-1536x1152.webp 1536w, https:\/\/soleil-levant-asso.fr\/wp-content\/uploads\/2024\/05\/kodomo1000039.webp 1610w\" sizes=\"(max-width: 1024px) 100vw, 1024px\" \/><\/figure>\n\n\n\n<figure class=\"wp-block-image size-large\"><img decoding=\"async\" loading=\"lazy\" width=\"1024\" height=\"768\" data-id=\"3082\"  src=\"https:\/\/soleil-levant-asso.fr\/wp-content\/uploads\/2024\/05\/kodomo1000035-1024x768.webp\" alt=\"\" class=\"wp-image-3082\" srcset=\"https:\/\/soleil-levant-asso.fr\/wp-content\/uploads\/2024\/05\/kodomo1000035-1024x768.webp 1024w, https:\/\/soleil-levant-asso.fr\/wp-content\/uploads\/2024\/05\/kodomo1000035-300x225.webp 300w, https:\/\/soleil-levant-asso.fr\/wp-content\/uploads\/2024\/05\/kodomo1000035-768x576.webp 768w, https:\/\/soleil-levant-asso.fr\/wp-content\/uploads\/2024\/05\/kodomo1000035-1536x1152.webp 1536w, https:\/\/soleil-levant-asso.fr\/wp-content\/uploads\/2024\/05\/kodomo1000035.webp 1610w\" sizes=\"(max-width: 1024px) 100vw, 1024px\" \/><\/figure>\n\n\n\n<figure class=\"wp-block-image size-large\"><img decoding=\"async\" loading=\"lazy\" width=\"1024\" height=\"821\" data-id=\"3102\"  src=\"https:\/\/soleil-levant-asso.fr\/wp-content\/uploads\/2024\/05\/kodomoIMG_20240504_192326-1024x821.webp\" alt=\"\" class=\"wp-image-3102\" srcset=\"https:\/\/soleil-levant-asso.fr\/wp-content\/uploads\/2024\/05\/kodomoIMG_20240504_192326-1024x821.webp 1024w, https:\/\/soleil-levant-asso.fr\/wp-content\/uploads\/2024\/05\/kodomoIMG_20240504_192326-300x241.webp 300w, https:\/\/soleil-levant-asso.fr\/wp-content\/uploads\/2024\/05\/kodomoIMG_20240504_192326-768x616.webp 768w, https:\/\/soleil-levant-asso.fr\/wp-content\/uploads\/2024\/05\/kodomoIMG_20240504_192326.webp 1506w\" sizes=\"(max-width: 1024px) 100vw, 1024px\" \/><\/figure>\n\n\n\n<figure class=\"wp-block-image size-large\"><img decoding=\"async\" loading=\"lazy\" width=\"1024\" height=\"768\" data-id=\"3095\"  src=\"https:\/\/soleil-levant-asso.fr\/wp-content\/uploads\/2024\/05\/kodomo1000133-1024x768.webp\" alt=\"\" class=\"wp-image-3095\" srcset=\"https:\/\/soleil-levant-asso.fr\/wp-content\/uploads\/2024\/05\/kodomo1000133-1024x768.webp 1024w, https:\/\/soleil-levant-asso.fr\/wp-content\/uploads\/2024\/05\/kodomo1000133-300x225.webp 300w, https:\/\/soleil-levant-asso.fr\/wp-content\/uploads\/2024\/05\/kodomo1000133-768x576.webp 768w, https:\/\/soleil-levant-asso.fr\/wp-content\/uploads\/2024\/05\/kodomo1000133-1536x1152.webp 1536w, https:\/\/soleil-levant-asso.fr\/wp-content\/uploads\/2024\/05\/kodomo1000133.webp 1610w\" sizes=\"(max-width: 1024px) 100vw, 1024px\" \/><\/figure>\n\n\n\n<figure class=\"wp-block-image size-large\"><img decoding=\"async\" loading=\"lazy\" width=\"1024\" height=\"768\" data-id=\"3098\"  src=\"https:\/\/soleil-levant-asso.fr\/wp-content\/uploads\/2024\/05\/kodomo1000163-1024x768.webp\" alt=\"\" class=\"wp-image-3098\" srcset=\"https:\/\/soleil-levant-asso.fr\/wp-content\/uploads\/2024\/05\/kodomo1000163-1024x768.webp 1024w, https:\/\/soleil-levant-asso.fr\/wp-content\/uploads\/2024\/05\/kodomo1000163-300x225.webp 300w, https:\/\/soleil-levant-asso.fr\/wp-content\/uploads\/2024\/05\/kodomo1000163-768x576.webp 768w, https:\/\/soleil-levant-asso.fr\/wp-content\/uploads\/2024\/05\/kodomo1000163-1536x1152.webp 1536w, https:\/\/soleil-levant-asso.fr\/wp-content\/uploads\/2024\/05\/kodomo1000163.webp 1610w\" sizes=\"(max-width: 1024px) 100vw, 1024px\" \/><\/figure>\n\n\n\n<figure class=\"wp-block-image size-large\"><img decoding=\"async\" loading=\"lazy\" width=\"768\" height=\"1024\" data-id=\"3101\"  src=\"https:\/\/soleil-levant-asso.fr\/wp-content\/uploads\/2024\/05\/kodomoIMG_20240504_105311-768x1024.webp\" alt=\"\" class=\"wp-image-3101\" srcset=\"https:\/\/soleil-levant-asso.fr\/wp-content\/uploads\/2024\/05\/kodomoIMG_20240504_105311-768x1024.webp 768w, https:\/\/soleil-levant-asso.fr\/wp-content\/uploads\/2024\/05\/kodomoIMG_20240504_105311-225x300.webp 225w, https:\/\/soleil-levant-asso.fr\/wp-content\/uploads\/2024\/05\/kodomoIMG_20240504_105311.webp 906w\" sizes=\"(max-width: 768px) 100vw, 768px\" \/><\/figure>\n\n\n\n<figure class=\"wp-block-image size-large\"><img decoding=\"async\" loading=\"lazy\" width=\"768\" height=\"1024\" data-id=\"3099\"  src=\"https:\/\/soleil-levant-asso.fr\/wp-content\/uploads\/2024\/05\/kodomo1000165-768x1024.webp\" alt=\"\" class=\"wp-image-3099\" srcset=\"https:\/\/soleil-levant-asso.fr\/wp-content\/uploads\/2024\/05\/kodomo1000165-768x1024.webp 768w, https:\/\/soleil-levant-asso.fr\/wp-content\/uploads\/2024\/05\/kodomo1000165-225x300.webp 225w, https:\/\/soleil-levant-asso.fr\/wp-content\/uploads\/2024\/05\/kodomo1000165.webp 906w\" sizes=\"(max-width: 768px) 100vw, 768px\" \/><\/figure>\n<\/figure>\n\n\n\n<div class=\"wp-block-group is-content-justification-center is-nowrap is-layout-flex wp-container-13\">\n<figure class=\"wp-block-video\"><video controls src=\"https:\/\/soleil-levant-asso.fr\/wp-content\/uploads\/2024\/05\/kodomoVID_20240505_142550-1.mp4\"><\/video><\/figure>\n\n\n\n<figure class=\"wp-block-video\"><video controls src=\"http:\/\/soleil-levant-asso.fr\/wp-content\/uploads\/2024\/05\/kodomoVID_20240505_142612.mp4\"><\/video><\/figure>\n<\/div>\n\n\n\n<figure class=\"wp-block-gallery has-nested-images columns-default is-cropped wp-block-gallery-14 is-layout-flex\">\n<figure class=\"wp-block-image size-large\"><img decoding=\"async\" loading=\"lazy\" width=\"768\" height=\"1024\" data-id=\"3091\"  src=\"https:\/\/soleil-levant-asso.fr\/wp-content\/uploads\/2024\/05\/kodomo1000094-768x1024.webp\" alt=\"\" class=\"wp-image-3091\" srcset=\"https:\/\/soleil-levant-asso.fr\/wp-content\/uploads\/2024\/05\/kodomo1000094-768x1024.webp 768w, https:\/\/soleil-levant-asso.fr\/wp-content\/uploads\/2024\/05\/kodomo1000094-225x300.webp 225w, https:\/\/soleil-levant-asso.fr\/wp-content\/uploads\/2024\/05\/kodomo1000094.webp 906w\" sizes=\"(max-width: 768px) 100vw, 768px\" \/><\/figure>\n\n\n\n<figure class=\"wp-block-image size-large\"><img decoding=\"async\" loading=\"lazy\" width=\"768\" height=\"1024\" data-id=\"3104\"  src=\"https:\/\/soleil-levant-asso.fr\/wp-content\/uploads\/2024\/05\/kodomoIMG_20240505_110907-768x1024.webp\" alt=\"\" class=\"wp-image-3104\" srcset=\"https:\/\/soleil-levant-asso.fr\/wp-content\/uploads\/2024\/05\/kodomoIMG_20240505_110907-768x1024.webp 768w, https:\/\/soleil-levant-asso.fr\/wp-content\/uploads\/2024\/05\/kodomoIMG_20240505_110907-225x300.webp 225w, https:\/\/soleil-levant-asso.fr\/wp-content\/uploads\/2024\/05\/kodomoIMG_20240505_110907.webp 864w\" sizes=\"(max-width: 768px) 100vw, 768px\" \/><\/figure>\n\n\n\n<figure class=\"wp-block-image size-large\"><img decoding=\"async\" loading=\"lazy\" width=\"768\" height=\"1024\" data-id=\"3105\"  src=\"https:\/\/soleil-levant-asso.fr\/wp-content\/uploads\/2024\/05\/kodomoIMG_20240505_111435-768x1024.webp\" alt=\"\" class=\"wp-image-3105\" srcset=\"https:\/\/soleil-levant-asso.fr\/wp-content\/uploads\/2024\/05\/kodomoIMG_20240505_111435-768x1024.webp 768w, https:\/\/soleil-levant-asso.fr\/wp-content\/uploads\/2024\/05\/kodomoIMG_20240505_111435-225x300.webp 225w, https:\/\/soleil-levant-asso.fr\/wp-content\/uploads\/2024\/05\/kodomoIMG_20240505_111435.webp 864w\" sizes=\"(max-width: 768px) 100vw, 768px\" \/><\/figure>\n\n\n\n<figure class=\"wp-block-image size-large\"><img decoding=\"async\" loading=\"lazy\" width=\"768\" height=\"1024\" data-id=\"3087\"  src=\"https:\/\/soleil-levant-asso.fr\/wp-content\/uploads\/2024\/05\/kodomo1000080-768x1024.webp\" alt=\"\" class=\"wp-image-3087\" srcset=\"https:\/\/soleil-levant-asso.fr\/wp-content\/uploads\/2024\/05\/kodomo1000080-768x1024.webp 768w, https:\/\/soleil-levant-asso.fr\/wp-content\/uploads\/2024\/05\/kodomo1000080-225x300.webp 225w, https:\/\/soleil-levant-asso.fr\/wp-content\/uploads\/2024\/05\/kodomo1000080.webp 906w\" sizes=\"(max-width: 768px) 100vw, 768px\" \/><\/figure>\n\n\n\n<figure class=\"wp-block-image size-large\"><img decoding=\"async\" loading=\"lazy\" width=\"768\" height=\"1024\" data-id=\"3088\"  src=\"https:\/\/soleil-levant-asso.fr\/wp-content\/uploads\/2024\/05\/kodomo1000085-768x1024.webp\" alt=\"\" class=\"wp-image-3088\" srcset=\"https:\/\/soleil-levant-asso.fr\/wp-content\/uploads\/2024\/05\/kodomo1000085-768x1024.webp 768w, https:\/\/soleil-levant-asso.fr\/wp-content\/uploads\/2024\/05\/kodomo1000085-225x300.webp 225w, https:\/\/soleil-levant-asso.fr\/wp-content\/uploads\/2024\/05\/kodomo1000085.webp 906w\" sizes=\"(max-width: 768px) 100vw, 768px\" \/><\/figure>\n\n\n\n<figure class=\"wp-block-image size-large\"><img decoding=\"async\" loading=\"lazy\" width=\"1024\" height=\"768\" data-id=\"3094\"  src=\"https:\/\/soleil-levant-asso.fr\/wp-content\/uploads\/2024\/05\/kodomo1000130-1024x768.webp\" alt=\"\" class=\"wp-image-3094\" srcset=\"https:\/\/soleil-levant-asso.fr\/wp-content\/uploads\/2024\/05\/kodomo1000130-1024x768.webp 1024w, https:\/\/soleil-levant-asso.fr\/wp-content\/uploads\/2024\/05\/kodomo1000130-300x225.webp 300w, https:\/\/soleil-levant-asso.fr\/wp-content\/uploads\/2024\/05\/kodomo1000130-768x576.webp 768w, https:\/\/soleil-levant-asso.fr\/wp-content\/uploads\/2024\/05\/kodomo1000130-1536x1152.webp 1536w, https:\/\/soleil-levant-asso.fr\/wp-content\/uploads\/2024\/05\/kodomo1000130.webp 1610w\" sizes=\"(max-width: 1024px) 100vw, 1024px\" \/><\/figure>\n\n\n\n<figure class=\"wp-block-image size-large\"><img decoding=\"async\" loading=\"lazy\" width=\"768\" height=\"1024\" data-id=\"3103\"  src=\"https:\/\/soleil-levant-asso.fr\/wp-content\/uploads\/2024\/05\/kodomoIMG_20240505_110902-768x1024.webp\" alt=\"\" class=\"wp-image-3103\" srcset=\"https:\/\/soleil-levant-asso.fr\/wp-content\/uploads\/2024\/05\/kodomoIMG_20240505_110902-768x1024.webp 768w, https:\/\/soleil-levant-asso.fr\/wp-content\/uploads\/2024\/05\/kodomoIMG_20240505_110902-225x300.webp 225w, https:\/\/soleil-levant-asso.fr\/wp-content\/uploads\/2024\/05\/kodomoIMG_20240505_110902.webp 864w\" sizes=\"(max-width: 768px) 100vw, 768px\" \/><\/figure>\n\n\n\n<figure class=\"wp-block-image size-large\"><img decoding=\"async\" loading=\"lazy\" width=\"1024\" height=\"768\" data-id=\"3093\"  src=\"https:\/\/soleil-levant-asso.fr\/wp-content\/uploads\/2024\/05\/kodomo1000123-1024x768.webp\" alt=\"\" class=\"wp-image-3093\" srcset=\"https:\/\/soleil-levant-asso.fr\/wp-content\/uploads\/2024\/05\/kodomo1000123-1024x768.webp 1024w, https:\/\/soleil-levant-asso.fr\/wp-content\/uploads\/2024\/05\/kodomo1000123-300x225.webp 300w, https:\/\/soleil-levant-asso.fr\/wp-content\/uploads\/2024\/05\/kodomo1000123-768x576.webp 768w, https:\/\/soleil-levant-asso.fr\/wp-content\/uploads\/2024\/05\/kodomo1000123-1536x1152.webp 1536w, https:\/\/soleil-levant-asso.fr\/wp-content\/uploads\/2024\/05\/kodomo1000123.webp 1610w\" sizes=\"(max-width: 1024px) 100vw, 1024px\" \/><\/figure>\n<\/figure>\n","protected":false},"excerpt":{"rendered":"<p>Mai 2024 Kodomo No Hi Dans un monde parfois marqu\u00e9 par la h\u00e2te et la tension, les cultures du monde entier ont toujours trouv\u00e9 des moyens de c\u00e9l\u00e9brer la beaut\u00e9 et l&rsquo;innocence de l&rsquo;enfance. Une de ces c\u00e9l\u00e9brations joyeuses est<\/p>\n","protected":false},"author":3,"featured_media":0,"parent":0,"menu_order":0,"comment_status":"closed","ping_status":"closed","template":"","meta":[],"_links":{"self":[{"href":"https:\/\/soleil-levant-asso.fr\/index.php?rest_route=\/wp\/v2\/pages\/2912"}],"collection":[{"href":"https:\/\/soleil-levant-asso.fr\/index.php?rest_route=\/wp\/v2\/pages"}],"about":[{"href":"https:\/\/soleil-levant-asso.fr\/index.php?rest_route=\/wp\/v2\/types\/page"}],"author":[{"embeddable":true,"href":"https:\/\/soleil-levant-asso.fr\/index.php?rest_route=\/wp\/v2\/users\/3"}],"replies":[{"embeddable":true,"href":"https:\/\/soleil-levant-asso.fr\/index.php?rest_route=%2Fwp%2Fv2%2Fcomments&post=2912"}],"version-history":[{"count":6,"href":"https:\/\/soleil-levant-asso.fr\/index.php?rest_route=\/wp\/v2\/pages\/2912\/revisions"}],"predecessor-version":[{"id":3116,"href":"https:\/\/soleil-levant-asso.fr\/index.php?rest_route=\/wp\/v2\/pages\/2912\/revisions\/3116"}],"wp:attachment":[{"href":"https:\/\/soleil-levant-asso.fr\/index.php?rest_route=%2Fwp%2Fv2%2Fmedia&parent=2912"}],"curies":[{"name":"wp","href":"https:\/\/api.w.org\/{rel}","templated":true}]}}