{"id":2763,"date":"2024-01-07T16:25:36","date_gmt":"2024-01-07T15:25:36","guid":{"rendered":"https:\/\/soleil-levant-asso.fr\/?page_id=2763"},"modified":"2024-11-15T00:00:17","modified_gmt":"2024-11-14T23:00:17","slug":"epiceries-japonaises","status":"publish","type":"page","link":"https:\/\/soleil-levant-asso.fr\/?page_id=2763","title":{"rendered":"Epiceries japonaises"},"content":{"rendered":"<div class=\"wp-block-image is-style-rounded\">\n<figure class=\"aligncenter size-large is-resized\"><img decoding=\"async\" loading=\"lazy\" src=\"http:\/\/soleil-levant-asso.fr\/wp-content\/uploads\/2024\/01\/Epicerie-1-1024x1024.png\" alt=\"\" class=\"wp-image-2759\" width=\"215\" height=\"215\" srcset=\"https:\/\/soleil-levant-asso.fr\/wp-content\/uploads\/2024\/01\/Epicerie-1-1024x1024.png 1024w, https:\/\/soleil-levant-asso.fr\/wp-content\/uploads\/2024\/01\/Epicerie-1-300x300.png 300w, https:\/\/soleil-levant-asso.fr\/wp-content\/uploads\/2024\/01\/Epicerie-1-150x150.png 150w, https:\/\/soleil-levant-asso.fr\/wp-content\/uploads\/2024\/01\/Epicerie-1-768x768.png 768w, https:\/\/soleil-levant-asso.fr\/wp-content\/uploads\/2024\/01\/Epicerie-1-230x230.png 230w, https:\/\/soleil-levant-asso.fr\/wp-content\/uploads\/2024\/01\/Epicerie-1-330x330.png 330w, https:\/\/soleil-levant-asso.fr\/wp-content\/uploads\/2024\/01\/Epicerie-1.png 1080w\" sizes=\"(max-width: 215px) 100vw, 215px\" \/><\/figure><\/div>\n\n\n<div class=\"wp-block-columns alignfull has-text-color has-background is-layout-flex wp-container-4\" style=\"color:#000000;background-color:#ffffff\">\n<div class=\"wp-block-column is-layout-flow\">\n<hr class=\"wp-block-separator has-alpha-channel-opacity\"\/>\n\n\n\n<h3 class=\"wp-block-heading has-text-align-center\" style=\"font-size:24px;line-height:1.3\"><strong>Comptoir d&rsquo;Asie Angers  <\/strong><\/h3>\n\n\n\n<p class=\"has-black-color has-text-color\">T\u00e9l\u00e9phone : 02 41 88 53 54<\/p>\n\n\n\n<p class=\"has-black-color has-text-color\">Adresse : 36B Boulevard Ayrault 49100 Angers<\/p>\n\n\n\n<p class=\"has-black-color has-text-color\">Horaires : <\/p>\n\n\n\n<ul>\n<li style=\"font-size:15px\">Lundi : Ferm\u00e9<\/li>\n\n\n\n<li style=\"font-size:15px\">Mardi : 09H30 &#8211; 20H00<\/li>\n\n\n\n<li style=\"font-size:15px\">Mercredi : 09H30 &#8211; 20H00<\/li>\n\n\n\n<li style=\"font-size:15px\">Jeudi : 09H30 &#8211; 20H00<\/li>\n\n\n\n<li style=\"font-size:15px\">Vendredi : 09H30 &#8211; 20H00<\/li>\n\n\n\n<li style=\"font-size:15px\">Samedi : 09H30 &#8211; 20H00<\/li>\n\n\n\n<li style=\"font-size:15px\">Dimanche : 11H00 &#8211; 20H00<\/li>\n<\/ul>\n\n\n\n<p><\/p>\n\n\n\n<hr class=\"wp-block-separator has-alpha-channel-opacity\"\/>\n<\/div>\n\n\n\n<div class=\"wp-block-column is-layout-flow\">\n<hr class=\"wp-block-separator has-alpha-channel-opacity\"\/>\n\n\n\n<h3 class=\"wp-block-heading has-text-align-center\" style=\"font-size:24px;line-height:1.3\"><strong>Asia Market<\/strong><\/h3>\n\n\n\n<p class=\"has-black-color has-text-color\" style=\"font-size:15px\">T\u00e9l\u00e9phone : 02 53 20 67 13<\/p>\n\n\n\n<p class=\"has-black-color has-text-color\" style=\"font-size:15px\">Adresse : &nbsp;283 Av. Pasteur, 49100 Angers<\/p>\n\n\n\n<p class=\"has-black-color has-text-color\" style=\"font-size:15px\">Horaires <\/p>\n\n\n\n<ul>\n<li style=\"font-size:15px\">Lundi : 09H30-20H00<\/li>\n\n\n\n<li style=\"font-size:15px\">Mardi : 09H30-20H00<\/li>\n\n\n\n<li style=\"font-size:15px\">Mercredi : 09H30-20H00<\/li>\n\n\n\n<li style=\"font-size:15px\">Jeudi : 09H30-20H00<\/li>\n\n\n\n<li style=\"font-size:15px\">Vendredi : 09H30-20H00<\/li>\n\n\n\n<li style=\"font-size:15px\">Samedi : 09H30-20H00<\/li>\n\n\n\n<li style=\"font-size:15px\">Dimanche : 09H30-18H00<\/li>\n<\/ul>\n<\/div>\n\n\n\n<div class=\"wp-block-column is-layout-flow\">\n<hr class=\"wp-block-separator has-alpha-channel-opacity\"\/>\n\n\n\n<h3 class=\"wp-block-heading has-text-align-center\" style=\"font-size:24px;line-height:1.3\"><strong>Nouvelle Asie<\/strong><\/h3>\n\n\n\n<p class=\"has-black-color has-text-color\">T\u00e9l\u00e9phone : 02 44 01 43 58<\/p>\n\n\n\n<p class=\"has-black-color has-text-color\">Adresse : 26 BD Carnot 49100 Angers<\/p>\n\n\n\n<p class=\"has-black-color has-text-color\">Horaires <\/p>\n\n\n\n<ul>\n<li style=\"font-size:15px\">Lundi : 09H30-19H30<\/li>\n\n\n\n<li style=\"font-size:15px\">Mardi : 09H30-19H30<\/li>\n\n\n\n<li style=\"font-size:15px\">Mercredi : 09H30-19H30<\/li>\n\n\n\n<li style=\"font-size:15px\">Jeudi : 09H30-19H30<\/li>\n\n\n\n<li style=\"font-size:15px\">Vendredi : 09H30-19H30<\/li>\n\n\n\n<li style=\"font-size:15px\">Samedi : 09H30-19H30<\/li>\n\n\n\n<li style=\"font-size:15px\">Dimanche : 09H30-19H30<\/li>\n<\/ul>\n\n\n\n<ul>\n<li>.<\/li>\n<\/ul>\n<\/div>\n<\/div>\n","protected":false},"excerpt":{"rendered":"<p>Comptoir d&rsquo;Asie Angers T\u00e9l\u00e9phone : 02 41 88 53 54 Adresse : 36B Boulevard Ayrault 49100 Angers Horaires : Asia Market T\u00e9l\u00e9phone : 02 53 20 67 13 Adresse : &nbsp;283 Av. Pasteur, 49100 Angers Horaires Nouvelle Asie T\u00e9l\u00e9phone :<\/p>\n","protected":false},"author":3,"featured_media":0,"parent":0,"menu_order":0,"comment_status":"closed","ping_status":"closed","template":"","meta":[],"_links":{"self":[{"href":"https:\/\/soleil-levant-asso.fr\/index.php?rest_route=\/wp\/v2\/pages\/2763"}],"collection":[{"href":"https:\/\/soleil-levant-asso.fr\/index.php?rest_route=\/wp\/v2\/pages"}],"about":[{"href":"https:\/\/soleil-levant-asso.fr\/index.php?rest_route=\/wp\/v2\/types\/page"}],"author":[{"embeddable":true,"href":"https:\/\/soleil-levant-asso.fr\/index.php?rest_route=\/wp\/v2\/users\/3"}],"replies":[{"embeddable":true,"href":"https:\/\/soleil-levant-asso.fr\/index.php?rest_route=%2Fwp%2Fv2%2Fcomments&post=2763"}],"version-history":[{"count":7,"href":"https:\/\/soleil-levant-asso.fr\/index.php?rest_route=\/wp\/v2\/pages\/2763\/revisions"}],"predecessor-version":[{"id":3244,"href":"https:\/\/soleil-levant-asso.fr\/index.php?rest_route=\/wp\/v2\/pages\/2763\/revisions\/3244"}],"wp:attachment":[{"href":"https:\/\/soleil-levant-asso.fr\/index.php?rest_route=%2Fwp%2Fv2%2Fmedia&parent=2763"}],"curies":[{"name":"wp","href":"https:\/\/api.w.org\/{rel}","templated":true}]}}