{"id":2707,"date":"2023-12-29T16:34:53","date_gmt":"2023-12-29T15:34:53","guid":{"rendered":"https:\/\/soleil-levant-asso.fr\/?page_id=2707"},"modified":"2024-05-09T11:46:00","modified_gmt":"2024-05-09T09:46:00","slug":"club-japon","status":"publish","type":"page","link":"https:\/\/soleil-levant-asso.fr\/?page_id=2707","title":{"rendered":"Club JAPON"},"content":{"rendered":"\n<div class=\"wp-block-columns is-layout-flex wp-container-6\">\n<div class=\"wp-block-column is-layout-flow\" style=\"flex-basis:66.66%\">\n<p>Si on devait d\u00e9crire le \u00ab\u00a0CLUB JAPON\u00a0\u00bb en deux mots, \u00e7a serait : \u00ab\u00a0<strong>d\u00e9couverte<\/strong>\u00a0\u00bb et \u00ab\u00a0<strong>\u00e9change<\/strong>\u00a0\u00bb ! <\/p>\n\n\n\n<hr class=\"wp-block-separator has-alpha-channel-opacity\"\/>\n\n\n\n<p><strong>L&rsquo;objectif ? <\/strong><\/p>\n\n\n\n<hr class=\"wp-block-separator has-alpha-channel-opacity\"\/>\n\n\n\n<p>Le CLUB JAPON permet aux amoureux.se.s du pays du Soleil Levant de se retrouver pour \u00e9changer et d\u00e9couvrir les cultures japonaises selon les envies de chacun.e.s !<\/p>\n\n\n\n<p>Nous organisons donc plusieurs activit\u00e9s pour d\u00e9couvrir toutes les facettes du Japon et de la culture japonaise (du plus traditionnel ou plus moderne) <\/p>\n\n\n\n<p><\/p>\n\n\n\n<hr class=\"wp-block-separator has-text-color has-white-color has-alpha-channel-opacity has-white-background-color has-background is-style-default\"\/>\n\n\n\n<div class=\"wp-block-group is-vertical is-layout-flex wp-container-1\">\n<hr class=\"wp-block-separator has-alpha-channel-opacity\"\/>\n<\/div>\n<\/div>\n\n\n\n<div class=\"wp-block-column is-layout-flow\" style=\"flex-basis:25%\">\n<figure class=\"wp-block-gallery has-nested-images columns-1 is-cropped wp-block-gallery-3 is-layout-flex\">\n<figure class=\"wp-block-image size-large\"><img decoding=\"async\" loading=\"lazy\" width=\"1024\" height=\"1024\" src=\"http:\/\/soleil-levant-asso.fr\/wp-content\/uploads\/2023\/10\/Club-JAPON-1024x1024.png\" alt=\"\" class=\"wp-image-2458\" srcset=\"https:\/\/soleil-levant-asso.fr\/wp-content\/uploads\/2023\/10\/Club-JAPON-1024x1024.png 1024w, https:\/\/soleil-levant-asso.fr\/wp-content\/uploads\/2023\/10\/Club-JAPON-300x300.png 300w, https:\/\/soleil-levant-asso.fr\/wp-content\/uploads\/2023\/10\/Club-JAPON-150x150.png 150w, https:\/\/soleil-levant-asso.fr\/wp-content\/uploads\/2023\/10\/Club-JAPON-768x768.png 768w, https:\/\/soleil-levant-asso.fr\/wp-content\/uploads\/2023\/10\/Club-JAPON-230x230.png 230w, https:\/\/soleil-levant-asso.fr\/wp-content\/uploads\/2023\/10\/Club-JAPON-330x330.png 330w, https:\/\/soleil-levant-asso.fr\/wp-content\/uploads\/2023\/10\/Club-JAPON.png 1080w\" sizes=\"(max-width: 1024px) 100vw, 1024px\" \/><\/figure>\n<\/figure>\n<\/div>\n<\/div>\n\n\n\n<div class=\"wp-block-columns is-layout-flex wp-container-15\">\n<div class=\"wp-block-column is-layout-flow\">\n<figure class=\"wp-block-gallery has-nested-images columns-4 is-cropped wp-block-gallery-7 is-layout-flex\">\n<figure class=\"wp-block-image size-large\"><img decoding=\"async\" loading=\"lazy\" width=\"1024\" height=\"768\" src=\"https:\/\/soleil-levant-asso.fr\/wp-content\/uploads\/2024\/05\/a-IMG20240229213501-1024x768.webp\" alt=\"\" class=\"wp-image-3213\" srcset=\"https:\/\/soleil-levant-asso.fr\/wp-content\/uploads\/2024\/05\/a-IMG20240229213501-1024x768.webp 1024w, https:\/\/soleil-levant-asso.fr\/wp-content\/uploads\/2024\/05\/a-IMG20240229213501-300x225.webp 300w, https:\/\/soleil-levant-asso.fr\/wp-content\/uploads\/2024\/05\/a-IMG20240229213501-768x576.webp 768w, https:\/\/soleil-levant-asso.fr\/wp-content\/uploads\/2024\/05\/a-IMG20240229213501-1536x1152.webp 1536w, https:\/\/soleil-levant-asso.fr\/wp-content\/uploads\/2024\/05\/a-IMG20240229213501.webp 1610w\" sizes=\"(max-width: 1024px) 100vw, 1024px\" \/><\/figure>\n\n\n\n<figure class=\"wp-block-image size-large\"><img decoding=\"async\" loading=\"lazy\" width=\"768\" height=\"1024\" src=\"https:\/\/soleil-levant-asso.fr\/wp-content\/uploads\/2024\/05\/mardi-IMG20231107203907-768x1024.webp\" alt=\"\" class=\"wp-image-3167\" srcset=\"https:\/\/soleil-levant-asso.fr\/wp-content\/uploads\/2024\/05\/mardi-IMG20231107203907-768x1024.webp 768w, https:\/\/soleil-levant-asso.fr\/wp-content\/uploads\/2024\/05\/mardi-IMG20231107203907-225x300.webp 225w, https:\/\/soleil-levant-asso.fr\/wp-content\/uploads\/2024\/05\/mardi-IMG20231107203907.webp 906w\" sizes=\"(max-width: 768px) 100vw, 768px\" \/><\/figure>\n\n\n\n<figure class=\"wp-block-image size-large\"><img decoding=\"async\" loading=\"lazy\" width=\"1024\" height=\"768\" src=\"https:\/\/soleil-levant-asso.fr\/wp-content\/uploads\/2024\/05\/mardi-IMG20231114192422-1024x768.webp\" alt=\"\" class=\"wp-image-3169\" srcset=\"https:\/\/soleil-levant-asso.fr\/wp-content\/uploads\/2024\/05\/mardi-IMG20231114192422-1024x768.webp 1024w, https:\/\/soleil-levant-asso.fr\/wp-content\/uploads\/2024\/05\/mardi-IMG20231114192422-300x225.webp 300w, https:\/\/soleil-levant-asso.fr\/wp-content\/uploads\/2024\/05\/mardi-IMG20231114192422-768x576.webp 768w, https:\/\/soleil-levant-asso.fr\/wp-content\/uploads\/2024\/05\/mardi-IMG20231114192422-1536x1152.webp 1536w, https:\/\/soleil-levant-asso.fr\/wp-content\/uploads\/2024\/05\/mardi-IMG20231114192422.webp 1610w\" sizes=\"(max-width: 1024px) 100vw, 1024px\" \/><\/figure>\n\n\n\n<figure class=\"wp-block-image size-large\"><img decoding=\"async\" loading=\"lazy\" width=\"1024\" height=\"768\" src=\"https:\/\/soleil-levant-asso.fr\/wp-content\/uploads\/2023\/12\/IMG20230926202636-1024x768.jpg\" alt=\"\" class=\"wp-image-2721\" srcset=\"https:\/\/soleil-levant-asso.fr\/wp-content\/uploads\/2023\/12\/IMG20230926202636-1024x768.jpg 1024w, https:\/\/soleil-levant-asso.fr\/wp-content\/uploads\/2023\/12\/IMG20230926202636-300x225.jpg 300w, https:\/\/soleil-levant-asso.fr\/wp-content\/uploads\/2023\/12\/IMG20230926202636-768x576.jpg 768w, https:\/\/soleil-levant-asso.fr\/wp-content\/uploads\/2023\/12\/IMG20230926202636-1536x1152.jpg 1536w, https:\/\/soleil-levant-asso.fr\/wp-content\/uploads\/2023\/12\/IMG20230926202636-2048x1536.jpg 2048w\" sizes=\"(max-width: 1024px) 100vw, 1024px\" \/><\/figure>\n<\/figure>\n\n\n\n<hr class=\"wp-block-separator has-alpha-channel-opacity\"\/>\n\n\n\n<div class=\"wp-block-columns is-layout-flex wp-container-13\">\n<div class=\"wp-block-column is-layout-flow\">\n<div class=\"wp-block-columns is-layout-flex wp-container-11\">\n<div class=\"wp-block-column is-layout-flow\">\n<p class=\"has-text-align-center has-black-color has-text-color has-background\" style=\"background-color:#fea98c\"><strong>ACTIVITE DE SOLEIL LEVANT<\/strong><\/p>\n\n\n\n<hr class=\"wp-block-separator has-alpha-channel-opacity\"\/>\n\n\n\n<p>Le programme du club JAPON est d\u00e9fini par ces membres au fur et \u00e0 mesure de l&rsquo;ann\u00e9e.<\/p>\n\n\n\n<p>Depuis la cr\u00e9ation de l&rsquo;association en 2011, le club JAPON permet de :<\/p>\n\n\n\n<ul>\n<li style=\"font-size:15px\">Partager ces TIPS pour voyager au JAPON<\/li>\n\n\n\n<li style=\"font-size:15px\">D\u00e9couvrir le JAPON (feedback &#8211; photos de voyage) <\/li>\n\n\n\n<li style=\"font-size:15px\">Etudier ou de s&rsquo;initier \u00e0 la langue japonais<\/li>\n\n\n\n<li style=\"font-size:15px\">Echange (et d\u00e9couverte) autour du mangas<\/li>\n\n\n\n<li style=\"font-size:15px\">Faire du cosplay : \u00e9change, pr\u00e9paration<\/li>\n\n\n\n<li style=\"font-size:15px\">S&rsquo;initier \u00e0 la calligraphie<\/li>\n\n\n\n<li style=\"font-size:15px\">S&rsquo;initier et se perfection \u00e0 l&rsquo;origami<\/li>\n\n\n\n<li style=\"font-size:15px\">Faire (ou essayer) des amigurumis <\/li>\n\n\n\n<li style=\"font-size:15px\">etc.<\/li>\n<\/ul>\n\n\n\n<hr class=\"wp-block-separator has-alpha-channel-opacity\"\/>\n\n\n\n<p>La liste des activit\u00e9s du Club JAPON n&rsquo;est pas exhaustive et s&rsquo;allonge chaque ann\u00e9e !<\/p>\n\n\n\n<hr class=\"wp-block-separator has-alpha-channel-opacity\"\/>\n\n\n\n<p>Viens toi aussi \u00e9changer avec des passionn\u00e9s de la culture japonaise et proposer tes id\u00e9es !<\/p>\n<\/div>\n\n\n\n<div class=\"wp-block-column is-layout-flow\">\n<figure class=\"wp-block-image size-large is-resized\"><img decoding=\"async\" loading=\"lazy\" src=\"https:\/\/soleil-levant-asso.fr\/wp-content\/uploads\/2020\/10\/IMG_20191202_220144-1.jpg\" alt=\"\" class=\"wp-image-2072\" width=\"528\" height=\"396\"\/><\/figure>\n\n\n\n<figure class=\"wp-block-image size-large\"><img decoding=\"async\" loading=\"lazy\" width=\"1024\" height=\"512\" src=\"https:\/\/soleil-levant-asso.fr\/wp-content\/uploads\/2023\/08\/Mangastheque-1024x512.jpg\" alt=\"\" class=\"wp-image-2241\" srcset=\"https:\/\/soleil-levant-asso.fr\/wp-content\/uploads\/2023\/08\/Mangastheque-1024x512.jpg 1024w, https:\/\/soleil-levant-asso.fr\/wp-content\/uploads\/2023\/08\/Mangastheque-300x150.jpg 300w, https:\/\/soleil-levant-asso.fr\/wp-content\/uploads\/2023\/08\/Mangastheque-768x384.jpg 768w, https:\/\/soleil-levant-asso.fr\/wp-content\/uploads\/2023\/08\/Mangastheque.jpg 1040w\" sizes=\"(max-width: 1024px) 100vw, 1024px\" \/><figcaption class=\"wp-element-caption\">Mangasth\u00e8que<\/figcaption><\/figure>\n<\/div>\n<\/div>\n<\/div>\n<\/div>\n<\/div>\n<\/div>\n\n\n\n<div class=\"wp-block-buttons is-content-justification-center is-layout-flex wp-container-16\">\n<div class=\"wp-block-button\"><a class=\"wp-block-button__link has-text-align-center wp-element-button\" href=\"https:\/\/soleil-levant-asso.fr\/?page_id=1751\">Pour en savoir plus<\/a><\/div>\n<\/div>\n\n\n\n<hr class=\"wp-block-separator has-alpha-channel-opacity\"\/>\n\n\n\n<hr class=\"wp-block-separator has-alpha-channel-opacity\"\/>\n\n\n\n<div class=\"wp-block-columns is-layout-flex wp-container-23\">\n<div class=\"wp-block-column is-layout-flow\"><div class=\"wp-block-image is-style-rounded\">\n<figure class=\"aligncenter size-full is-resized\"><img decoding=\"async\" loading=\"lazy\" src=\"http:\/\/soleil-levant-asso.fr\/wp-content\/uploads\/2017\/05\/Concours-Cosplay-5-Angers-Soleil-Levant-1.jpg\" alt=\"\" class=\"wp-image-848\" width=\"255\" height=\"191\"\/><\/figure><\/div>\n\n\n<div class=\"wp-block-buttons is-content-justification-center is-layout-flex wp-container-17\">\n<div class=\"wp-block-button\"><a class=\"wp-block-button__link wp-element-button\">Cosplay<\/a><\/div>\n<\/div>\n<\/div>\n\n\n\n<div class=\"wp-block-column is-layout-flow\">\n<figure class=\"wp-block-image size-large is-resized is-style-rounded\"><img decoding=\"async\" loading=\"lazy\" src=\"http:\/\/soleil-levant-asso.fr\/wp-content\/uploads\/2023\/08\/Mangastheque-1024x512.jpg\" alt=\"\" class=\"wp-image-2241\" width=\"353\" height=\"176\" srcset=\"https:\/\/soleil-levant-asso.fr\/wp-content\/uploads\/2023\/08\/Mangastheque-1024x512.jpg 1024w, https:\/\/soleil-levant-asso.fr\/wp-content\/uploads\/2023\/08\/Mangastheque-300x150.jpg 300w, https:\/\/soleil-levant-asso.fr\/wp-content\/uploads\/2023\/08\/Mangastheque-768x384.jpg 768w, https:\/\/soleil-levant-asso.fr\/wp-content\/uploads\/2023\/08\/Mangastheque.jpg 1040w\" sizes=\"(max-width: 353px) 100vw, 353px\" \/><figcaption class=\"wp-element-caption\">Mangasth\u00e8que<\/figcaption><\/figure>\n\n\n\n<div class=\"wp-block-buttons is-content-justification-center is-layout-flex wp-container-19\">\n<div class=\"wp-block-button\"><a class=\"wp-block-button__link wp-element-button\">Mangas : Echange<\/a><\/div>\n<\/div>\n<\/div>\n\n\n\n<div class=\"wp-block-column is-layout-flow\">\n<figure class=\"wp-block-image size-large is-style-rounded\"><img decoding=\"async\" loading=\"lazy\" width=\"1024\" height=\"519\" src=\"http:\/\/soleil-levant-asso.fr\/wp-content\/uploads\/2023\/08\/Angers-geek_241454072_4050000981788670_28465728603965663_n-1024x519.jpg\" alt=\"\" class=\"wp-image-2259\" srcset=\"https:\/\/soleil-levant-asso.fr\/wp-content\/uploads\/2023\/08\/Angers-geek_241454072_4050000981788670_28465728603965663_n-1024x519.jpg 1024w, https:\/\/soleil-levant-asso.fr\/wp-content\/uploads\/2023\/08\/Angers-geek_241454072_4050000981788670_28465728603965663_n-300x152.jpg 300w, https:\/\/soleil-levant-asso.fr\/wp-content\/uploads\/2023\/08\/Angers-geek_241454072_4050000981788670_28465728603965663_n-768x389.jpg 768w, https:\/\/soleil-levant-asso.fr\/wp-content\/uploads\/2023\/08\/Angers-geek_241454072_4050000981788670_28465728603965663_n.jpg 1080w\" sizes=\"(max-width: 1024px) 100vw, 1024px\" \/><figcaption class=\"wp-element-caption\">Origami<\/figcaption><\/figure>\n\n\n\n<div class=\"wp-block-buttons is-content-justification-center is-layout-flex wp-container-21\">\n<div class=\"wp-block-button\"><a class=\"wp-block-button__link wp-element-button\">Origami<\/a><\/div>\n<\/div>\n<\/div>\n<\/div>\n\n\n\n<div class=\"wp-block-columns is-layout-flex wp-container-30\">\n<div class=\"wp-block-column is-layout-flow\"><div class=\"wp-block-image is-style-rounded\">\n<figure class=\"aligncenter size-full is-resized\"><img decoding=\"async\" loading=\"lazy\" src=\"http:\/\/soleil-levant-asso.fr\/wp-content\/uploads\/2017\/06\/Cefoc-Angers-Soleil-levant-atelier-calligraphie-9-1.jpg\" alt=\"atelier calligraphie Cefoc Angers\" class=\"wp-image-929\" width=\"194\" height=\"259\"\/><\/figure><\/div>\n\n\n<div class=\"wp-block-buttons is-content-justification-center is-layout-flex wp-container-24\">\n<div class=\"wp-block-button\"><a class=\"wp-block-button__link wp-element-button\">Calligraphie<\/a><\/div>\n<\/div>\n<\/div>\n\n\n\n<div class=\"wp-block-column is-layout-flow\">\n<figure class=\"wp-block-image size-large is-style-rounded\"><img decoding=\"async\" loading=\"lazy\" width=\"1024\" height=\"768\" src=\"https:\/\/soleil-levant-asso.fr\/wp-content\/uploads\/2023\/12\/IMG20231114192440-1024x768.jpg\" alt=\"\" class=\"wp-image-2719\" srcset=\"https:\/\/soleil-levant-asso.fr\/wp-content\/uploads\/2023\/12\/IMG20231114192440-1024x768.jpg 1024w, https:\/\/soleil-levant-asso.fr\/wp-content\/uploads\/2023\/12\/IMG20231114192440-300x225.jpg 300w, https:\/\/soleil-levant-asso.fr\/wp-content\/uploads\/2023\/12\/IMG20231114192440-768x576.jpg 768w, https:\/\/soleil-levant-asso.fr\/wp-content\/uploads\/2023\/12\/IMG20231114192440-1536x1152.jpg 1536w, https:\/\/soleil-levant-asso.fr\/wp-content\/uploads\/2023\/12\/IMG20231114192440-2048x1536.jpg 2048w\" sizes=\"(max-width: 1024px) 100vw, 1024px\" \/><\/figure>\n\n\n\n<div class=\"wp-block-buttons is-content-justification-center is-layout-flex wp-container-26\">\n<div class=\"wp-block-button\"><a class=\"wp-block-button__link wp-element-button\">Amigurumi<\/a><\/div>\n<\/div>\n<\/div>\n\n\n\n<div class=\"wp-block-column is-layout-flow\">\n<figure class=\"wp-block-image size-large is-style-rounded\"><img decoding=\"async\" loading=\"lazy\" width=\"1024\" height=\"768\" src=\"https:\/\/soleil-levant-asso.fr\/wp-content\/uploads\/2023\/12\/IMG20230926202636-1024x768.jpg\" alt=\"\" class=\"wp-image-2721\" srcset=\"https:\/\/soleil-levant-asso.fr\/wp-content\/uploads\/2023\/12\/IMG20230926202636-1024x768.jpg 1024w, https:\/\/soleil-levant-asso.fr\/wp-content\/uploads\/2023\/12\/IMG20230926202636-300x225.jpg 300w, https:\/\/soleil-levant-asso.fr\/wp-content\/uploads\/2023\/12\/IMG20230926202636-768x576.jpg 768w, https:\/\/soleil-levant-asso.fr\/wp-content\/uploads\/2023\/12\/IMG20230926202636-1536x1152.jpg 1536w, https:\/\/soleil-levant-asso.fr\/wp-content\/uploads\/2023\/12\/IMG20230926202636-2048x1536.jpg 2048w\" sizes=\"(max-width: 1024px) 100vw, 1024px\" \/><\/figure>\n\n\n\n<div class=\"wp-block-buttons is-content-justification-center is-layout-flex wp-container-28\">\n<div class=\"wp-block-button\"><a class=\"wp-block-button__link wp-element-button\">Japon : Echange &amp; D\u00e9couverte<\/a><\/div>\n<\/div>\n<\/div>\n<\/div>\n","protected":false},"excerpt":{"rendered":"<p>Si on devait d\u00e9crire le \u00ab\u00a0CLUB JAPON\u00a0\u00bb en deux mots, \u00e7a serait : \u00ab\u00a0d\u00e9couverte\u00a0\u00bb et \u00ab\u00a0\u00e9change\u00a0\u00bb ! L&rsquo;objectif ? Le CLUB JAPON permet aux amoureux.se.s du pays du Soleil Levant de se retrouver pour \u00e9changer et d\u00e9couvrir les cultures japonaises<\/p>\n","protected":false},"author":3,"featured_media":0,"parent":0,"menu_order":0,"comment_status":"closed","ping_status":"closed","template":"","meta":[],"_links":{"self":[{"href":"https:\/\/soleil-levant-asso.fr\/index.php?rest_route=\/wp\/v2\/pages\/2707"}],"collection":[{"href":"https:\/\/soleil-levant-asso.fr\/index.php?rest_route=\/wp\/v2\/pages"}],"about":[{"href":"https:\/\/soleil-levant-asso.fr\/index.php?rest_route=\/wp\/v2\/types\/page"}],"author":[{"embeddable":true,"href":"https:\/\/soleil-levant-asso.fr\/index.php?rest_route=\/wp\/v2\/users\/3"}],"replies":[{"embeddable":true,"href":"https:\/\/soleil-levant-asso.fr\/index.php?rest_route=%2Fwp%2Fv2%2Fcomments&post=2707"}],"version-history":[{"count":15,"href":"https:\/\/soleil-levant-asso.fr\/index.php?rest_route=\/wp\/v2\/pages\/2707\/revisions"}],"predecessor-version":[{"id":3214,"href":"https:\/\/soleil-levant-asso.fr\/index.php?rest_route=\/wp\/v2\/pages\/2707\/revisions\/3214"}],"wp:attachment":[{"href":"https:\/\/soleil-levant-asso.fr\/index.php?rest_route=%2Fwp%2Fv2%2Fmedia&parent=2707"}],"curies":[{"name":"wp","href":"https:\/\/api.w.org\/{rel}","templated":true}]}}