{"id":2643,"date":"2023-11-18T19:59:16","date_gmt":"2023-11-18T18:59:16","guid":{"rendered":"https:\/\/soleil-levant-asso.fr\/?page_id=2643"},"modified":"2024-11-16T08:23:16","modified_gmt":"2024-11-16T07:23:16","slug":"sinvestir-dans-lassociation","status":"publish","type":"page","link":"https:\/\/soleil-levant-asso.fr\/?page_id=2643","title":{"rendered":"S&rsquo;investir dans l&rsquo;association"},"content":{"rendered":"\n<hr class=\"wp-block-separator has-alpha-channel-opacity\"\/>\n\n\n\n<p class=\"has-black-color has-text-color has-large-font-size\"><strong>Pourquoi  ?<\/strong><\/p>\n\n\n\n<hr class=\"wp-block-separator has-alpha-channel-opacity\"\/>\n\n\n\n<p class=\"has-black-color has-text-color\">Il y a pleins de raison de vouloir s&rsquo;investir dans l&rsquo;association SOLEIL LEVANT \ud83c\udf1e\u26e9\ufe0f  : <\/p>\n\n\n\n<hr class=\"wp-block-separator has-alpha-channel-opacity\"\/>\n\n\n\n<ul>\n<li style=\"font-size:15px\">Partager ta passion de la culture japonaise avec passionn\u00e9s !<\/li>\n\n\n\n<li style=\"font-size:15px\">Rencontrer de nouvelles personnes partageant tes centres d&rsquo;int\u00e9r\u00eats ! C&rsquo;est l&rsquo;occasion d&rsquo;\u00e9largir son r\u00e9seau et de cr\u00e9er de nouvelles amiti\u00e9s ! <\/li>\n\n\n\n<li style=\"font-size:15px\">Faire des \u00e9changes culturels entre les membres (ex. Club JAPON)<\/li>\n\n\n\n<li style=\"font-size:15px\">Contribuer \u00e0 la promotion de la culture japonaise sur le Maine-et-Loire<\/li>\n\n\n\n<li style=\"font-size:15px\">&#8230; <\/li>\n<\/ul>\n\n\n\n<p class=\"has-black-color has-text-color\">Nous n&rsquo;avons pas assez de place pour citer toutes les raisons de rejoindre SOLEIL LEVANT \ud83d\ude09<\/p>\n\n\n\n<hr class=\"wp-block-separator has-alpha-channel-opacity\"\/>\n\n\n\n<hr class=\"wp-block-separator has-alpha-channel-opacity\"\/>\n\n\n\n<p class=\"has-black-color has-text-color has-large-font-size\"><strong>Comment s&rsquo;investir ? <\/strong><\/p>\n\n\n\n<hr class=\"wp-block-separator has-alpha-channel-opacity\"\/>\n\n\n\n<p class=\"has-black-color has-text-color\">Il y a plusieurs possibilit\u00e9s de s&rsquo;investir dans l&rsquo;association selon le temps et le degr\u00e9 d&rsquo;investissement que tu peux faire \ud83d\ude09<\/p>\n\n\n\n<hr class=\"wp-block-separator has-alpha-channel-opacity\"\/>\n\n\n\n<div class=\"wp-block-columns is-layout-flex wp-container-4\">\n<div class=\"wp-block-column is-layout-flow\"><div class=\"wp-block-image\">\n<figure class=\"aligncenter size-thumbnail is-resized\"><img decoding=\"async\" loading=\"lazy\" src=\"https:\/\/soleil-levant-asso.fr\/wp-content\/uploads\/2023\/11\/benevoles-150x150.png\" alt=\"\" class=\"wp-image-2653\" width=\"113\" height=\"113\" srcset=\"https:\/\/soleil-levant-asso.fr\/wp-content\/uploads\/2023\/11\/benevoles-150x150.png 150w, https:\/\/soleil-levant-asso.fr\/wp-content\/uploads\/2023\/11\/benevoles-300x300.png 300w, https:\/\/soleil-levant-asso.fr\/wp-content\/uploads\/2023\/11\/benevoles-1024x1024.png 1024w, https:\/\/soleil-levant-asso.fr\/wp-content\/uploads\/2023\/11\/benevoles-768x768.png 768w, https:\/\/soleil-levant-asso.fr\/wp-content\/uploads\/2023\/11\/benevoles-230x230.png 230w, https:\/\/soleil-levant-asso.fr\/wp-content\/uploads\/2023\/11\/benevoles-330x330.png 330w, https:\/\/soleil-levant-asso.fr\/wp-content\/uploads\/2023\/11\/benevoles.png 1080w\" sizes=\"(max-width: 113px) 100vw, 113px\" \/><\/figure><\/div>\n\n\n<p class=\"has-text-align-center has-black-color has-text-color\"><strong>ETRE<\/strong> <strong>BENEVOLE<\/strong><\/p>\n\n\n\n<hr class=\"wp-block-separator has-alpha-channel-opacity\"\/>\n\n\n\n<p class=\"has-black-color has-text-color\">\u2714 Participation aux \u00e9v\u00e9nements externes de SOLEIL LEVANT <\/p>\n\n\n\n<p class=\"has-black-color has-text-color\">(ex. AngersGeek Fest, Festival au Parc des Maul\u00e9vrier etc.)<\/p>\n\n\n\n<hr class=\"wp-block-separator has-alpha-channel-opacity\"\/>\n\n\n\n<p class=\"has-black-color has-text-color\">\u2714 Faire des propositions d&rsquo;activit\u00e9s \/ \u00e9v\u00e9nements pour l&rsquo;association<\/p>\n\n\n\n<hr class=\"wp-block-separator has-alpha-channel-opacity\"\/>\n\n\n\n<p class=\"has-black-color has-text-color\">\u274c Pas acc\u00e8s aux activit\u00e9s internes de l&rsquo;association propos\u00e9es les mardis soir et les samedis DDR<\/p>\n\n\n\n<p class=\"has-black-color has-text-color\">(Club Japon, Cuisine, DDR, Origami, Jeux de soci\u00e9t\u00e9 etc.)<\/p>\n\n\n\n<hr class=\"wp-block-separator has-alpha-channel-opacity\"\/>\n\n\n\n<p class=\"has-black-color has-text-color\">\u274c Pas de paiement de cotisation<\/p>\n\n\n\n<p><\/p>\n<\/div>\n\n\n\n<div class=\"wp-block-column is-layout-flow\"><div class=\"wp-block-image\">\n<figure class=\"aligncenter size-thumbnail is-resized\"><img decoding=\"async\" loading=\"lazy\" src=\"https:\/\/soleil-levant-asso.fr\/wp-content\/uploads\/2023\/11\/Membre-150x150.png\" alt=\"\" class=\"wp-image-2652\" width=\"113\" height=\"113\" srcset=\"https:\/\/soleil-levant-asso.fr\/wp-content\/uploads\/2023\/11\/Membre-150x150.png 150w, https:\/\/soleil-levant-asso.fr\/wp-content\/uploads\/2023\/11\/Membre-300x300.png 300w, https:\/\/soleil-levant-asso.fr\/wp-content\/uploads\/2023\/11\/Membre-1024x1024.png 1024w, https:\/\/soleil-levant-asso.fr\/wp-content\/uploads\/2023\/11\/Membre-768x768.png 768w, https:\/\/soleil-levant-asso.fr\/wp-content\/uploads\/2023\/11\/Membre-230x230.png 230w, https:\/\/soleil-levant-asso.fr\/wp-content\/uploads\/2023\/11\/Membre-330x330.png 330w, https:\/\/soleil-levant-asso.fr\/wp-content\/uploads\/2023\/11\/Membre.png 1080w\" sizes=\"(max-width: 113px) 100vw, 113px\" \/><\/figure><\/div>\n\n\n<p class=\"has-text-align-center has-black-color has-text-color\"><strong>ETRE MEMBRE<\/strong><\/p>\n\n\n\n<hr class=\"wp-block-separator has-alpha-channel-opacity\"\/>\n\n\n\n<p class=\"has-black-color has-text-color\">\u2714 Participation aux activit\u00e9s internes de SOLEIL LEVANT propos\u00e9es les mardis soirs et les samedis DDR<\/p>\n\n\n\n<p class=\"has-black-color has-text-color\">(Club Japon, Cuisine, DDR, Origami, Jeux de soci\u00e9t\u00e9 etc.)<\/p>\n\n\n\n<hr class=\"wp-block-separator has-alpha-channel-opacity\"\/>\n\n\n\n<p class=\"has-black-color has-text-color\">\u2714 Participation aux \u00e9v\u00e9nements externes de l&rsquo;association (ex. AngersGeek Fest, Festival au Parc des Maul\u00e9vrier etc.)<\/p>\n\n\n\n<hr class=\"wp-block-separator has-alpha-channel-opacity\"\/>\n\n\n\n<p class=\"has-black-color has-text-color\">\u2714 Faire des propositions d&rsquo;activit\u00e9s \/ \u00e9v\u00e9nements pour l&rsquo;association<\/p>\n\n\n\n<hr class=\"wp-block-separator has-alpha-channel-opacity\"\/>\n\n\n\n<p class=\"has-black-color has-text-color\">\u274c Pas la possibilit\u00e9 de voter pour les choix-d\u00e9cisions de l&rsquo;association <\/p>\n\n\n\n<hr class=\"wp-block-separator has-alpha-channel-opacity\"\/>\n\n\n\n<p class=\"has-black-color has-text-color\">\u26e9\ufe0f  Cotisation : 20\u20ac pour l&rsquo;ann\u00e9e (10\u20ac pour la demi-ann\u00e9e \u00e0 partir de janvier)<\/p>\n<\/div>\n\n\n\n<div class=\"wp-block-column is-layout-flow\"><div class=\"wp-block-image\">\n<figure class=\"aligncenter size-thumbnail is-resized\"><img decoding=\"async\" loading=\"lazy\" src=\"https:\/\/soleil-levant-asso.fr\/wp-content\/uploads\/2023\/11\/bureau-1-150x150.png\" alt=\"\" class=\"wp-image-2647\" width=\"113\" height=\"113\" srcset=\"https:\/\/soleil-levant-asso.fr\/wp-content\/uploads\/2023\/11\/bureau-1-150x150.png 150w, https:\/\/soleil-levant-asso.fr\/wp-content\/uploads\/2023\/11\/bureau-1-300x300.png 300w, https:\/\/soleil-levant-asso.fr\/wp-content\/uploads\/2023\/11\/bureau-1-1024x1024.png 1024w, https:\/\/soleil-levant-asso.fr\/wp-content\/uploads\/2023\/11\/bureau-1-768x768.png 768w, https:\/\/soleil-levant-asso.fr\/wp-content\/uploads\/2023\/11\/bureau-1-230x230.png 230w, https:\/\/soleil-levant-asso.fr\/wp-content\/uploads\/2023\/11\/bureau-1-330x330.png 330w, https:\/\/soleil-levant-asso.fr\/wp-content\/uploads\/2023\/11\/bureau-1.png 1080w\" sizes=\"(max-width: 113px) 100vw, 113px\" \/><\/figure><\/div>\n\n\n<p class=\"has-text-align-center has-black-color has-text-color\"><strong>ETRE MEMBRE DU BUREAU<\/strong><\/p>\n\n\n\n<hr class=\"wp-block-separator has-alpha-channel-opacity\"\/>\n\n\n\n<p class=\"has-black-color has-text-color\">\u2714 Possibilit\u00e9 de prendre un r\u00f4le dans l&rsquo;association (ou s&rsquo;investir dans un p\u00f4le) et de contribuer \u00e0 la vie &#8211; dynamique de SOLEIL LEVANT <\/p>\n\n\n\n<p class=\"has-black-color has-text-color\">Exemple de r\u00f4les\/p\u00f4les (liste non exhaustive) : <\/p>\n\n\n\n<ul>\n<li style=\"font-size:15px\">R\u00f4les : (Vice)Pr\u00e9sidence, Tr\u00e9sorier, Secr\u00e9taire <\/li>\n\n\n\n<li style=\"font-size:15px\">P\u00f4le Communication interne<\/li>\n\n\n\n<li style=\"font-size:15px\">P\u00f4le Communication externe : R\u00e9seaux sociaux, Site internet<\/li>\n<\/ul>\n\n\n\n<hr class=\"wp-block-separator has-alpha-channel-opacity\"\/>\n\n\n\n<p class=\"has-black-color has-text-color\">\u2714 Participation aux activit\u00e9s internes de SOLEIL LEVANT propos\u00e9es les mardis soirs et les samedis DDR<\/p>\n\n\n\n<hr class=\"wp-block-separator has-alpha-channel-opacity\"\/>\n\n\n\n<p class=\"has-black-color has-text-color\">\u2714 Participation aux \u00e9v\u00e9nements externes de l&rsquo;association  <\/p>\n\n\n\n<p class=\"has-black-color has-text-color\">(ex. AngersGeek Fest, Festival au Parc des Maul\u00e9vrier etc.)<\/p>\n\n\n\n<hr class=\"wp-block-separator has-alpha-channel-opacity\"\/>\n\n\n\n<p class=\"has-black-color has-text-color\">\u2714 Participer aux votes pour les choix-d\u00e9cisions de l&rsquo;association<\/p>\n\n\n\n<hr class=\"wp-block-separator has-alpha-channel-opacity\"\/>\n\n\n\n<p class=\"has-black-color has-text-color\">\u26e9\ufe0f  Cotisation : 20\u20ac (10\u20ac pour la demi-ann\u00e9e \u00e0 partir de janvier)<\/p>\n\n\n\n<ul>\n<li> <\/li>\n<\/ul>\n<\/div>\n<\/div>\n\n\n\n<div class=\"wp-block-columns is-layout-flex wp-container-7\">\n<div class=\"wp-block-column is-layout-flow\">\n<div class=\"wp-block-buttons is-content-justification-center is-layout-flex wp-container-5\">\n<div class=\"wp-block-button has-custom-width wp-block-button__width-50\"><a class=\"wp-block-button__link wp-element-button\" href=\"https:\/\/soleil-levant-asso.fr\/?page_id=1751\">Pour en savoir plus<\/a><\/div>\n\n\n\n<div class=\"wp-block-button has-custom-width wp-block-button__width-50\"><a class=\"wp-block-button__link wp-element-button\" href=\"\" target=\"_blank\" rel=\"noreferrer noopener\">Adh\u00e9rer <\/a><\/div>\n<\/div>\n<\/div>\n<\/div>\n","protected":false},"excerpt":{"rendered":"<p>Pourquoi ? Il y a pleins de raison de vouloir s&rsquo;investir dans l&rsquo;association SOLEIL LEVANT \ud83c\udf1e\u26e9\ufe0f : Nous n&rsquo;avons pas assez de place pour citer toutes les raisons de rejoindre SOLEIL LEVANT \ud83d\ude09 Comment s&rsquo;investir ? Il y a plusieurs<\/p>\n","protected":false},"author":3,"featured_media":0,"parent":0,"menu_order":0,"comment_status":"closed","ping_status":"closed","template":"","meta":[],"_links":{"self":[{"href":"https:\/\/soleil-levant-asso.fr\/index.php?rest_route=\/wp\/v2\/pages\/2643"}],"collection":[{"href":"https:\/\/soleil-levant-asso.fr\/index.php?rest_route=\/wp\/v2\/pages"}],"about":[{"href":"https:\/\/soleil-levant-asso.fr\/index.php?rest_route=\/wp\/v2\/types\/page"}],"author":[{"embeddable":true,"href":"https:\/\/soleil-levant-asso.fr\/index.php?rest_route=\/wp\/v2\/users\/3"}],"replies":[{"embeddable":true,"href":"https:\/\/soleil-levant-asso.fr\/index.php?rest_route=%2Fwp%2Fv2%2Fcomments&post=2643"}],"version-history":[{"count":15,"href":"https:\/\/soleil-levant-asso.fr\/index.php?rest_route=\/wp\/v2\/pages\/2643\/revisions"}],"predecessor-version":[{"id":3247,"href":"https:\/\/soleil-levant-asso.fr\/index.php?rest_route=\/wp\/v2\/pages\/2643\/revisions\/3247"}],"wp:attachment":[{"href":"https:\/\/soleil-levant-asso.fr\/index.php?rest_route=%2Fwp%2Fv2%2Fmedia&parent=2643"}],"curies":[{"name":"wp","href":"https:\/\/api.w.org\/{rel}","templated":true}]}}