{"id":2376,"date":"2023-09-18T08:24:47","date_gmt":"2023-09-18T06:24:47","guid":{"rendered":"http:\/\/soleil-levant-asso.fr\/?page_id=2376"},"modified":"2024-05-09T12:27:01","modified_gmt":"2024-05-09T10:27:01","slug":"prestations-de-lassociation","status":"publish","type":"page","link":"https:\/\/soleil-levant-asso.fr\/?page_id=2376","title":{"rendered":"Prestations de l&rsquo;association"},"content":{"rendered":"\n<div class=\"wp-block-cover alignfull is-light\" style=\"min-height:609px\"><span aria-hidden=\"true\" class=\"wp-block-cover__background has-background-dim-100 has-background-dim\" style=\"background-color:#ffffff\"><\/span><div class=\"wp-block-cover__inner-container\">\n<div class=\"wp-block-media-text alignwide is-stacked-on-mobile is-vertically-aligned-center is-image-fill\" style=\"grid-template-columns:45% auto\"><figure class=\"wp-block-media-text__media\" style=\"background-image:url(http:\/\/soleil-levant-asso.fr\/wp-content\/uploads\/2024\/02\/Icone-1024x1024.png);background-position:50% 50%\"><img decoding=\"async\" loading=\"lazy\" width=\"1024\" height=\"1024\" src=\"http:\/\/soleil-levant-asso.fr\/wp-content\/uploads\/2024\/02\/Icone-1024x1024.png\" alt=\"\" class=\"wp-image-2820 size-full\" srcset=\"https:\/\/soleil-levant-asso.fr\/wp-content\/uploads\/2024\/02\/Icone-1024x1024.png 1024w, https:\/\/soleil-levant-asso.fr\/wp-content\/uploads\/2024\/02\/Icone-300x300.png 300w, https:\/\/soleil-levant-asso.fr\/wp-content\/uploads\/2024\/02\/Icone-150x150.png 150w, https:\/\/soleil-levant-asso.fr\/wp-content\/uploads\/2024\/02\/Icone-768x768.png 768w, https:\/\/soleil-levant-asso.fr\/wp-content\/uploads\/2024\/02\/Icone-230x230.png 230w, https:\/\/soleil-levant-asso.fr\/wp-content\/uploads\/2024\/02\/Icone-330x330.png 330w, https:\/\/soleil-levant-asso.fr\/wp-content\/uploads\/2024\/02\/Icone.png 1080w\" sizes=\"(max-width: 1024px) 100vw, 1024px\" \/><\/figure><div class=\"wp-block-media-text__content\">\n<h2 class=\"wp-block-heading has-text-color\" style=\"color:#000000;font-size:32px\"><strong>Dance Dance R\u00e9volution<\/strong> (DDR)<\/h2>\n\n\n\n<hr class=\"wp-block-separator has-alpha-channel-opacity\"\/>\n\n\n\n<p style=\"font-size:16px\">Tu organises un \u00e9v\u00e9nement (salon, soir\u00e9e, anniversaire etc.) ? Tu recherches une animation conviviale qui bouge et plaira \u00e0 tout le monde ?<\/p>\n\n\n\n<p style=\"font-size:16px\">As-tu pens\u00e9 \u00e0 un jeu musical et de rythme ?<\/p>\n\n\n\n<p style=\"font-size:16px\">Non ! Il ne s\u2019agit pas de \u201cJust Dance\u201d !<\/p>\n\n\n\n<hr class=\"wp-block-separator has-alpha-channel-opacity\"\/>\n\n\n\n<p style=\"font-size:16px\">Nous te proposons une animation peu commune en France mais culte au pays du \u201cSoleil levant\u201d : Dance Dance R\u00e9volution.<\/p>\n\n\n\n<p style=\"font-size:16px\">Un concept simple mais qui n\u00e9cessite une bonne coordination et le sens du rythme&nbsp; !&nbsp;L\u00a0\u00bbactivit\u00e9 originale et parfaite pour mettre l&rsquo;ambiance !<\/p>\n\n\n\n<hr class=\"wp-block-separator has-alpha-channel-opacity\"\/>\n\n\n\n<p><strong>TARIF : 90\u20ac <\/strong><\/p>\n\n\n\n<p>Tarif d\u00e9gressif selon la dur\u00e9e de l&rsquo;activit\u00e9 (+ de 4H) et\/ou le nombre d&rsquo;activit\u00e9 souhait\u00e9 ! <\/p>\n\n\n\n<p>Devis sur demande<\/p>\n\n\n\n<hr class=\"wp-block-separator has-alpha-channel-opacity\"\/>\n\n\n\n<div class=\"wp-block-buttons is-content-justification-center is-layout-flex wp-container-1\">\n<div class=\"wp-block-button is-style-fill\"><a class=\"wp-block-button__link wp-element-button\" href=\"http:\/\/soleil-levant-asso.fr\/?page_id=43&amp;_thumbnail_id=2361\">EN SAVOIR PLUS<\/a><\/div>\n<\/div>\n<\/div><\/div>\n<\/div><\/div>\n\n\n\n<div class=\"wp-block-cover alignfull is-light\" style=\"min-height:570px\"><span aria-hidden=\"true\" class=\"wp-block-cover__background has-background-dim-100 has-background-dim\" style=\"background-color:#fea98c\"><\/span><div class=\"wp-block-cover__inner-container\">\n<div class=\"wp-block-media-text alignwide has-media-on-the-right is-stacked-on-mobile is-vertically-aligned-center is-image-fill\" style=\"grid-template-columns:auto 33%\"><div class=\"wp-block-media-text__content\">\n<h2 class=\"wp-block-heading has-text-color\" style=\"color:#000000;font-size:32px\"><strong>Jeux de soci\u00e9t\u00e9<\/strong> <\/h2>\n\n\n\n<hr class=\"wp-block-separator has-text-color has-alpha-channel-opacity has-background\" style=\"background-color:#fea98c;color:#fea98c\"\/>\n\n\n\n<p class=\"has-text-color\" style=\"color:#000000;font-size:16px\">Tu organises un \u00e9v\u00e9nement (salon, soir\u00e9e, anniversaire etc.) ? Tu es adores les jeux de soci\u00e9t\u00e9 (plateaux, cartes, logique, de pions, d\u2019ambiance, etc.) ? <\/p>\n\n\n\n<p class=\"has-text-color\" style=\"color:#000000;font-size:16px\">Tu cherches de nouveaux jeux de soci\u00e9t\u00e9 \u00e0 d\u00e9couvrir ? Tu appr\u00e9cies la culture japonaise ? <\/p>\n\n\n\n<p class=\"has-text-color\" style=\"color:#000000;font-size:16px\">Voyage avec nous pour d\u00e9couvrir autrement le pays du Soleil Levant  : via ces jeux de soci\u00e9t\u00e9 traditionnel (ex. jeu de GO etc.) ! <\/p>\n\n\n\n<hr class=\"wp-block-separator has-text-color has-alpha-channel-opacity has-background is-style-default\" style=\"background-color:#fea98c;color:#fea98c\"\/>\n\n\n\n<p><strong>Tarif : 60 \u20ac<\/strong><\/p>\n\n\n\n<p>Tarif d\u00e9gressif selon la dur\u00e9e de l&rsquo;activit\u00e9 (+ de 4H) et\/ou le nombre d&rsquo;activit\u00e9 souhait\u00e9 ! <\/p>\n\n\n\n<p>Devis sur demande<\/p>\n\n\n\n<hr class=\"wp-block-separator has-text-color has-alpha-channel-opacity has-background\" style=\"background-color:#fea98c;color:#fea98c\"\/>\n\n\n\n<div class=\"wp-block-buttons is-content-justification-center is-layout-flex wp-container-2\">\n<div class=\"wp-block-button is-style-fill\"><a class=\"wp-block-button__link wp-element-button\" href=\"https:\/\/soleil-levant-asso.fr\/?page_id=45\">EN SAVOIR PLUS<\/a><\/div>\n<\/div>\n<\/div><figure class=\"wp-block-media-text__media\" style=\"background-image:url(http:\/\/soleil-levant-asso.fr\/wp-content\/uploads\/2023\/09\/Jeux-rose-1-1024x1024.png);background-position:50% 50%\"><img decoding=\"async\" loading=\"lazy\" width=\"1024\" height=\"1024\" src=\"http:\/\/soleil-levant-asso.fr\/wp-content\/uploads\/2023\/09\/Jeux-rose-1-1024x1024.png\" alt=\"\" class=\"wp-image-2367 size-full\" srcset=\"https:\/\/soleil-levant-asso.fr\/wp-content\/uploads\/2023\/09\/Jeux-rose-1-1024x1024.png 1024w, https:\/\/soleil-levant-asso.fr\/wp-content\/uploads\/2023\/09\/Jeux-rose-1-300x300.png 300w, https:\/\/soleil-levant-asso.fr\/wp-content\/uploads\/2023\/09\/Jeux-rose-1-150x150.png 150w, https:\/\/soleil-levant-asso.fr\/wp-content\/uploads\/2023\/09\/Jeux-rose-1-768x768.png 768w, https:\/\/soleil-levant-asso.fr\/wp-content\/uploads\/2023\/09\/Jeux-rose-1-230x230.png 230w, https:\/\/soleil-levant-asso.fr\/wp-content\/uploads\/2023\/09\/Jeux-rose-1-330x330.png 330w, https:\/\/soleil-levant-asso.fr\/wp-content\/uploads\/2023\/09\/Jeux-rose-1.png 1080w\" sizes=\"(max-width: 1024px) 100vw, 1024px\" \/><\/figure><\/div>\n<\/div><\/div>\n\n\n\n<div class=\"wp-block-cover alignfull is-light\" style=\"min-height:454px\"><span aria-hidden=\"true\" class=\"wp-block-cover__background has-background-dim-100 has-background-dim\" style=\"background-color:#ffffff\"><\/span><div class=\"wp-block-cover__inner-container\">\n<div class=\"wp-block-media-text alignwide is-stacked-on-mobile is-vertically-aligned-center is-image-fill\" style=\"grid-template-columns:36% auto\"><figure class=\"wp-block-media-text__media\" style=\"background-image:url(http:\/\/soleil-levant-asso.fr\/wp-content\/uploads\/2023\/09\/Karaoke-1-1024x1024.png);background-position:50% 50%\"><img decoding=\"async\" loading=\"lazy\" width=\"1024\" height=\"1024\" src=\"http:\/\/soleil-levant-asso.fr\/wp-content\/uploads\/2023\/09\/Karaoke-1-1024x1024.png\" alt=\"\" class=\"wp-image-2382 size-full\" srcset=\"https:\/\/soleil-levant-asso.fr\/wp-content\/uploads\/2023\/09\/Karaoke-1-1024x1024.png 1024w, https:\/\/soleil-levant-asso.fr\/wp-content\/uploads\/2023\/09\/Karaoke-1-300x300.png 300w, https:\/\/soleil-levant-asso.fr\/wp-content\/uploads\/2023\/09\/Karaoke-1-150x150.png 150w, https:\/\/soleil-levant-asso.fr\/wp-content\/uploads\/2023\/09\/Karaoke-1-768x768.png 768w, https:\/\/soleil-levant-asso.fr\/wp-content\/uploads\/2023\/09\/Karaoke-1-230x230.png 230w, https:\/\/soleil-levant-asso.fr\/wp-content\/uploads\/2023\/09\/Karaoke-1-330x330.png 330w, https:\/\/soleil-levant-asso.fr\/wp-content\/uploads\/2023\/09\/Karaoke-1.png 1080w\" sizes=\"(max-width: 1024px) 100vw, 1024px\" \/><\/figure><div class=\"wp-block-media-text__content\">\n<h2 class=\"wp-block-heading has-text-color\" style=\"color:#000000;font-size:32px\"><strong>Karaok\u00e9<\/strong><\/h2>\n\n\n\n<hr class=\"wp-block-separator has-alpha-channel-opacity\"\/>\n\n\n\n<p class=\"has-text-color\" style=\"color:#000000;font-size:16px\">Pr\u00eat.e \u00e0 passer un moment de folie avec tes ami.e.s ? <\/p>\n\n\n\n<p class=\"has-text-color\" style=\"color:#000000;font-size:16px\">Pr\u00e9pare ta voix, nous arrivons pour te faire (re)d\u00e9couvrir le karaok\u00e9 : l&rsquo;une des activit\u00e9s phases\/institutionnels du Japon ! <\/p>\n\n\n\n<hr class=\"wp-block-separator has-alpha-channel-opacity\"\/>\n\n\n\n<p><strong>Tarif : 90\u20ac<\/strong><\/p>\n\n\n\n<p>Tarif d\u00e9gressif selon la dur\u00e9e de l&rsquo;activit\u00e9 (+ de 4H) et\/ou le nombre d&rsquo;activit\u00e9 souhait\u00e9 ! <\/p>\n\n\n\n<p>Devis sur demande<\/p>\n\n\n\n<hr class=\"wp-block-separator has-alpha-channel-opacity\"\/>\n\n\n\n<div class=\"wp-block-buttons is-content-justification-center is-layout-flex wp-container-3\">\n<div class=\"wp-block-button is-style-fill\"><a class=\"wp-block-button__link wp-element-button\" href=\"https:\/\/soleil-levant-asso.fr\/?page_id=1735\">EN SAVOIR PLUS<\/a><\/div>\n<\/div>\n<\/div><\/div>\n<\/div><\/div>\n\n\n\n<div class=\"wp-block-cover alignfull is-light\" style=\"min-height:549px\"><span aria-hidden=\"true\" class=\"wp-block-cover__background has-background-dim-100 has-background-dim\" style=\"background-color:#fea98c\"><\/span><div class=\"wp-block-cover__inner-container\">\n<div class=\"wp-block-media-text alignwide has-media-on-the-right is-stacked-on-mobile is-vertically-aligned-center is-image-fill\" style=\"grid-template-columns:auto 35%\"><div class=\"wp-block-media-text__content\">\n<h2 class=\"wp-block-heading has-text-color\" style=\"color:#000000;font-size:32px\"><strong>Origami<\/strong><\/h2>\n\n\n\n<hr class=\"wp-block-separator has-text-color has-alpha-channel-opacity has-background\" style=\"background-color:#fea98c;color:#fea98c\"\/>\n\n\n\n<p>Tu organise un \u00e9v\u00e9nement (soir\u00e9e, anniversaire, \u00e9v\u00e9nements, etc.) ?<\/p>\n\n\n\n<p>Tu recherches une activit\u00e9 manuelle, cr\u00e9atif et ludique ? Pour petits et grands ?<\/p>\n\n\n\n<p>Connais-tu l\u2019origami : cet art asiatique du pliage de papier ?<\/p>\n\n\n\n<p><\/p>\n\n\n\n<p>Nous initions petits et grands \u00e0 l\u2019art du pliage de papier via des ateliers d\u2019origami.<\/p>\n\n\n\n<p>L\u2019occasion aussi pour toi et tes invit\u00e9s de r\u00e9aliser ensemble une activit\u00e9 manuelle, ludique et conviviale !<\/p>\n\n\n\n<p>D\u00e8s 3 ans, les enfants peuvent commencer leurs premiers pliages (ex. avion, t\u00eate de chien\/chats etc.) puis \u00e9voluer vers des formes plus complexes.<\/p>\n\n\n\n<hr class=\"wp-block-separator has-text-color has-alpha-channel-opacity has-background\" style=\"background-color:#fea98c;color:#fea98c\"\/>\n\n\n\n<p><strong>Tarif : 60\u20ac<\/strong><\/p>\n\n\n\n<p>Tarif d\u00e9gressif selon la dur\u00e9e de l&rsquo;activit\u00e9 (+ de 4H) et\/ou le nombre d&rsquo;activit\u00e9 souhait\u00e9 ! <\/p>\n\n\n\n<p>Devis sur demande<\/p>\n\n\n\n<hr class=\"wp-block-separator has-text-color has-alpha-channel-opacity has-background\" style=\"background-color:#fea98c;color:#fea98c\"\/>\n\n\n\n<div class=\"wp-block-buttons is-content-justification-center is-layout-flex wp-container-4\">\n<div class=\"wp-block-button is-style-fill\"><a class=\"wp-block-button__link wp-element-button\" href=\"http:\/\/soleil-levant-asso.fr\/?page_id=1731&amp;_thumbnail_id=2160\">EN SAVOIR PLUS<\/a><\/div>\n<\/div>\n<\/div><figure class=\"wp-block-media-text__media\" style=\"background-image:url(http:\/\/soleil-levant-asso.fr\/wp-content\/uploads\/2023\/09\/Origami-1-1024x1024.png);background-position:50% 50%\"><img decoding=\"async\" loading=\"lazy\" width=\"1024\" height=\"1024\" src=\"http:\/\/soleil-levant-asso.fr\/wp-content\/uploads\/2023\/09\/Origami-1-1024x1024.png\" alt=\"\" class=\"wp-image-2380 size-full\" srcset=\"https:\/\/soleil-levant-asso.fr\/wp-content\/uploads\/2023\/09\/Origami-1-1024x1024.png 1024w, https:\/\/soleil-levant-asso.fr\/wp-content\/uploads\/2023\/09\/Origami-1-300x300.png 300w, https:\/\/soleil-levant-asso.fr\/wp-content\/uploads\/2023\/09\/Origami-1-150x150.png 150w, https:\/\/soleil-levant-asso.fr\/wp-content\/uploads\/2023\/09\/Origami-1-768x768.png 768w, https:\/\/soleil-levant-asso.fr\/wp-content\/uploads\/2023\/09\/Origami-1-230x230.png 230w, https:\/\/soleil-levant-asso.fr\/wp-content\/uploads\/2023\/09\/Origami-1-330x330.png 330w, https:\/\/soleil-levant-asso.fr\/wp-content\/uploads\/2023\/09\/Origami-1.png 1080w\" sizes=\"(max-width: 1024px) 100vw, 1024px\" \/><\/figure><\/div>\n<\/div><\/div>\n\n\n\n<div class=\"wp-block-cover alignfull is-light\" style=\"min-height:678px\"><span aria-hidden=\"true\" class=\"wp-block-cover__background has-background-dim-100 has-background-dim\" style=\"background-color:#ffffff\"><\/span><div class=\"wp-block-cover__inner-container\">\n<div class=\"wp-block-media-text alignwide is-stacked-on-mobile is-vertically-aligned-center is-image-fill\" style=\"grid-template-columns:33% auto\"><figure class=\"wp-block-media-text__media\" style=\"background-image:url(http:\/\/soleil-levant-asso.fr\/wp-content\/uploads\/2023\/09\/Atelier-cuisine-fond-5-1024x1024.png);background-position:50% 50%\"><img decoding=\"async\" loading=\"lazy\" width=\"1024\" height=\"1024\" src=\"http:\/\/soleil-levant-asso.fr\/wp-content\/uploads\/2023\/09\/Atelier-cuisine-fond-5-1024x1024.png\" alt=\"\" class=\"wp-image-2368 size-full\" srcset=\"https:\/\/soleil-levant-asso.fr\/wp-content\/uploads\/2023\/09\/Atelier-cuisine-fond-5-1024x1024.png 1024w, https:\/\/soleil-levant-asso.fr\/wp-content\/uploads\/2023\/09\/Atelier-cuisine-fond-5-300x300.png 300w, https:\/\/soleil-levant-asso.fr\/wp-content\/uploads\/2023\/09\/Atelier-cuisine-fond-5-150x150.png 150w, https:\/\/soleil-levant-asso.fr\/wp-content\/uploads\/2023\/09\/Atelier-cuisine-fond-5-768x768.png 768w, https:\/\/soleil-levant-asso.fr\/wp-content\/uploads\/2023\/09\/Atelier-cuisine-fond-5-230x230.png 230w, https:\/\/soleil-levant-asso.fr\/wp-content\/uploads\/2023\/09\/Atelier-cuisine-fond-5-330x330.png 330w, https:\/\/soleil-levant-asso.fr\/wp-content\/uploads\/2023\/09\/Atelier-cuisine-fond-5.png 1080w\" sizes=\"(max-width: 1024px) 100vw, 1024px\" \/><\/figure><div class=\"wp-block-media-text__content\">\n<h2 class=\"wp-block-heading has-text-color\" style=\"color:#000000;font-size:32px\"><strong>Atelier cuisine<\/strong><\/h2>\n\n\n\n<hr class=\"wp-block-separator has-alpha-channel-opacity\"\/>\n\n\n\n<p class=\"has-text-color\" style=\"color:#000000;font-size:16px\">D\u00e9butant.e ou expert.e en cuisine, tu cherches \u00e0 partager une passion avec tes ami.e.s tout en voyageant ? <\/p>\n\n\n\n<p style=\"font-size:16px\">As-tu pens\u00e9 \u00e0 un atelier cuisine ? <\/p>\n\n\n\n<p>L&rsquo;occasion : <\/p>\n\n\n\n<ul>\n<li style=\"font-size:16px\">D&rsquo;apprendre la recette d&rsquo;un plat typiquement japonais<\/li>\n\n\n\n<li style=\"font-size:16px\">De d\u00e9guster un plat que vous avez pr\u00e9par\u00e9 ensemble<\/li>\n\n\n\n<li style=\"font-size:16px\">D&rsquo;avoir les astuces de nos \u00e9quipes pour r\u00e9ussir vos plats <\/li>\n\n\n\n<li style=\"font-size:16px\">D\u00e9couvrir gustativement le pays du Soleil Levant<\/li>\n<\/ul>\n\n\n\n<hr class=\"wp-block-separator has-alpha-channel-opacity\"\/>\n\n\n\n<p><\/p>\n\n\n\n<p><strong>Tarif : 60 \u20ac (ne comprend pas le co\u00fbt des ingr\u00e9dients)<\/strong><\/p>\n\n\n\n<p>Tarif d\u00e9gressif selon la dur\u00e9e de l&rsquo;activit\u00e9 (+ de 4H) et\/ou le nombre d&rsquo;activit\u00e9 souhait\u00e9 ! <\/p>\n\n\n\n<p>Devis sur demande<\/p>\n\n\n\n<hr class=\"wp-block-separator has-alpha-channel-opacity\"\/>\n\n\n\n<div class=\"wp-block-buttons is-content-justification-center is-layout-flex wp-container-5\">\n<div class=\"wp-block-button is-style-fill\"><a class=\"wp-block-button__link wp-element-button\" href=\"http:\/\/soleil-levant-asso.fr\/?page_id=2178&amp;_thumbnail_id=2142\">EN SAVOIR PLUS<\/a><\/div>\n<\/div>\n<\/div><\/div>\n<\/div><\/div>\n","protected":false},"excerpt":{"rendered":"","protected":false},"author":3,"featured_media":0,"parent":0,"menu_order":0,"comment_status":"closed","ping_status":"closed","template":"","meta":[],"_links":{"self":[{"href":"https:\/\/soleil-levant-asso.fr\/index.php?rest_route=\/wp\/v2\/pages\/2376"}],"collection":[{"href":"https:\/\/soleil-levant-asso.fr\/index.php?rest_route=\/wp\/v2\/pages"}],"about":[{"href":"https:\/\/soleil-levant-asso.fr\/index.php?rest_route=\/wp\/v2\/types\/page"}],"author":[{"embeddable":true,"href":"https:\/\/soleil-levant-asso.fr\/index.php?rest_route=\/wp\/v2\/users\/3"}],"replies":[{"embeddable":true,"href":"https:\/\/soleil-levant-asso.fr\/index.php?rest_route=%2Fwp%2Fv2%2Fcomments&post=2376"}],"version-history":[{"count":18,"href":"https:\/\/soleil-levant-asso.fr\/index.php?rest_route=\/wp\/v2\/pages\/2376\/revisions"}],"predecessor-version":[{"id":3221,"href":"https:\/\/soleil-levant-asso.fr\/index.php?rest_route=\/wp\/v2\/pages\/2376\/revisions\/3221"}],"wp:attachment":[{"href":"https:\/\/soleil-levant-asso.fr\/index.php?rest_route=%2Fwp%2Fv2%2Fmedia&parent=2376"}],"curies":[{"name":"wp","href":"https:\/\/api.w.org\/{rel}","templated":true}]}}