{"id":2105,"date":"2023-07-25T13:02:15","date_gmt":"2023-07-25T11:02:15","guid":{"rendered":"http:\/\/soleil-levant-asso.fr\/\/?page_id=2105"},"modified":"2023-08-13T18:44:39","modified_gmt":"2023-08-13T16:44:39","slug":"galerie-2017","status":"publish","type":"page","link":"https:\/\/soleil-levant-asso.fr\/?page_id=2105","title":{"rendered":"Galerie 2016-2017"},"content":{"rendered":"\n<p><code><\/code><\/p>\n\n\n\n<figure class=\"wp-block-gallery has-nested-images columns-5 is-cropped wp-block-gallery-1 is-layout-flex\">\n<figure class=\"wp-block-image size-large\"><img decoding=\"async\" loading=\"lazy\" width=\"800\" height=\"600\" data-id=\"627\"  src=\"http:\/\/soleil-levant-asso.fr\/wp-content\/uploads\/2015\/09\/Soleil-Levant-Angers-1.jpg\" alt=\"Association Soleil Levant Angers\" class=\"wp-image-627\"\/><figcaption class=\"wp-element-caption\">Membres de l&rsquo;Association Soleil Levant Angers<\/figcaption><\/figure>\n\n\n\n<figure class=\"wp-block-image size-large\"><img decoding=\"async\" loading=\"lazy\" width=\"2560\" height=\"1920\" data-id=\"611\"  src=\"http:\/\/soleil-levant-asso.fr\/wp-content\/uploads\/2016\/11\/IMG_4528-scaled-1.jpg\" alt=\"Equipe Association Soleil Levant\" class=\"wp-image-611\"\/><figcaption class=\"wp-element-caption\">Association Soleil Levant<\/figcaption><\/figure>\n\n\n\n<figure class=\"wp-block-image size-large\"><img decoding=\"async\" loading=\"lazy\" width=\"800\" height=\"600\" data-id=\"630\"  src=\"http:\/\/soleil-levant-asso.fr\/wp-content\/uploads\/2016\/01\/Asssociation-Soleil-Levant-Angers-1.jpg\" alt=\"Association Soleil Levant Angers\" class=\"wp-image-630\"\/><figcaption class=\"wp-element-caption\">Association Soleil Levant Angers<\/figcaption><\/figure>\n\n\n\n<figure class=\"wp-block-image size-large\"><img decoding=\"async\" loading=\"lazy\" width=\"2560\" height=\"1920\" data-id=\"582\"  src=\"http:\/\/soleil-levant-asso.fr\/wp-content\/uploads\/2016\/11\/Japan-Games-Soleil-Levant-scaled-1.jpg\" alt=\"\" class=\"wp-image-582\"\/><figcaption class=\"wp-element-caption\">Jeux vid\u00e9o Japan games<\/figcaption><\/figure>\n\n\n\n<figure class=\"wp-block-image size-large\"><img decoding=\"async\" loading=\"lazy\" width=\"2560\" height=\"1920\" data-id=\"610\"  src=\"http:\/\/soleil-levant-asso.fr\/wp-content\/uploads\/2016\/11\/IMG_4526-scaled-1.jpg\" alt=\"jeu de karuta adapt\u00e9\" class=\"wp-image-610\"\/><figcaption class=\"wp-element-caption\">jeu de karuta adapt\u00e9<\/figcaption><\/figure>\n\n\n\n<figure class=\"wp-block-image size-large\"><img decoding=\"async\" loading=\"lazy\" width=\"2560\" height=\"1920\" data-id=\"585\"  src=\"http:\/\/soleil-levant-asso.fr\/wp-content\/uploads\/2016\/11\/Jeux-Soleil-Levant-Angers-scaled-1.jpg\" alt=\"\" class=\"wp-image-585\"\/><figcaption class=\"wp-element-caption\">Jeux vid\u00e9o et jeux de soci\u00e9t\u00e9<\/figcaption><\/figure>\n\n\n\n<figure class=\"wp-block-image size-large\"><img decoding=\"async\" loading=\"lazy\" width=\"1280\" height=\"720\" data-id=\"588\"  src=\"http:\/\/soleil-levant-asso.fr\/wp-content\/uploads\/2016\/11\/Japan-Games-8-10-1-1.jpg\" alt=\"\" class=\"wp-image-588\"\/><figcaption class=\"wp-element-caption\">Jeux vid\u00e9o et jeux de soci\u00e9t\u00e9<\/figcaption><\/figure>\n\n\n\n<figure class=\"wp-block-image size-large\"><img decoding=\"async\" loading=\"lazy\" width=\"2560\" height=\"1920\" data-id=\"590\"  src=\"http:\/\/soleil-levant-asso.fr\/wp-content\/uploads\/2016\/11\/Jeu-de-Karuta-Soleil-Levant-1-scaled-1.jpg\" alt=\"\" class=\"wp-image-590\"\/><\/figure>\n\n\n\n<figure class=\"wp-block-image size-large\"><img decoding=\"async\" loading=\"lazy\" width=\"1920\" height=\"2560\" data-id=\"609\"  src=\"http:\/\/soleil-levant-asso.fr\/wp-content\/uploads\/2016\/11\/IMG_4520-e1479401410673-scaled-1.jpg\" alt=\"initiation origami\" class=\"wp-image-609\"\/><figcaption class=\"wp-element-caption\">initiation origami<\/figcaption><\/figure>\n\n\n\n<figure class=\"wp-block-image size-large\"><img decoding=\"async\" loading=\"lazy\" width=\"1920\" height=\"2560\" data-id=\"606\"  src=\"http:\/\/soleil-levant-asso.fr\/wp-content\/uploads\/2016\/11\/IMG_4512-e1479401360919-scaled-1.jpg\" alt=\"Atelier origami\" class=\"wp-image-606\"\/><figcaption class=\"wp-element-caption\">Atelier origami<\/figcaption><\/figure>\n\n\n\n<figure class=\"wp-block-image size-large\"><img decoding=\"async\" loading=\"lazy\" width=\"2560\" height=\"1920\" data-id=\"605\"  src=\"http:\/\/soleil-levant-asso.fr\/wp-content\/uploads\/2016\/11\/IMG_4508-scaled-1.jpg\" alt=\"origami -Soleil Levant\" class=\"wp-image-605\"\/><figcaption class=\"wp-element-caption\">origami -Soleil Levant<\/figcaption><\/figure>\n\n\n\n<figure class=\"wp-block-image size-large\"><img decoding=\"async\" loading=\"lazy\" width=\"2560\" height=\"1920\" data-id=\"608\"  src=\"http:\/\/soleil-levant-asso.fr\/wp-content\/uploads\/2016\/11\/IMG_4519-scaled-1.jpg\" alt=\"\" class=\"wp-image-608\"\/><\/figure>\n\n\n\n<figure class=\"wp-block-image size-large\"><img decoding=\"async\" loading=\"lazy\" width=\"2560\" height=\"1920\" data-id=\"607\"  src=\"http:\/\/soleil-levant-asso.fr\/wp-content\/uploads\/2016\/11\/IMG_4513-scaled-1.jpg\" alt=\"Initiation au japonais\" class=\"wp-image-607\"\/><figcaption class=\"wp-element-caption\">Initiation au japonais<\/figcaption><\/figure>\n\n\n\n<figure class=\"wp-block-image size-large\"><img decoding=\"async\" loading=\"lazy\" width=\"1920\" height=\"2560\" data-id=\"554\"  src=\"http:\/\/soleil-levant-asso.fr\/wp-content\/uploads\/2016\/10\/Photo-681-scaled-1.jpg\" alt=\"\" class=\"wp-image-554\"\/><\/figure>\n\n\n\n<figure class=\"wp-block-image size-large\"><img decoding=\"async\" loading=\"lazy\" width=\"2560\" height=\"1920\" data-id=\"604\"  src=\"http:\/\/soleil-levant-asso.fr\/wp-content\/uploads\/2016\/11\/IMG_4504-scaled-1.jpg\" alt=\"\" class=\"wp-image-604\"\/><figcaption class=\"wp-element-caption\">atelier ha\u00efkus<\/figcaption><\/figure>\n\n\n\n<figure class=\"wp-block-image size-large\"><img decoding=\"async\" loading=\"lazy\" width=\"960\" height=\"539\" data-id=\"742\"  src=\"http:\/\/soleil-levant-asso.fr\/wp-content\/uploads\/2017\/01\/Voyage-au-Japon-Diaporama-Angers-1.jpg\" alt=\"Voyage au Japon Diaporama Angers\" class=\"wp-image-742\"\/><figcaption class=\"wp-element-caption\">Voyage au Japon Diaporama Angers<\/figcaption><\/figure>\n\n\n\n<figure class=\"wp-block-image size-large\"><img decoding=\"async\" loading=\"lazy\" width=\"768\" height=\"1024\" data-id=\"735\"  src=\"http:\/\/soleil-levant-asso.fr\/wp-content\/uploads\/2017\/01\/Calligraphie-Japon-Angers-1.jpg\" alt=\"Calligraphie Japon Angers\" class=\"wp-image-735\"\/><figcaption class=\"wp-element-caption\">Calligraphie Japon Angers<\/figcaption><\/figure>\n\n\n\n<figure class=\"wp-block-image size-large\"><img decoding=\"async\" loading=\"lazy\" width=\"1024\" height=\"768\" data-id=\"740\"  src=\"http:\/\/soleil-levant-asso.fr\/wp-content\/uploads\/2017\/01\/Initiation-calligraphie-1.jpg\" alt=\"Initiation calligraphie\" class=\"wp-image-740\"\/><figcaption class=\"wp-element-caption\">Initiation calligraphie<\/figcaption><\/figure>\n\n\n\n<figure class=\"wp-block-image size-large\"><img decoding=\"async\" loading=\"lazy\" width=\"768\" height=\"1024\" data-id=\"736\"  src=\"http:\/\/soleil-levant-asso.fr\/wp-content\/uploads\/2017\/01\/calligraphie-japonaise-1.jpg\" alt=\"calligraphie japonaise\" class=\"wp-image-736\"\/><figcaption class=\"wp-element-caption\">calligraphie japonaise<\/figcaption><\/figure>\n\n\n\n<figure class=\"wp-block-image size-large\"><img decoding=\"async\" loading=\"lazy\" width=\"960\" height=\"1280\" data-id=\"734\"  src=\"http:\/\/soleil-levant-asso.fr\/wp-content\/uploads\/2017\/01\/Calligraphie-Angers-1.jpg\" alt=\"Calligraphie Angers\" class=\"wp-image-734\"\/><figcaption class=\"wp-element-caption\">Calligraphie Angers<\/figcaption><\/figure>\n\n\n\n<figure class=\"wp-block-image size-large\"><img decoding=\"async\" loading=\"lazy\" width=\"1024\" height=\"768\" data-id=\"737\"  src=\"http:\/\/soleil-levant-asso.fr\/wp-content\/uploads\/2017\/01\/Calligraphie-Soleil-Levant-1.jpg\" alt=\"Calligraphie Soleil Levant\" class=\"wp-image-737\"\/><figcaption class=\"wp-element-caption\">Calligraphie Soleil Levant<\/figcaption><\/figure>\n\n\n\n<figure class=\"wp-block-image size-large\"><img decoding=\"async\" loading=\"lazy\" width=\"800\" height=\"1066\" data-id=\"773\"  src=\"http:\/\/soleil-levant-asso.fr\/wp-content\/uploads\/2017\/01\/cosplay-Angers-1.jpg\" alt=\"cosplay Angers\" class=\"wp-image-773\"\/><\/figure>\n\n\n\n<figure class=\"wp-block-image size-large\"><img decoding=\"async\" loading=\"lazy\" width=\"800\" height=\"600\" data-id=\"772\"  src=\"http:\/\/soleil-levant-asso.fr\/wp-content\/uploads\/2017\/01\/Cosplay-Angers-japon-1.jpg\" alt=\"Cosplay Angers japon\" class=\"wp-image-772\"\/><\/figure>\n\n\n\n<figure class=\"wp-block-image size-large\"><img decoding=\"async\" loading=\"lazy\" width=\"1296\" height=\"864\" data-id=\"858\"  src=\"http:\/\/soleil-levant-asso.fr\/wp-content\/uploads\/2017\/05\/Cosplay-Soleil-Levant-Angers-1.jpg\" alt=\"\" class=\"wp-image-858\"\/><\/figure>\n\n\n\n<figure class=\"wp-block-image size-large\"><img decoding=\"async\" loading=\"lazy\" width=\"1204\" height=\"903\" data-id=\"848\"  src=\"http:\/\/soleil-levant-asso.fr\/wp-content\/uploads\/2017\/05\/Concours-Cosplay-5-Angers-Soleil-Levant-1.jpg\" alt=\"\" class=\"wp-image-848\"\/><\/figure>\n\n\n\n<figure class=\"wp-block-image size-full\"><img decoding=\"async\" loading=\"lazy\" width=\"1204\" height=\"903\" data-id=\"899\"  src=\"http:\/\/soleil-levant-asso.fr\/wp-content\/uploads\/2017\/06\/Hanami-parc-Balzac-Angers-20-1.jpg\" alt=\"\" class=\"wp-image-899\"\/><figcaption class=\"wp-element-caption\">Hanami Soleil Levant mars 2017<\/figcaption><\/figure>\n<\/figure>\n\n\n\n<figure class=\"wp-block-gallery has-nested-images columns-4 is-cropped wp-block-gallery-3 is-layout-flex\">\n<figure class=\"wp-block-image size-large\"><img decoding=\"async\" loading=\"lazy\" width=\"1920\" height=\"2560\" data-id=\"896\"  src=\"http:\/\/soleil-levant-asso.fr\/wp-content\/uploads\/2017\/06\/Hanami-Soleil-Levant-Angers-4-e1496386586963-scaled-1.jpg\" alt=\"\" class=\"wp-image-896\"\/><\/figure>\n\n\n\n<figure class=\"wp-block-image size-large\"><img decoding=\"async\" loading=\"lazy\" width=\"1204\" height=\"903\" data-id=\"897\"  src=\"http:\/\/soleil-levant-asso.fr\/wp-content\/uploads\/2017\/06\/Hanami-Soleil-Levant-Angers-20-1.jpg\" alt=\"pique-nique jeux Soleuil Levant\" class=\"wp-image-897\"\/><figcaption class=\"wp-element-caption\">Jeux  Pique-nique Soleuil Levant<\/figcaption><\/figure>\n\n\n\n<figure class=\"wp-block-image size-large\"><img decoding=\"async\" loading=\"lazy\" width=\"2560\" height=\"1920\" data-id=\"900\"  src=\"http:\/\/soleil-levant-asso.fr\/wp-content\/uploads\/2017\/06\/Hanami-parc-Balzac-Angers-6-scaled-1.jpg\" alt=\"pique-nique parc Balzac Angers\" class=\"wp-image-900\"\/><figcaption class=\"wp-element-caption\">Pique-nique Soleil Levant<\/figcaption><\/figure>\n\n\n\n<figure class=\"wp-block-image size-large\"><img decoding=\"async\" loading=\"lazy\" width=\"958\" height=\"1277\" data-id=\"971\"  src=\"http:\/\/soleil-levant-asso.fr\/wp-content\/uploads\/2017\/06\/Soleil-Levant-Le-Mans-1.jpg\" alt=\"Soleil Levant Le Mans\" class=\"wp-image-971\"\/><\/figure>\n\n\n\n<figure class=\"wp-block-image size-large\"><img decoding=\"async\" loading=\"lazy\" width=\"958\" height=\"1277\" data-id=\"981\"  src=\"http:\/\/soleil-levant-asso.fr\/wp-content\/uploads\/2017\/06\/Bibliotheque-St-Sylvain-Soleil-Levant-29.jpg\" alt=\"kimono et japonaise membres Soleil Levant\" class=\"wp-image-981\"\/><figcaption class=\"wp-element-caption\">Kimono et Soleil levant<\/figcaption><\/figure>\n\n\n\n<figure class=\"wp-block-image size-large\"><img decoding=\"async\" loading=\"lazy\" width=\"1277\" height=\"958\" data-id=\"980\"  src=\"http:\/\/soleil-levant-asso.fr\/wp-content\/uploads\/2017\/06\/Bibliotheque-St-Sylvain-Soleil-Levant-25.jpg\" alt=\"jeu de memory Soleil Levant\" class=\"wp-image-980\"\/><figcaption class=\"wp-element-caption\">Jeu de m\u00e9mory<\/figcaption><\/figure>\n\n\n\n<figure class=\"wp-block-image size-large\"><img decoding=\"async\" loading=\"lazy\" width=\"1277\" height=\"958\" data-id=\"979\"  src=\"http:\/\/soleil-levant-asso.fr\/wp-content\/uploads\/2017\/06\/Bibliotheque-St-Sylvain-Soleil-Levant-24.jpg\" alt=\"origami Biblioth\u00e8que St Sylvain Soleil Levant\" class=\"wp-image-979\"\/><figcaption class=\"wp-element-caption\">Origami<\/figcaption><\/figure>\n\n\n\n<figure class=\"wp-block-image size-large\"><img decoding=\"async\" loading=\"lazy\" width=\"1106\" height=\"829\" data-id=\"976\"  src=\"http:\/\/soleil-levant-asso.fr\/wp-content\/uploads\/2017\/06\/Bibliotheque-St-Sylvain-Soleil-Levant-6.jpg\" alt=\"origami Biblioth\u00e8que St Sylvain Soleil Levant\" class=\"wp-image-976\"\/><figcaption class=\"wp-element-caption\">Origa\u00f9i<\/figcaption><\/figure>\n\n\n\n<figure class=\"wp-block-image size-large\"><img decoding=\"async\" loading=\"lazy\" width=\"1277\" height=\"958\" data-id=\"969\"  src=\"http:\/\/soleil-levant-asso.fr\/wp-content\/uploads\/2017\/06\/origami-Soleil-Levant-Le-Mans-1.jpg\" alt=\"origami Soleil Levant Le Mans\" class=\"wp-image-969\"\/><figcaption class=\"wp-element-caption\">Origami<\/figcaption><\/figure>\n\n\n\n<figure class=\"wp-block-image size-large\"><img decoding=\"async\" loading=\"lazy\" width=\"1613\" height=\"1210\" data-id=\"978\"  src=\"http:\/\/soleil-levant-asso.fr\/wp-content\/uploads\/2017\/06\/Bibliotheque-St-Sylvain-Soleil-Levant-13.jpg\" alt=\"jeu de Yokai no mori\" class=\"wp-image-978\"\/><figcaption class=\"wp-element-caption\">Jeu de Yokai no mori<\/figcaption><\/figure>\n\n\n\n<figure class=\"wp-block-image size-large\"><img decoding=\"async\" loading=\"lazy\" width=\"1106\" height=\"829\" data-id=\"977\"  src=\"http:\/\/soleil-levant-asso.fr\/wp-content\/uploads\/2017\/06\/Bibliotheque-St-Sylvain-Soleil-Levant-10.jpg\" alt=\"jeu de memory Biblioth\u00e8que St Sylvain Soleil Levant\" class=\"wp-image-977\"\/><figcaption class=\"wp-element-caption\">Jeux de m\u00e9mory<\/figcaption><\/figure>\n\n\n\n<figure class=\"wp-block-image size-large\"><img decoding=\"async\" loading=\"lazy\" width=\"958\" height=\"1277\" data-id=\"970\"  src=\"http:\/\/soleil-levant-asso.fr\/wp-content\/uploads\/2017\/06\/Quizz-et-jeu-Soleil-Levant-Japan-zone-1.jpg\" alt=\"Quizz et jeu Soleil Levant Japan zone\" class=\"wp-image-970\"\/><\/figure>\n\n\n\n<figure class=\"wp-block-image size-large\"><img decoding=\"async\" loading=\"lazy\" width=\"960\" height=\"540\" data-id=\"953\"  src=\"http:\/\/soleil-levant-asso.fr\/wp-content\/uploads\/2017\/06\/Atelier-cuisine-Jean-Vilar-Soleil-levant-14-1.jpg\" alt=\"Curry atelier cuisine japonaise Angers\" class=\"wp-image-953\"\/><figcaption class=\"wp-element-caption\">Atelier cuisine<\/figcaption><\/figure>\n\n\n\n<figure class=\"wp-block-image size-large\"><img decoding=\"async\" loading=\"lazy\" width=\"960\" height=\"540\" data-id=\"952\"  src=\"http:\/\/soleil-levant-asso.fr\/wp-content\/uploads\/2017\/06\/atelier-cuisine-japonaise-Soleil-Levant-1.jpg\" alt=\"atelier cuisine japonaise Angers Jean Vilar\" class=\"wp-image-952\"\/><figcaption class=\"wp-element-caption\">Atelier cuisine<\/figcaption><\/figure>\n\n\n\n<figure class=\"wp-block-image size-large\"><img decoding=\"async\" loading=\"lazy\" width=\"1204\" height=\"903\" data-id=\"956\"  src=\"http:\/\/soleil-levant-asso.fr\/wp-content\/uploads\/2017\/06\/atelier-cuisine-Soleil-Levant-1.jpg\" alt=\"atelier cuisine japonaise Jean Vilar\" class=\"wp-image-956\"\/><figcaption class=\"wp-element-caption\">Atelier cuisine<\/figcaption><\/figure>\n\n\n\n<figure class=\"wp-block-image size-large\"><img decoding=\"async\" loading=\"lazy\" width=\"1204\" height=\"903\" data-id=\"955\"  src=\"http:\/\/soleil-levant-asso.fr\/wp-content\/uploads\/2017\/06\/Atelier-cuisine-Jean-Vilar-Soleil-levant-19-1.jpg\" alt=\"atelier cuisine japonaise Angers\" class=\"wp-image-955\"\/><figcaption class=\"wp-element-caption\">Atelier cuisine<\/figcaption><\/figure>\n\n\n\n<figure class=\"wp-block-image size-large\"><img decoding=\"async\" loading=\"lazy\" width=\"929\" height=\"1239\" data-id=\"931\"  src=\"http:\/\/soleil-levant-asso.fr\/wp-content\/uploads\/2017\/06\/Cefoc-Angers-Soleil-levant-atelier-sushi-13-1.jpg\" alt=\"atelier sushi Cefoc Angers\" class=\"wp-image-931\"\/><figcaption class=\"wp-element-caption\">Atelier cuisine<\/figcaption><\/figure>\n\n\n\n<figure class=\"wp-block-image size-large\"><img decoding=\"async\" loading=\"lazy\" width=\"929\" height=\"1239\" data-id=\"933\"  src=\"http:\/\/soleil-levant-asso.fr\/wp-content\/uploads\/2017\/06\/Cefoc-Angers-Soleil-levant-atelier-sushi-22-1.jpg\" alt=\"atelier sushi Cefoc Angers\" class=\"wp-image-933\"\/><figcaption class=\"wp-element-caption\">Atelier cuisine<\/figcaption><\/figure>\n\n\n\n<figure class=\"wp-block-image size-large\"><img decoding=\"async\" loading=\"lazy\" width=\"1277\" height=\"958\" data-id=\"963\"  src=\"http:\/\/soleil-levant-asso.fr\/wp-content\/uploads\/2017\/06\/Jeu-de-Go-Soleil-Levant-Le-Mans-1.jpg\" alt=\"Jeu de Go Soleil Levant Le Mans\" class=\"wp-image-963\"\/><figcaption class=\"wp-element-caption\">Jeux de soci\u00e9t\u00e9<\/figcaption><\/figure>\n\n\n\n<figure class=\"wp-block-image size-large\"><img decoding=\"async\" loading=\"lazy\" width=\"564\" height=\"765\" data-id=\"941\"  src=\"http:\/\/soleil-levant-asso.fr\/wp-content\/uploads\/2017\/06\/Ceremonie-du-The-Soleil-Levant.jpg\" alt=\"c\u00e9r\u00e9monie du th\u00e9 Cefoc Soleil Levant\" class=\"wp-image-941\"\/><figcaption class=\"wp-element-caption\">C\u00e9r\u00e9monie du th\u00e9<\/figcaption><\/figure>\n\n\n\n<figure class=\"wp-block-image size-large\"><img decoding=\"async\" loading=\"lazy\" width=\"929\" height=\"1239\" data-id=\"930\"  src=\"http:\/\/soleil-levant-asso.fr\/wp-content\/uploads\/2017\/06\/Cefoc-Angers-Soleil-levant-atelier-calligraphie-12-1.jpg\" alt=\"atelier calligraphie Cefoc Angers\" class=\"wp-image-930\"\/><figcaption class=\"wp-element-caption\">Calligraphie<\/figcaption><\/figure>\n\n\n\n<figure class=\"wp-block-image size-large\"><img decoding=\"async\" loading=\"lazy\" width=\"929\" height=\"1239\" data-id=\"929\"  src=\"http:\/\/soleil-levant-asso.fr\/wp-content\/uploads\/2017\/06\/Cefoc-Angers-Soleil-levant-atelier-calligraphie-9-1.jpg\" alt=\"atelier calligraphie Cefoc Angers\" class=\"wp-image-929\"\/><figcaption class=\"wp-element-caption\">Calligraphie<\/figcaption><\/figure>\n\n\n\n<figure class=\"wp-block-image size-large\"><img decoding=\"async\" loading=\"lazy\" width=\"821\" height=\"1095\" data-id=\"968\"  src=\"http:\/\/soleil-levant-asso.fr\/wp-content\/uploads\/2017\/06\/Mei-Wang-1-Soleil-Levant-Le-Mans-1.jpg\" alt=\"Mei Wang Japan zone Le Mans\" class=\"wp-image-968\"\/><figcaption class=\"wp-element-caption\">Calligraphie<\/figcaption><\/figure>\n\n\n\n<figure class=\"wp-block-image size-large\"><img decoding=\"async\" loading=\"lazy\" width=\"1277\" height=\"958\" data-id=\"967\"  src=\"http:\/\/soleil-levant-asso.fr\/wp-content\/uploads\/2017\/06\/Mei-Wang-et-jeux-Soleil-Levant-Le-Mans-1.jpg\" alt=\"Mei Wang et jeux Soleil Levant Le Mans\" class=\"wp-image-967\"\/><figcaption class=\"wp-element-caption\">Calligraphie<\/figcaption><\/figure>\n\n\n\n<figure class=\"wp-block-image size-large\"><img decoding=\"async\" loading=\"lazy\" width=\"1277\" height=\"958\" data-id=\"964\"  src=\"http:\/\/soleil-levant-asso.fr\/wp-content\/uploads\/2017\/06\/jeu-de-Katana-Soleil-Levant-Le-Mans-1.jpg\" alt=\"jeu de Katana Soleil Levant Le Mans\" class=\"wp-image-964\"\/><figcaption class=\"wp-element-caption\">Jeux de soci\u00e9t\u00e9<\/figcaption><\/figure>\n\n\n\n<figure class=\"wp-block-image size-large\"><img decoding=\"async\" loading=\"lazy\" width=\"1277\" height=\"958\" data-id=\"965\"  src=\"http:\/\/soleil-levant-asso.fr\/wp-content\/uploads\/2017\/06\/Jeud-de-karuta-Soleil-Levant-Le-Mans-1.jpg\" alt=\"Jeu de karuta Soleil Levant Le Mans\" class=\"wp-image-965\"\/><figcaption class=\"wp-element-caption\">Jeux de soci\u00e9t\u00e9<\/figcaption><\/figure>\n\n\n\n<figure class=\"wp-block-image size-large\"><img decoding=\"async\" loading=\"lazy\" width=\"1277\" height=\"958\" data-id=\"966\"  src=\"http:\/\/soleil-levant-asso.fr\/wp-content\/uploads\/2017\/06\/Jeux-SoleilLevant-Japan-zone-1.jpg\" alt=\"Jeux Soleil Levant Japan zone\" class=\"wp-image-966\"\/><figcaption class=\"wp-element-caption\">Jeux de soci\u00e9t\u00e9<\/figcaption><\/figure>\n\n\n\n<figure class=\"wp-block-image size-large\"><img decoding=\"async\" loading=\"lazy\" width=\"929\" height=\"1239\" data-id=\"935\"  src=\"http:\/\/soleil-levant-asso.fr\/wp-content\/uploads\/2017\/06\/Cefoc-Angers-Soleil-levant-jeux-japonais-2-1.jpg\" alt=\"jeux de soci\u00e9t\u00e9 Cefoc Soleil Levant\" class=\"wp-image-935\"\/><figcaption class=\"wp-element-caption\">Jeux de soci\u00e9t\u00e9<\/figcaption><\/figure>\n\n\n\n<figure class=\"wp-block-image size-large\"><img decoding=\"async\" loading=\"lazy\" width=\"1095\" height=\"821\" data-id=\"923\"  src=\"http:\/\/soleil-levant-asso.fr\/wp-content\/uploads\/2017\/06\/Arch-nippon-Soleil-Levant-52-1.jpg\" alt=\"Jeu rythmique Arch nippon Soleil Levant\" class=\"wp-image-923\"\/><figcaption class=\"wp-element-caption\">DDR<\/figcaption><\/figure>\n\n\n\n<figure class=\"wp-block-image size-large\"><img decoding=\"async\" loading=\"lazy\" width=\"1204\" height=\"903\" data-id=\"921\"  src=\"http:\/\/soleil-levant-asso.fr\/wp-content\/uploads\/2017\/06\/Arch-nippon-Soleil-Levant-46-1.jpg\" alt=\"Jeu vid\u00e9o Arch nippon Soleil Levant\" class=\"wp-image-921\"\/><figcaption class=\"wp-element-caption\">Jeux musical<\/figcaption><\/figure>\n\n\n\n<figure class=\"wp-block-image size-large\"><img decoding=\"async\" loading=\"lazy\" width=\"2048\" height=\"1152\" data-id=\"920\"  src=\"http:\/\/soleil-levant-asso.fr\/wp-content\/uploads\/2017\/06\/Arch-nippon-Soleil-Levant-42-1-1.jpg\" alt=\"\" class=\"wp-image-920\"\/><figcaption class=\"wp-element-caption\">DDR<\/figcaption><\/figure>\n\n\n\n<figure class=\"wp-block-image size-large\"><img decoding=\"async\" loading=\"lazy\" width=\"1152\" height=\"2048\" data-id=\"910\"  src=\"http:\/\/soleil-levant-asso.fr\/wp-content\/uploads\/2017\/06\/Arch-nippon-Soleil-Levant-19-1.jpg\" alt=\"Jeu rythmique Arch nippon Soleil Levant\" class=\"wp-image-910\"\/><figcaption class=\"wp-element-caption\">Jeu musical<\/figcaption><\/figure>\n\n\n\n<figure class=\"wp-block-image size-large\"><img decoding=\"async\" loading=\"lazy\" width=\"2048\" height=\"1152\" data-id=\"912\"  src=\"http:\/\/soleil-levant-asso.fr\/wp-content\/uploads\/2017\/06\/Arch-nippon-Soleil-Levant-22-1.jpg\" alt=\"Jeux de karuta Arch nippon Soleil Levant\" class=\"wp-image-912\"\/><figcaption class=\"wp-element-caption\">Jeux de scci\u00e9t\u00e9<\/figcaption><\/figure>\n\n\n\n<figure class=\"wp-block-image size-large\"><img decoding=\"async\" loading=\"lazy\" width=\"2048\" height=\"1152\" data-id=\"909\"  src=\"http:\/\/soleil-levant-asso.fr\/wp-content\/uploads\/2017\/06\/Arch-nippon-Soleil-Levant-7-1.jpg\" alt=\"Jeux Arch nippon Soleil Levant\" class=\"wp-image-909\"\/><figcaption class=\"wp-element-caption\">Origami<\/figcaption><\/figure>\n\n\n\n<figure class=\"wp-block-image size-large\"><img decoding=\"async\" loading=\"lazy\" width=\"929\" height=\"1239\" data-id=\"928\"  src=\"http:\/\/soleil-levant-asso.fr\/wp-content\/uploads\/2017\/06\/Cefoc-Angers-Soleil-levant-atelier-calligraphie-7-1.jpg\" alt=\"atelier calligraphie Cefoc Angers\" class=\"wp-image-928\"\/><figcaption class=\"wp-element-caption\">Calligrapghie<\/figcaption><\/figure>\n<\/figure>\n","protected":false},"excerpt":{"rendered":"","protected":false},"author":1,"featured_media":963,"parent":0,"menu_order":0,"comment_status":"closed","ping_status":"closed","template":"","meta":[],"_links":{"self":[{"href":"https:\/\/soleil-levant-asso.fr\/index.php?rest_route=\/wp\/v2\/pages\/2105"}],"collection":[{"href":"https:\/\/soleil-levant-asso.fr\/index.php?rest_route=\/wp\/v2\/pages"}],"about":[{"href":"https:\/\/soleil-levant-asso.fr\/index.php?rest_route=\/wp\/v2\/types\/page"}],"author":[{"embeddable":true,"href":"https:\/\/soleil-levant-asso.fr\/index.php?rest_route=\/wp\/v2\/users\/1"}],"replies":[{"embeddable":true,"href":"https:\/\/soleil-levant-asso.fr\/index.php?rest_route=%2Fwp%2Fv2%2Fcomments&post=2105"}],"version-history":[{"count":3,"href":"https:\/\/soleil-levant-asso.fr\/index.php?rest_route=\/wp\/v2\/pages\/2105\/revisions"}],"predecessor-version":[{"id":2307,"href":"https:\/\/soleil-levant-asso.fr\/index.php?rest_route=\/wp\/v2\/pages\/2105\/revisions\/2307"}],"wp:featuredmedia":[{"embeddable":true,"href":"https:\/\/soleil-levant-asso.fr\/index.php?rest_route=\/wp\/v2\/media\/963"}],"wp:attachment":[{"href":"https:\/\/soleil-levant-asso.fr\/index.php?rest_route=%2Fwp%2Fv2%2Fmedia&parent=2105"}],"curies":[{"name":"wp","href":"https:\/\/api.w.org\/{rel}","templated":true}]}}