{"id":1751,"date":"2023-07-25T10:54:12","date_gmt":"2023-07-25T08:54:12","guid":{"rendered":"http:\/\/soleil-levant-asso.fr\/\/?page_id=1751"},"modified":"2024-11-16T08:31:42","modified_gmt":"2024-11-16T07:31:42","slug":"contact","status":"publish","type":"page","link":"https:\/\/soleil-levant-asso.fr\/?page_id=1751","title":{"rendered":"Nous contacter\/A"},"content":{"rendered":"\n<div class=\"wp-block-cover alignfull is-light\" style=\"min-height:542px\"><span aria-hidden=\"true\" class=\"wp-block-cover__background has-background-dim-100 has-background-dim\" style=\"background-color:#fea98c\"><\/span><div class=\"wp-block-cover__inner-container\">\n<h2 class=\"wp-block-heading has-text-align-left has-text-color has-background\" style=\"color:#000000;background-color:#fea98c;font-size:32px\">  <strong>Adh\u00e9rer  <\/strong>&amp; Devenir membre<\/h2>\n\n\n\n<div class=\"wp-block-media-text alignwide has-media-on-the-right is-stacked-on-mobile is-vertically-aligned-center has-background\" style=\"background-color:#fea98c;grid-template-columns:auto 24%\"><div class=\"wp-block-media-text__content\">\n<p>Devenir membre de l&rsquo;association te permet de : <\/p>\n\n\n\n<ul>\n<li class=\"has-small-font-size\">Partager ta passion de la culture japonaise avec passionn\u00e9s tous les mardis soir (hors vacances scolaires) et quelques samedis (pour les passionn\u00e9es\/passionn\u00e9s de DDR)<\/li>\n\n\n\n<li class=\"has-small-font-size\">Rencontrer de nouvelles personnes partageant tes centres d\u2019int\u00e9r\u00eats ! C\u2019est l\u2019occasion d\u2019\u00e9largir son r\u00e9seau et de cr\u00e9er de nouvelles amiti\u00e9s !<\/li>\n\n\n\n<li class=\"has-small-font-size\">Faire des \u00e9changes culturels entre les membres (ex. Club JAPON)<\/li>\n<\/ul>\n\n\n\n<p style=\"font-size:16px\"><\/p>\n\n\n\n<hr class=\"wp-block-separator has-text-color has-alpha-channel-opacity has-background\" style=\"background-color:#fea98c;color:#fea98c\"\/>\n\n\n\n<div class=\"wp-block-buttons is-content-justification-center is-layout-flex wp-container-1\">\n<div class=\"wp-block-button is-style-fill\"><a class=\"wp-block-button__link wp-element-button\" href=\"\" target=\"_blank\" rel=\"noreferrer noopener\">Adh\u00e9rer en un clic !<\/a><\/div>\n<\/div>\n<\/div><figure class=\"wp-block-media-text__media\"><img decoding=\"async\" loading=\"lazy\" width=\"150\" height=\"150\" src=\"https:\/\/soleil-levant-asso.fr\/wp-content\/uploads\/2023\/11\/Membre-150x150.png\" alt=\"\" class=\"wp-image-2652 size-thumbnail\" srcset=\"https:\/\/soleil-levant-asso.fr\/wp-content\/uploads\/2023\/11\/Membre-150x150.png 150w, https:\/\/soleil-levant-asso.fr\/wp-content\/uploads\/2023\/11\/Membre-300x300.png 300w, https:\/\/soleil-levant-asso.fr\/wp-content\/uploads\/2023\/11\/Membre-1024x1024.png 1024w, https:\/\/soleil-levant-asso.fr\/wp-content\/uploads\/2023\/11\/Membre-768x768.png 768w, https:\/\/soleil-levant-asso.fr\/wp-content\/uploads\/2023\/11\/Membre-230x230.png 230w, https:\/\/soleil-levant-asso.fr\/wp-content\/uploads\/2023\/11\/Membre-330x330.png 330w, https:\/\/soleil-levant-asso.fr\/wp-content\/uploads\/2023\/11\/Membre.png 1080w\" sizes=\"(max-width: 150px) 100vw, 150px\" \/><\/figure><\/div>\n<\/div><\/div>\n\n\n\n<p class=\"has-black-color has-text-color\" style=\"font-size:32px\">  <strong>Nous contacter <\/strong><\/p>\n\n\n<div class=\"wpforms-container wpforms-container-full wpforms-render-modern\" id=\"wpforms-1748\"><form id=\"wpforms-form-1748\" class=\"wpforms-validate wpforms-form wpforms-ajax-form\" data-formid=\"1748\" method=\"post\" enctype=\"multipart\/form-data\" action=\"\/index.php?rest_route=%2Fwp%2Fv2%2Fpages%2F1751\" data-token=\"bb2df1b1dfdc5ab48f6a8b3c13ad8420\"><noscript class=\"wpforms-error-noscript\">Veuillez activer JavaScript dans votre navigateur pour remplir ce formulaire.<\/noscript><div class=\"wpforms-hidden\" id=\"wpforms-error-noscript\">Veuillez activer JavaScript dans votre navigateur pour remplir ce formulaire.<\/div><div class=\"wpforms-field-container\"><div id=\"wpforms-1748-field_0-container\" class=\"wpforms-field wpforms-field-name\" data-field-id=\"0\"><fieldset><legend class=\"wpforms-field-label\">Nom et pr\u00e9nom <span class=\"wpforms-required-label\" aria-hidden=\"true\">*<\/span><\/legend><div class=\"wpforms-field-row wpforms-field-medium\"><div class=\"wpforms-field-row-block wpforms-first wpforms-one-half\"><input type=\"text\" id=\"wpforms-1748-field_0\" class=\"wpforms-field-name-first wpforms-field-required\" name=\"wpforms[fields][0][first]\" aria-errormessage=\"wpforms-1748-field_0-error\" required><label for=\"wpforms-1748-field_0\" class=\"wpforms-field-sublabel after \">Pr\u00e9nom<\/label><\/div><div class=\"wpforms-field-row-block wpforms-one-half\"><input type=\"text\" id=\"wpforms-1748-field_0-last\" class=\"wpforms-field-name-last wpforms-field-required\" name=\"wpforms[fields][0][last]\" aria-errormessage=\"wpforms-1748-field_0-last-error\" required><label for=\"wpforms-1748-field_0-last\" class=\"wpforms-field-sublabel after \">Nom<\/label><\/div><\/div><\/fieldset><\/div><div id=\"wpforms-1748-field_1-container\" class=\"wpforms-field wpforms-field-email\" data-field-id=\"1\"><label class=\"wpforms-field-label\" for=\"wpforms-1748-field_1\">Email <span class=\"wpforms-required-label\" aria-hidden=\"true\">*<\/span><\/label><input type=\"email\" id=\"wpforms-1748-field_1\" class=\"wpforms-field-medium wpforms-field-required\" name=\"wpforms[fields][1]\" spellcheck=\"false\" aria-errormessage=\"wpforms-1748-field_1-error\" required><\/div><div id=\"wpforms-1748-field_4-container\" class=\"wpforms-field wpforms-field-select wpforms-field-select-style-classic\" data-field-id=\"4\"><label class=\"wpforms-field-label\" for=\"wpforms-1748-field_4\">Type de demande<\/label><select id=\"wpforms-1748-field_4\" class=\"wpforms-field-medium\" name=\"wpforms[fields][4]\"><option value=\"Contact - B\u00e9n\u00e9vole\" >Contact - B\u00e9n\u00e9vole<\/option><option value=\"Prestation\" >Prestation<\/option><option value=\"Autre\" >Autre<\/option><\/select><\/div><div id=\"wpforms-1748-field_2-container\" class=\"wpforms-field wpforms-field-textarea\" data-field-id=\"2\"><label class=\"wpforms-field-label\" for=\"wpforms-1748-field_2\">Message <span class=\"wpforms-required-label\" aria-hidden=\"true\">*<\/span><\/label><textarea id=\"wpforms-1748-field_2\" class=\"wpforms-field-medium wpforms-field-required\" name=\"wpforms[fields][2]\" aria-errormessage=\"wpforms-1748-field_2-error\" required><\/textarea><\/div><\/div><!-- .wpforms-field-container --><div class=\"wpforms-submit-container\" ><input type=\"hidden\" name=\"wpforms[id]\" value=\"1748\"><input type=\"hidden\" name=\"wpforms[author]\" value=\"1\"><button type=\"submit\" name=\"wpforms[submit]\" id=\"wpforms-submit-1748\" class=\"wpforms-submit\" data-alt-text=\"Sending...\" data-submit-text=\"Submit\" aria-live=\"assertive\" value=\"wpforms-submit\">Submit<\/button><img src=\"https:\/\/soleil-levant-asso.fr\/wp-content\/plugins\/wpforms-lite\/assets\/images\/submit-spin.svg\" class=\"wpforms-submit-spinner\" style=\"display: none;\" width=\"26\" height=\"26\" alt=\"Chargement en cours\"><\/div><\/form><\/div>  <!-- .wpforms-container -->\n\n\n<p class=\"has-medium-font-size\"><strong>Ou par t\u00e9l\u00e9phone au : <a href=\"https:\/\/www.google.com\/search?client=firefox-b-d&amp;q=association+soleil+levant#\">06 84 59 85 16<\/a><\/strong><\/p>\n","protected":false},"excerpt":{"rendered":"<p>Nous contacter Ou par t\u00e9l\u00e9phone au : 06 84 59 85 16<\/p>\n","protected":false},"author":1,"featured_media":0,"parent":0,"menu_order":0,"comment_status":"closed","ping_status":"closed","template":"","meta":[],"_links":{"self":[{"href":"https:\/\/soleil-levant-asso.fr\/index.php?rest_route=\/wp\/v2\/pages\/1751"}],"collection":[{"href":"https:\/\/soleil-levant-asso.fr\/index.php?rest_route=\/wp\/v2\/pages"}],"about":[{"href":"https:\/\/soleil-levant-asso.fr\/index.php?rest_route=\/wp\/v2\/types\/page"}],"author":[{"embeddable":true,"href":"https:\/\/soleil-levant-asso.fr\/index.php?rest_route=\/wp\/v2\/users\/1"}],"replies":[{"embeddable":true,"href":"https:\/\/soleil-levant-asso.fr\/index.php?rest_route=%2Fwp%2Fv2%2Fcomments&post=1751"}],"version-history":[{"count":7,"href":"https:\/\/soleil-levant-asso.fr\/index.php?rest_route=\/wp\/v2\/pages\/1751\/revisions"}],"predecessor-version":[{"id":3251,"href":"https:\/\/soleil-levant-asso.fr\/index.php?rest_route=\/wp\/v2\/pages\/1751\/revisions\/3251"}],"wp:attachment":[{"href":"https:\/\/soleil-levant-asso.fr\/index.php?rest_route=%2Fwp%2Fv2%2Fmedia&parent=1751"}],"curies":[{"name":"wp","href":"https:\/\/api.w.org\/{rel}","templated":true}]}}