{"id":1731,"date":"2023-07-20T12:15:50","date_gmt":"2023-07-20T10:15:50","guid":{"rendered":"http:\/\/soleil-levant-asso.fr\/\/?page_id=1731"},"modified":"2024-05-09T11:23:22","modified_gmt":"2024-05-09T09:23:22","slug":"prestation-2","status":"publish","type":"page","link":"https:\/\/soleil-levant-asso.fr\/?page_id=1731","title":{"rendered":"Origami"},"content":{"rendered":"\n<div class=\"wp-block-columns is-layout-flex wp-container-6\">\n<div class=\"wp-block-column is-layout-flow\" style=\"flex-basis:66.66%\">\n<p>Tu recherches une activit\u00e9 manuelle, cr\u00e9atif et ludique ? <\/p>\n\n\n\n<p>Connais-tu l\u2019origami ?<\/p>\n\n\n\n<hr class=\"wp-block-separator has-alpha-channel-opacity\"\/>\n\n\n\n<p><strong>K\u00e9sado ?<\/strong><\/p>\n\n\n\n<p>L\u2019origami est originaire de Chine et a \u00e9t\u00e9 import\u00e9 au Japon au 17\u00e8me si\u00e8cle par un moine bouddhiste.<\/p>\n\n\n\n<p>Le terme \u201corigami\u201d en japonais vient du verbe \u201coru\u201d (plier) et du mot \u201ckami\u201d (papier). Il d\u00e9signe litt\u00e9ralement le \u201cpliage de papier\u201d.<\/p>\n\n\n\n<p>Initialement utilis\u00e9 lors c\u00e9r\u00e9monies religieuses, il s\u2019est diffus\u00e9 dans le monde \u00e0 partir du 18\u00e8me si\u00e8cle sous le terme \u201corigami\u201d.<\/p>\n\n\n\n<p>Aujourd\u2019hui, l\u2019origami est une activit\u00e9 manuelle populaire qui est devenue une activit\u00e9 ludique pour les enfants mais aussi artistiques (ex. Jean-Claude CORREIA, Eric JOISEL, Akira YOSHIZAWA, etc.).<\/p>\n\n\n\n<p>Une association \u201c<a href=\"https:\/\/mfpp-origami.fr\/lassociation\/\">Mouvement fran\u00e7ais des plieurs de papier<\/a>\u201d a \u00e9t\u00e9 cr\u00e9\u00e9 en France en 1978 par Jean-Claude CORREIA pour promouvoir l\u2019origami comme un loisir, une expression artistique, Object historique et de recherche.<\/p>\n\n\n\n<hr class=\"wp-block-separator has-alpha-channel-opacity\"\/>\n\n\n\n<p><strong>Le principe ?<\/strong><\/p>\n\n\n\n<p>A partir d\u2019un seul carr\u00e9 de papier et d\u2019une succession de plus pr\u00e9d\u00e9finis, nous pouvons donc r\u00e9aliser plusieurs repr\u00e9sentations figuratifs : animaux, fleurs, personnages, d\u00e9coration etc.<\/p>\n\n\n\n<p>Pour des formes plus complexes, il est possible de varier la forme du papier, de r\u00e9aliser des d\u00e9coupes\/du collages ou d\u2019assembler diff\u00e9rents pliages (origami modulaire ou compos\u00e9).<\/p>\n\n\n\n<p><\/p>\n<\/div>\n\n\n\n<div class=\"wp-block-column is-layout-flow\"><\/div>\n\n\n\n<div class=\"wp-block-column is-layout-flow\" style=\"flex-basis:33.33%\">\n<figure class=\"wp-block-gallery has-nested-images columns-1 is-cropped wp-block-gallery-3 is-layout-flex\">\n<figure class=\"wp-block-image size-large\"><img decoding=\"async\" loading=\"lazy\" width=\"720\" height=\"480\" src=\"http:\/\/soleil-levant-asso.fr\/wp-content\/uploads\/2023\/08\/Origami_277795736_4746231445498950_3340311751667362030_n.jpg\" alt=\"\" class=\"wp-image-2299\" srcset=\"https:\/\/soleil-levant-asso.fr\/wp-content\/uploads\/2023\/08\/Origami_277795736_4746231445498950_3340311751667362030_n.jpg 720w, https:\/\/soleil-levant-asso.fr\/wp-content\/uploads\/2023\/08\/Origami_277795736_4746231445498950_3340311751667362030_n-300x200.jpg 300w\" sizes=\"(max-width: 720px) 100vw, 720px\" \/><figcaption class=\"wp-element-caption\">Origami<\/figcaption><\/figure>\n\n\n\n<figure class=\"wp-block-image size-large\"><img decoding=\"async\" loading=\"lazy\" width=\"1024\" height=\"1024\" src=\"http:\/\/soleil-levant-asso.fr\/wp-content\/uploads\/2023\/09\/Origami-1-1024x1024.png\" alt=\"\" class=\"wp-image-2380\" srcset=\"https:\/\/soleil-levant-asso.fr\/wp-content\/uploads\/2023\/09\/Origami-1-1024x1024.png 1024w, https:\/\/soleil-levant-asso.fr\/wp-content\/uploads\/2023\/09\/Origami-1-300x300.png 300w, https:\/\/soleil-levant-asso.fr\/wp-content\/uploads\/2023\/09\/Origami-1-150x150.png 150w, https:\/\/soleil-levant-asso.fr\/wp-content\/uploads\/2023\/09\/Origami-1-768x768.png 768w, https:\/\/soleil-levant-asso.fr\/wp-content\/uploads\/2023\/09\/Origami-1-230x230.png 230w, https:\/\/soleil-levant-asso.fr\/wp-content\/uploads\/2023\/09\/Origami-1-330x330.png 330w, https:\/\/soleil-levant-asso.fr\/wp-content\/uploads\/2023\/09\/Origami-1.png 1080w\" sizes=\"(max-width: 1024px) 100vw, 1024px\" \/><\/figure>\n<\/figure>\n<\/div>\n<\/div>\n\n\n\n<figure class=\"wp-block-gallery has-nested-images columns-5 is-cropped wp-block-gallery-7 is-layout-flex\">\n<figure class=\"wp-block-image size-thumbnail\"><img decoding=\"async\" loading=\"lazy\" width=\"150\" height=\"150\" data-id=\"2300\"  src=\"https:\/\/soleil-levant-asso.fr\/wp-content\/uploads\/2023\/08\/Origami_278223302_4746231275498967_3603729233377330493_n-150x150.jpg\" alt=\"\" class=\"wp-image-2300\" srcset=\"https:\/\/soleil-levant-asso.fr\/wp-content\/uploads\/2023\/08\/Origami_278223302_4746231275498967_3603729233377330493_n-150x150.jpg 150w, https:\/\/soleil-levant-asso.fr\/wp-content\/uploads\/2023\/08\/Origami_278223302_4746231275498967_3603729233377330493_n-230x230.jpg 230w, https:\/\/soleil-levant-asso.fr\/wp-content\/uploads\/2023\/08\/Origami_278223302_4746231275498967_3603729233377330493_n-330x330.jpg 330w\" sizes=\"(max-width: 150px) 100vw, 150px\" \/><figcaption class=\"wp-element-caption\">Origami<\/figcaption><\/figure>\n\n\n\n<figure class=\"wp-block-image size-thumbnail\"><img decoding=\"async\" loading=\"lazy\" width=\"150\" height=\"150\" data-id=\"3157\"  src=\"https:\/\/soleil-levant-asso.fr\/wp-content\/uploads\/2024\/05\/mardi-20231205_213026-150x150.webp\" alt=\"\" class=\"wp-image-3157\" srcset=\"https:\/\/soleil-levant-asso.fr\/wp-content\/uploads\/2024\/05\/mardi-20231205_213026-150x150.webp 150w, https:\/\/soleil-levant-asso.fr\/wp-content\/uploads\/2024\/05\/mardi-20231205_213026-230x230.webp 230w, https:\/\/soleil-levant-asso.fr\/wp-content\/uploads\/2024\/05\/mardi-20231205_213026-330x330.webp 330w\" sizes=\"(max-width: 150px) 100vw, 150px\" \/><\/figure>\n\n\n\n<figure class=\"wp-block-image size-large is-style-default\"><img decoding=\"async\" loading=\"lazy\" width=\"1277\" height=\"958\" data-id=\"979\"  src=\"http:\/\/soleil-levant-asso.fr\/wp-content\/uploads\/2017\/06\/Bibliotheque-St-Sylvain-Soleil-Levant-24.jpg\" alt=\"origami Biblioth\u00e8que St Sylvain Soleil Levant\" class=\"wp-image-979\"\/><\/figure>\n\n\n\n<figure class=\"wp-block-image size-thumbnail\"><img decoding=\"async\" loading=\"lazy\" width=\"150\" height=\"150\" data-id=\"3026\"  src=\"https:\/\/soleil-levant-asso.fr\/wp-content\/uploads\/2024\/05\/angersgeekfestIMG20240406104424-150x150.webp\" alt=\"\" class=\"wp-image-3026\" srcset=\"https:\/\/soleil-levant-asso.fr\/wp-content\/uploads\/2024\/05\/angersgeekfestIMG20240406104424-150x150.webp 150w, https:\/\/soleil-levant-asso.fr\/wp-content\/uploads\/2024\/05\/angersgeekfestIMG20240406104424-230x230.webp 230w, https:\/\/soleil-levant-asso.fr\/wp-content\/uploads\/2024\/05\/angersgeekfestIMG20240406104424-330x330.webp 330w\" sizes=\"(max-width: 150px) 100vw, 150px\" \/><figcaption class=\"wp-element-caption\">Atelier Origami \u00e0 l&rsquo;Angers Geekfest<\/figcaption><\/figure>\n\n\n\n<figure class=\"wp-block-image size-large\"><img decoding=\"async\" loading=\"lazy\" width=\"1106\" height=\"829\" data-id=\"976\"  src=\"http:\/\/soleil-levant-asso.fr\/wp-content\/uploads\/2017\/06\/Bibliotheque-St-Sylvain-Soleil-Levant-6.jpg\" alt=\"origami Biblioth\u00e8que St Sylvain Soleil Levant\" class=\"wp-image-976\"\/><\/figure>\n<\/figure>\n\n\n\n<hr class=\"wp-block-separator has-alpha-channel-opacity\"\/>\n\n\n\n<p class=\"has-white-color has-text-color\"><strong>Tarif : 60<\/strong><\/p>\n\n\n\n<div class=\"wp-block-columns is-layout-flex wp-container-12\">\n<div class=\"wp-block-column is-layout-flow\">\n<div class=\"wp-block-group is-layout-constrained\"><div class=\"wp-block-group__inner-container\">\n<p class=\"has-text-align-center has-black-color has-text-color has-background has-medium-font-size\" style=\"background-color:#fea98c\"><strong>ACTIVITE DE SOLEIL LEVANT<\/strong><\/p>\n\n\n\n<hr class=\"wp-block-separator has-alpha-channel-opacity\"\/>\n\n\n\n<p>Dans le cadre des activit\u00e9s de l&rsquo;association (tous les mardis soir de 19H \u00e0 23H \u00e0 la maison de quartier Quart&rsquo;Ney) nous organisons \u00e0 la demande des ateliers d&rsquo;origami ! <\/p>\n<\/div><\/div>\n\n\n\n<p>L&rsquo;occasion de t&rsquo;initier ou de te perfectionner dans l&rsquo;art du pliage de papier avec des passionn\u00e9s ! <\/p>\n<\/div>\n\n\n\n<div class=\"wp-block-column is-layout-flow\">\n<p class=\"has-text-align-center has-white-color has-text-color has-background has-medium-font-size\" style=\"background-color:#a11513\"><strong>PRESTATION<\/strong><\/p>\n\n\n\n<hr class=\"wp-block-separator has-alpha-channel-opacity\"\/>\n\n\n\n<p class=\"has-text-align-left\">Dans le cadre d&rsquo;un \u00e9v\u00e9nement (soir\u00e9e, anniversaires, salon etc.) nous proposons un atelier d&rsquo;initiation \u00e0 l&rsquo;origami pour petits et grands !<\/p>\n\n\n\n<p>L&rsquo;occasion de r\u00e9aliser avec tes invit\u00e9.e.s une activit\u00e9 originale, manuelle, ludique ! <\/p>\n\n\n\n<hr class=\"wp-block-separator has-alpha-channel-opacity\"\/>\n\n\n\n<p><strong>Tarif : 60 \u20ac<\/strong> (tarif d\u00e9gressif selon la dur\u00e9e de l&rsquo;activit\u00e9 (+ de 4H) et\/ou le nombre d&rsquo;activit\u00e9 souhait\u00e9)<\/p>\n\n\n\n<p>Comprend : <\/p>\n\n\n\n<ul>\n<li style=\"font-size:15px\">Equipement : Mat\u00e9riel + Mod\u00e8les<\/li>\n\n\n\n<li style=\"font-size:15px\">Installation \/ D\u00e9montage de l&rsquo;activit\u00e9<\/li>\n\n\n\n<li style=\"font-size:15px\">Animation<\/li>\n\n\n\n<li style=\"font-size:15px\">Dur\u00e9e : 1H \u00e0 4H<\/li>\n<\/ul>\n\n\n\n<p>Ne comprend pas : les frais kilom\u00e9triques<\/p>\n\n\n\n<p><\/p>\n<\/div>\n<\/div>\n\n\n\n<div class=\"wp-block-buttons is-content-justification-center is-layout-flex wp-container-13\">\n<div class=\"wp-block-button\"><a class=\"wp-block-button__link wp-element-button\">Pour en savoir plus<\/a><\/div>\n<\/div>\n","protected":false},"excerpt":{"rendered":"<p>Tu recherches une activit\u00e9 manuelle, cr\u00e9atif et ludique ? Connais-tu l\u2019origami ? K\u00e9sado ? L\u2019origami est originaire de Chine et a \u00e9t\u00e9 import\u00e9 au Japon au 17\u00e8me si\u00e8cle par un moine bouddhiste. Le terme \u201corigami\u201d en japonais vient du verbe<\/p>\n","protected":false},"author":3,"featured_media":2380,"parent":0,"menu_order":0,"comment_status":"closed","ping_status":"closed","template":"","meta":[],"_links":{"self":[{"href":"https:\/\/soleil-levant-asso.fr\/index.php?rest_route=\/wp\/v2\/pages\/1731"}],"collection":[{"href":"https:\/\/soleil-levant-asso.fr\/index.php?rest_route=\/wp\/v2\/pages"}],"about":[{"href":"https:\/\/soleil-levant-asso.fr\/index.php?rest_route=\/wp\/v2\/types\/page"}],"author":[{"embeddable":true,"href":"https:\/\/soleil-levant-asso.fr\/index.php?rest_route=\/wp\/v2\/users\/3"}],"replies":[{"embeddable":true,"href":"https:\/\/soleil-levant-asso.fr\/index.php?rest_route=%2Fwp%2Fv2%2Fcomments&post=1731"}],"version-history":[{"count":15,"href":"https:\/\/soleil-levant-asso.fr\/index.php?rest_route=\/wp\/v2\/pages\/1731\/revisions"}],"predecessor-version":[{"id":3200,"href":"https:\/\/soleil-levant-asso.fr\/index.php?rest_route=\/wp\/v2\/pages\/1731\/revisions\/3200"}],"wp:featuredmedia":[{"embeddable":true,"href":"https:\/\/soleil-levant-asso.fr\/index.php?rest_route=\/wp\/v2\/media\/2380"}],"wp:attachment":[{"href":"https:\/\/soleil-levant-asso.fr\/index.php?rest_route=%2Fwp%2Fv2%2Fmedia&parent=1731"}],"curies":[{"name":"wp","href":"https:\/\/api.w.org\/{rel}","templated":true}]}}